{"id":44059,"date":"2022-01-05T12:25:22","date_gmt":"2022-01-05T12:25:22","guid":{"rendered":"https:\/\/mailrelay.com\/politica-de-privacidad\/"},"modified":"2026-02-17T08:09:36","modified_gmt":"2026-02-17T08:09:36","slug":"politica-de-privacidad","status":"publish","type":"page","link":"https:\/\/mailrelay.com\/es\/politica-de-privacidad\/","title":{"rendered":"Pol\u00edtica de privacidad &amp; Cookies"},"content":{"rendered":"\n<h2 class=\"wp-block-heading\">Informaci\u00f3n general<\/h2>\n\n\n\n<p>CPC Servicios Inform\u00e1ticos Aplicados a Nuevas Tecnolog\u00edas S.L. (en adelante \u00abMAILRELAY\u00bb) es titular del sitio web <a href=\"https:\/\/mailrelay.com\/es\/\">https:\/\/mailrelay.com<\/a> (en adelante \u201cWEBSITE\u201d), con domicilio social en C\/ Nardo, 12 28250 \u2013 Torrelodones \u2013 Madrid \u2013 Espa\u00f1a, y NIF ESB83964601. Este WEBSITE est\u00e1 destinado a promocionar y comunicar su herramienta de email marketing.<\/p>\n\n\n\n<p>MAILRELAY garantiza la protecci\u00f3n de todos los datos de car\u00e1cter personal que proporcione el usuario a trav\u00e9s de este WEBSITE y, en cumplimiento del Reglamento General de Protecci\u00f3n de Datos (RGPD 2016\/679 del Parlamento Europeo y del Consejo, de 27 de abril de 2016) y la Ley Org\u00e1nica 3\/2018 de 5 de diciembre de Protecci\u00f3n de Datos Personales y Garant\u00eda de los Derechos Digitales (LOPDGDD), le informa de lo siguiente:<\/p>\n\n\n\n<h2 class=\"wp-block-heading\">Tratamiento de datos personales<\/h2>\n\n\n\n<p>A) MAILRELAY, como responsable del tratamiento de los datos, ha creado un fichero denominado \u00abUSUARIOS DE LA P\u00c1GINA WEB\u00bb, registrado en la Agencia Espa\u00f1ola de Protecci\u00f3n de Datos. Los datos ser\u00e1n tratados de acuerdo con la normativa vigente.<\/p>\n\n\n\n<p>B) Los datos personales proporcionados ser\u00e1n tratados con las siguientes finalidades:<br>\u2022 Gesti\u00f3n y resoluci\u00f3n de consultas realizadas a trav\u00e9s del WEBSITE.<br>\u2022 Env\u00edo de comunicaciones comerciales sobre servicios y productos de MAILRELAY por medios electr\u00f3nicos.<br>\u2022 Gesti\u00f3n de actividades y servicios ofrecidos por MAILRELAY.<\/p>\n\n\n\n<p>C) El tratamiento de los datos se basa en el consentimiento otorgado por el usuario al aceptar la pol\u00edtica de privacidad y el uso de cookies.<\/p>\n\n\n\n<p>D) MAILRELAY garantiza la adopci\u00f3n de medidas t\u00e9cnicas y organizativas adecuadas para la protecci\u00f3n de los datos personales, evitando el acceso no autorizado o la p\u00e9rdida de los mismos, conforme al Real Decreto 1720\/2007 de 21 de diciembre.<\/p>\n\n\n\n<p>E) Los datos son almacenados en centros de datos situados en Europa, y en ning\u00fan caso se compartir\u00e1n con terceros sin el previo consentimiento del usuario, salvo obligaci\u00f3n legal.<\/p>\n\n\n\n<p>F) Te garantizamos que cada una de las transacciones realizadas en MAILRELAY es 100% segura. Todas las operaciones que implican la transmisi\u00f3n de datos personales o bancarios se realizan utilizando un entorno seguro. MAILRELAY utiliza un servidor basado en la tecnolog\u00eda de seguridad est\u00e1ndar SSL (SecureSockedLayer). Toda la informaci\u00f3n que nos transmitas viaja cifrada a trav\u00e9s de la red. Asimismo, los datos sobre tu tarjeta de cr\u00e9dito no quedan registrados en ninguna base de datos, sino que van directamente al TPV (Terminal Punto de Venta) del banco. Adem\u00e1s, te informamos que, en un esfuerzo por proporcionar mayor seguridad a los propietarios de tarjetas de cr\u00e9dito, hemos incorporado en nuestra pasarela de pagos el sistema de pago seguro denominado CES (Comercio Electr\u00f3nico Seguro). De esta forma, si eres titular de una tarjeta \u201csecurizada\u201d siempre podr\u00e1 efectuar pagos con tarjeta VISA o MASTERCARD en nuestra tienda. En el caso de que tu tarjeta no est\u00e9 adherida a este sistema de pago, MAILRELAY s\u00f3lo admitir\u00e1 el pago con tarjeta de cr\u00e9dito VISA o MASTERCARD a clientes con antig\u00fcedad y fiabilidad demostradas anteriormente. En ambos casos, al pagar con tarjeta VISA o MASTERCARD se solicitar\u00e1n siempre los siguientes datos: el n\u00famero de tarjeta, la fecha de caducidad, y un C\u00f3digo de Validaci\u00f3n que coincide con las 3 \u00faltimas cifras del n\u00famero impreso en cursiva en el reverso de su tarjeta VISA o MASTERCARD, ofreciendo, de esta forma, m\u00e1s garant\u00edas acerca de la seguridad de la transacci\u00f3n.<\/p>\n\n\n\n<p>Importante: El fraude con tarjeta de cr\u00e9dito es un delito, y MAILRELAY entablar\u00e1 acci\u00f3n judicial contra todo aquel que realice una transacci\u00f3n fraudulenta en nuestra tienda online.<\/p>\n\n\n\n<p>G) Las formas de pago disponibles son tarjeta de cr\u00e9dito o d\u00e9bito (VISA o MASTERCARD), transferencia bancaria, recibo bancario y PayPal.<\/p>\n\n\n\n<p>H) En la recogida y el tratamiento de los datos de car\u00e1cter personal se han adoptado las medidas de seguridad adecuadas para evitar la p\u00e9rdida, el acceso no autorizado o la manipulaci\u00f3n de los mismos, de acuerdo con lo establecido en el Real Decreto 1720\/2007, de 21 de diciembre.<\/p>\n\n\n\n<h2 class=\"wp-block-heading\">Derechos de los usuarios<\/h2>\n\n\n\n<p>Los usuarios tienen derecho a acceder, rectificar, suprimir, limitar el tratamiento, oponerse y portar sus datos personales. Pueden ejercer estos derechos enviando una solicitud firmada, junto con una fotocopia de su DNI, a la direcci\u00f3n de MAILRELAY:<\/p>\n\n\n\n<p><br>C\/ Nardo, 12 28250 \u2013 Torrelodones \u2013 Madrid \u2013 Espa\u00f1a, o mediante correo electr\u00f3nico a <strong>info@mailrelay.com<\/strong>.<\/p>\n\n\n\n<h2 class=\"wp-block-heading\">Pol\u00edtica de Cookies<\/h2>\n\n\n\n<p>MAILRELAY utiliza cookies propias y de terceros en su WEBSITE con la finalidad de mejorar la experiencia del usuario y personalizar el contenido mostrado.<\/p>\n\n\n\n<p><strong>\u00bfQu\u00e9 son las cookies?<\/strong><\/p>\n\n\n\n<p>Las cookies son peque\u00f1os archivos de texto que se almacenan en el dispositivo del usuario cuando visita un sitio web. Permiten recordar preferencias del usuario y mejorar la navegaci\u00f3n.<\/p>\n\n\n\n<p><strong>Tipos de cookies utilizadas en el WEBSITE:<\/strong><\/p>\n\n\n\n<ol start=\"1\" class=\"wp-block-list\">\n<li><strong>Cookies t\u00e9cnicas o necesarias:<\/strong>\n<ul class=\"wp-block-list\">\n<li>Garantizan el correcto funcionamiento del sitio web y el acceso a \u00e1reas seguras. Estas cookies no requieren consentimiento previo.<\/li>\n<\/ul>\n<\/li>\n\n\n\n<li><strong>Cookies de rendimiento:<\/strong>\n<ul class=\"wp-block-list\">\n<li>Nos permiten analizar el uso del sitio y mejorar su rendimiento. Utilizamos servicios como <strong>Google Analytics<\/strong> y <strong>Posthog<\/strong> para recopilar informaci\u00f3n agregada y an\u00f3nima sobre la interacci\u00f3n del usuario con la p\u00e1gina.\n<ul class=\"wp-block-list\">\n<li><strong>Google Analytics:<\/strong> Utiliza un identificador \u00fanico para analizar la actividad del usuario en el sitio.<\/li>\n\n\n\n<li><strong>Posthog:<\/strong> Permite seguir el comportamiento del usuario para mejorar el contenido y la funcionalidad del sitio.<\/li>\n<\/ul>\n<\/li>\n<\/ul>\n<\/li>\n\n\n\n<li><strong>Cookies de segmentaci\u00f3n y publicidad:<\/strong>\n<ul class=\"wp-block-list\">\n<li>Utilizadas para ofrecer publicidad personalizada basada en los intereses del usuario. Estas cookies son gestionadas por terceros como <strong>Google Ads<\/strong>.\n<ul class=\"wp-block-list\">\n<li><strong>Google Ads:<\/strong> Optimiza los anuncios en funci\u00f3n de las b\u00fasquedas previas realizadas en los dominios de Google.<\/li>\n<\/ul>\n<\/li>\n<\/ul>\n<\/li>\n\n\n\n<li><strong>Cookies funcionales:<\/strong>\n<ul class=\"wp-block-list\">\n<li>Estas cookies mejoran la funcionalidad y personalizaci\u00f3n del sitio web, como recordar preferencias o integraciones con servicios externos como <strong>Google Recaptcha<\/strong>, <strong>Freshdesk<\/strong> y <strong>Freshchat<\/strong>.\n<ul class=\"wp-block-list\">\n<li><strong>Google Recaptcha:<\/strong> Protege el sitio contra spam y abusos.<\/li>\n\n\n\n<li><strong>Freshdesk y Freshchat:<\/strong> Herramientas de atenci\u00f3n al cliente que permiten ofrecer asistencia en tiempo real.<\/li>\n<\/ul>\n<\/li>\n<\/ul>\n<\/li>\n<\/ol>\n\n\n\n<p><strong>Gesti\u00f3n de cookies<\/strong><\/p>\n\n\n\n<p>El usuario puede aceptar o rechazar las cookies no esenciales a trav\u00e9s del banner de consentimiento que se muestra al acceder al sitio web. Asimismo, el usuario tiene la opci\u00f3n de configurar su navegador para bloquear o eliminar cookies, aunque esto puede afectar la funcionalidad del sitio.<\/p>\n\n\n\n<p><strong>Revocaci\u00f3n y configuraci\u00f3n de cookies<\/strong><\/p>\n\n\n\n<p>El usuario puede modificar sus preferencias de cookies en cualquier momento desde el apartado de configuraci\u00f3n de cookies del sitio web o desde la configuraci\u00f3n del navegador, consultando la secci\u00f3n de ayuda correspondiente.<\/p>\n","protected":false},"excerpt":{"rendered":"<p>Informaci\u00f3n general CPC Servicios Inform\u00e1ticos Aplicados a Nuevas Tecnolog\u00edas S.L. (en adelante \u00abMAILRELAY\u00bb) es titular del sitio web https:\/\/mailrelay.com (en adelante \u201cWEBSITE\u201d), con domicilio social en C\/ Nardo, 12 28250 \u2013 Torrelodones \u2013 Madrid \u2013 Espa\u00f1a, y NIF ESB83964601. Este WEBSITE est\u00e1 destinado a promocionar y comunicar su herramienta de email marketing. MAILRELAY garantiza la [&hellip;]<\/p>\n","protected":false},"author":1,"featured_media":0,"parent":0,"menu_order":0,"comment_status":"closed","ping_status":"closed","template":"","meta":{"_uag_custom_page_level_css":"","footnotes":"[]"},"class_list":["post-44059","page","type-page","status-publish","hentry"],"yoast_head":"<!-- This site is optimized with the Yoast SEO plugin v27.3 - https:\/\/yoast.com\/product\/yoast-seo-wordpress\/ -->\n<title>\u25ba Pol\u00edtica de Privacidad | Mailrelay<\/title>\n<meta name=\"description\" content=\"Echa un vistazo a nuestra pol\u00edtica de privacidad y comprueba la seguridad de tus datos en Mailrelay\u2705\" \/>\n<meta name=\"robots\" content=\"index, follow, max-snippet:-1, max-image-preview:large, max-video-preview:-1\" \/>\n<link rel=\"canonical\" href=\"https:\/\/mailrelay.com\/es\/politica-de-privacidad\/\" \/>\n<meta property=\"og:locale\" content=\"es_ES\" \/>\n<meta property=\"og:type\" content=\"article\" \/>\n<meta property=\"og:title\" content=\"\u25ba Pol\u00edtica de Privacidad | Mailrelay\" \/>\n<meta property=\"og:description\" content=\"Echa un vistazo a nuestra pol\u00edtica de privacidad y comprueba la seguridad de tus datos en Mailrelay\u2705\" \/>\n<meta property=\"og:url\" content=\"https:\/\/mailrelay.com\/es\/politica-de-privacidad\/\" \/>\n<meta property=\"og:site_name\" content=\"Mailrelay\" \/>\n<meta property=\"article:publisher\" content=\"https:\/\/www.facebook.com\/Mailrelay\/\" \/>\n<meta property=\"article:modified_time\" content=\"2026-02-17T08:09:36+00:00\" \/>\n<meta name=\"twitter:card\" content=\"summary_large_image\" \/>\n<meta name=\"twitter:site\" content=\"@mailrelay\" \/>\n<meta name=\"twitter:label1\" content=\"Tiempo de lectura\" \/>\n\t<meta name=\"twitter:data1\" content=\"5 minutos\" \/>\n<script type=\"application\/ld+json\" class=\"yoast-schema-graph\">{\"@context\":\"https:\\\/\\\/schema.org\",\"@graph\":[{\"@type\":\"WebPage\",\"@id\":\"https:\\\/\\\/mailrelay.com\\\/es\\\/politica-de-privacidad\\\/\",\"url\":\"https:\\\/\\\/mailrelay.com\\\/es\\\/politica-de-privacidad\\\/\",\"name\":\"\u25ba Pol\u00edtica de Privacidad | Mailrelay\",\"isPartOf\":{\"@id\":\"https:\\\/\\\/mailrelay.com\\\/es\\\/#website\"},\"datePublished\":\"2022-01-05T12:25:22+00:00\",\"dateModified\":\"2026-02-17T08:09:36+00:00\",\"description\":\"Echa un vistazo a nuestra pol\u00edtica de privacidad y comprueba la seguridad de tus datos en Mailrelay\u2705\",\"breadcrumb\":{\"@id\":\"https:\\\/\\\/mailrelay.com\\\/es\\\/politica-de-privacidad\\\/#breadcrumb\"},\"inLanguage\":\"es\",\"potentialAction\":[{\"@type\":\"ReadAction\",\"target\":[\"https:\\\/\\\/mailrelay.com\\\/es\\\/politica-de-privacidad\\\/\"]}]},{\"@type\":\"BreadcrumbList\",\"@id\":\"https:\\\/\\\/mailrelay.com\\\/es\\\/politica-de-privacidad\\\/#breadcrumb\",\"itemListElement\":[{\"@type\":\"ListItem\",\"position\":1,\"name\":\"Home\",\"item\":\"https:\\\/\\\/mailrelay.com\\\/es\\\/\"},{\"@type\":\"ListItem\",\"position\":2,\"name\":\"Pol\u00edtica de privacidad &amp; Cookies\"}]},{\"@type\":\"WebSite\",\"@id\":\"https:\\\/\\\/mailrelay.com\\\/es\\\/#website\",\"url\":\"https:\\\/\\\/mailrelay.com\\\/es\\\/\",\"name\":\"Mailrelay\",\"description\":\"Mailrelay.com - Email Marketing Software\",\"publisher\":{\"@id\":\"https:\\\/\\\/mailrelay.com\\\/es\\\/#organization\"},\"potentialAction\":[{\"@type\":\"SearchAction\",\"target\":{\"@type\":\"EntryPoint\",\"urlTemplate\":\"https:\\\/\\\/mailrelay.com\\\/es\\\/?s={search_term_string}\"},\"query-input\":{\"@type\":\"PropertyValueSpecification\",\"valueRequired\":true,\"valueName\":\"search_term_string\"}}],\"inLanguage\":\"es\"},{\"@type\":\"Organization\",\"@id\":\"https:\\\/\\\/mailrelay.com\\\/es\\\/#organization\",\"name\":\"Mailrelay\",\"url\":\"https:\\\/\\\/mailrelay.com\\\/es\\\/\",\"logo\":{\"@type\":\"ImageObject\",\"inLanguage\":\"es\",\"@id\":\"https:\\\/\\\/mailrelay.com\\\/es\\\/#\\\/schema\\\/logo\\\/image\\\/\",\"url\":\"https:\\\/\\\/mailrelay.com\\\/wp-content\\\/uploads\\\/2019\\\/05\\\/mailrelay-logo.jpg\",\"contentUrl\":\"https:\\\/\\\/mailrelay.com\\\/wp-content\\\/uploads\\\/2019\\\/05\\\/mailrelay-logo.jpg\",\"width\":613,\"height\":291,\"caption\":\"Mailrelay\"},\"image\":{\"@id\":\"https:\\\/\\\/mailrelay.com\\\/es\\\/#\\\/schema\\\/logo\\\/image\\\/\"},\"sameAs\":[\"https:\\\/\\\/www.facebook.com\\\/Mailrelay\\\/\",\"https:\\\/\\\/x.com\\\/mailrelay\",\"https:\\\/\\\/www.youtube.com\\\/mailrelay-email-marketing\"]}]}<\/script>\n<!-- \/ Yoast SEO plugin. -->","yoast_head_json":{"title":"\u25ba Pol\u00edtica de Privacidad | Mailrelay","description":"Echa un vistazo a nuestra pol\u00edtica de privacidad y comprueba la seguridad de tus datos en Mailrelay\u2705","robots":{"index":"index","follow":"follow","max-snippet":"max-snippet:-1","max-image-preview":"max-image-preview:large","max-video-preview":"max-video-preview:-1"},"canonical":"https:\/\/mailrelay.com\/es\/politica-de-privacidad\/","og_locale":"es_ES","og_type":"article","og_title":"\u25ba Pol\u00edtica de Privacidad | Mailrelay","og_description":"Echa un vistazo a nuestra pol\u00edtica de privacidad y comprueba la seguridad de tus datos en Mailrelay\u2705","og_url":"https:\/\/mailrelay.com\/es\/politica-de-privacidad\/","og_site_name":"Mailrelay","article_publisher":"https:\/\/www.facebook.com\/Mailrelay\/","article_modified_time":"2026-02-17T08:09:36+00:00","twitter_card":"summary_large_image","twitter_site":"@mailrelay","twitter_misc":{"Tiempo de lectura":"5 minutos"},"schema":{"@context":"https:\/\/schema.org","@graph":[{"@type":"WebPage","@id":"https:\/\/mailrelay.com\/es\/politica-de-privacidad\/","url":"https:\/\/mailrelay.com\/es\/politica-de-privacidad\/","name":"\u25ba Pol\u00edtica de Privacidad | Mailrelay","isPartOf":{"@id":"https:\/\/mailrelay.com\/es\/#website"},"datePublished":"2022-01-05T12:25:22+00:00","dateModified":"2026-02-17T08:09:36+00:00","description":"Echa un vistazo a nuestra pol\u00edtica de privacidad y comprueba la seguridad de tus datos en Mailrelay\u2705","breadcrumb":{"@id":"https:\/\/mailrelay.com\/es\/politica-de-privacidad\/#breadcrumb"},"inLanguage":"es","potentialAction":[{"@type":"ReadAction","target":["https:\/\/mailrelay.com\/es\/politica-de-privacidad\/"]}]},{"@type":"BreadcrumbList","@id":"https:\/\/mailrelay.com\/es\/politica-de-privacidad\/#breadcrumb","itemListElement":[{"@type":"ListItem","position":1,"name":"Home","item":"https:\/\/mailrelay.com\/es\/"},{"@type":"ListItem","position":2,"name":"Pol\u00edtica de privacidad &amp; Cookies"}]},{"@type":"WebSite","@id":"https:\/\/mailrelay.com\/es\/#website","url":"https:\/\/mailrelay.com\/es\/","name":"Mailrelay","description":"Mailrelay.com - Email Marketing Software","publisher":{"@id":"https:\/\/mailrelay.com\/es\/#organization"},"potentialAction":[{"@type":"SearchAction","target":{"@type":"EntryPoint","urlTemplate":"https:\/\/mailrelay.com\/es\/?s={search_term_string}"},"query-input":{"@type":"PropertyValueSpecification","valueRequired":true,"valueName":"search_term_string"}}],"inLanguage":"es"},{"@type":"Organization","@id":"https:\/\/mailrelay.com\/es\/#organization","name":"Mailrelay","url":"https:\/\/mailrelay.com\/es\/","logo":{"@type":"ImageObject","inLanguage":"es","@id":"https:\/\/mailrelay.com\/es\/#\/schema\/logo\/image\/","url":"https:\/\/mailrelay.com\/wp-content\/uploads\/2019\/05\/mailrelay-logo.jpg","contentUrl":"https:\/\/mailrelay.com\/wp-content\/uploads\/2019\/05\/mailrelay-logo.jpg","width":613,"height":291,"caption":"Mailrelay"},"image":{"@id":"https:\/\/mailrelay.com\/es\/#\/schema\/logo\/image\/"},"sameAs":["https:\/\/www.facebook.com\/Mailrelay\/","https:\/\/x.com\/mailrelay","https:\/\/www.youtube.com\/mailrelay-email-marketing"]}]}},"uagb_featured_image_src":{"full":false,"thumbnail":false,"medium":false,"medium_large":false,"large":false,"1536x1536":false,"2048x2048":false,"testimonials":false,"author-image":false,"yarpp-thumbnail":false},"uagb_author_info":{"display_name":"Mailrelay","author_link":"https:\/\/mailrelay.com\/es\/blog\/author\/mailrelay\/"},"uagb_comment_info":0,"uagb_excerpt":"Informaci\u00f3n general CPC Servicios Inform\u00e1ticos Aplicados a Nuevas Tecnolog\u00edas S.L. (en adelante \u00abMAILRELAY\u00bb) es titular del sitio web https:\/\/mailrelay.com (en adelante \u201cWEBSITE\u201d), con domicilio social en C\/ Nardo, 12 28250 \u2013 Torrelodones \u2013 Madrid \u2013 Espa\u00f1a, y NIF ESB83964601. Este WEBSITE est\u00e1 destinado a promocionar y comunicar su herramienta de email marketing. MAILRELAY garantiza la&hellip;","_links":{"self":[{"href":"https:\/\/mailrelay.com\/es\/wp-json\/wp\/v2\/pages\/44059","targetHints":{"allow":["GET"]}}],"collection":[{"href":"https:\/\/mailrelay.com\/es\/wp-json\/wp\/v2\/pages"}],"about":[{"href":"https:\/\/mailrelay.com\/es\/wp-json\/wp\/v2\/types\/page"}],"author":[{"embeddable":true,"href":"https:\/\/mailrelay.com\/es\/wp-json\/wp\/v2\/users\/1"}],"replies":[{"embeddable":true,"href":"https:\/\/mailrelay.com\/es\/wp-json\/wp\/v2\/comments?post=44059"}],"version-history":[{"count":9,"href":"https:\/\/mailrelay.com\/es\/wp-json\/wp\/v2\/pages\/44059\/revisions"}],"predecessor-version":[{"id":88380,"href":"https:\/\/mailrelay.com\/es\/wp-json\/wp\/v2\/pages\/44059\/revisions\/88380"}],"wp:attachment":[{"href":"https:\/\/mailrelay.com\/es\/wp-json\/wp\/v2\/media?parent=44059"}],"curies":[{"name":"wp","href":"https:\/\/api.w.org\/{rel}","templated":true}]}}