{"id":44171,"date":"2022-01-12T11:23:39","date_gmt":"2022-01-12T11:23:39","guid":{"rendered":"https:\/\/mailrelay.com\/por-que-utilizar-mailrelay-para-tu-email-marketing\/"},"modified":"2023-09-08T00:03:44","modified_gmt":"2023-09-08T00:03:44","slug":"sobre-mailrelay","status":"publish","type":"page","link":"https:\/\/mailrelay.com\/es\/sobre-mailrelay\/","title":{"rendered":"Sobre Mailrelay"},"content":{"rendered":"\n<div class=\"wp-block-group site-wrapper\"><div class=\"wp-block-group__inner-container is-layout-flow wp-block-group-is-layout-flow\">\n<p>En el email marketing lo m\u00e1s importante, lo que puede inclinar la balanza hacia el \u00e9xito o el fracaso es que tus emails acaben en la bandeja de spam o en la bandeja de entrada.<\/p>\n\n\n\n<p><strong>Sin embargo, esa no deber\u00eda ser una de tus preocupaciones.<\/strong><\/p>\n\n\n\n<p>Lo que <em>tu negocio necesita<\/em> son ventas y para eso necesitas enfocarte en acciones que ofrezcan alg\u00fan tipo de retorno. Como la captaci\u00f3n de nuevos leads o la preparaci\u00f3n y env\u00edo de mailings y newsletters comerciales.<\/p>\n\n\n\n<p>Para eso Mailrelay cuenta con funciones simples y f\u00e1ciles de usar. Como un editor de arrastrar y soltar, o un generador de formularios. Puedes usar todo sin necesidad de ning\u00fan tipo de experiencia.<\/p>\n\n\n\n<p>Y si <strong>en alg\u00fan momento tienes problemas<\/strong> con la capacidad de entrega de tus correos electr\u00f3nicos, o cualquier otra pregunta, puedes contactar con nuestro equipo de soporte por chat, ticket o tel\u00e9fono.<\/p>\n\n\n\n<p>Eso es exactamente en lo que <strong>Mailrelay puede ayudarte. A resolver esos problemas<\/strong> para que tus campa\u00f1as tengan los resultados que tu empresa necesita.<\/p>\n\n\n<div class=\"wp-block-image\">\n<figure class=\"aligncenter size-full\"><img loading=\"lazy\" decoding=\"async\" width=\"454\" height=\"121\" src=\"https:\/\/mailrelay.com\/wp-content\/uploads\/2022\/01\/resenas-de-google-1.png\" alt=\"\" class=\"wp-image-44256\" srcset=\"https:\/\/mailrelay.com\/wp-content\/uploads\/2022\/01\/resenas-de-google-1.png 454w, https:\/\/mailrelay.com\/wp-content\/uploads\/2022\/01\/resenas-de-google-1-300x80.png 300w, https:\/\/mailrelay.com\/wp-content\/uploads\/2022\/01\/resenas-de-google-1-110x29.png 110w\" sizes=\"auto, (max-width: 454px) 100vw, 454px\" \/><\/figure>\n<\/div>\n\n\n<h2 class=\"wp-block-heading\">\u00bfNo crees que ser\u00eda m\u00e1s f\u00e1cil obtener resultados en tus env\u00edos con nuestra ayuda?<\/h2>\n\n\n\n<p>Lo es.<\/p>\n\n\n\n<p>Y para que puedas comprobarlo sin riesgo ni compromiso, hemos creado la mayor cuenta gratuita de email marketing.<\/p>\n\n\n\n<p>Crea tu cuenta gratis, pru\u00e9balo. Incluye el mismo soporte que las cuentas de pago, las mismas funciones, es id\u00e9ntica. Te permite enviar hasta 80.000 correos electr\u00f3nicos gratuitos al mes.<\/p>\n\n\n\n<p><strong>\u00bfEst\u00e1s seguro de que tu negocio no puede aprovechar el env\u00edo de algunos mailings sin coste alguno?<\/strong><\/p>\n<\/div><\/div>\n\n\n\n<p><\/p>\n","protected":false},"excerpt":{"rendered":"<p>En el email marketing lo m\u00e1s importante, lo que puede inclinar la balanza hacia el \u00e9xito o el fracaso es que tus emails acaben en la bandeja de spam o en la bandeja de entrada. Sin embargo, esa no deber\u00eda ser una de tus preocupaciones. Lo que tu negocio necesita son ventas y para eso [&hellip;]<\/p>\n","protected":false},"author":1,"featured_media":0,"parent":0,"menu_order":0,"comment_status":"closed","ping_status":"closed","template":"","meta":{"_uag_custom_page_level_css":"","footnotes":""},"class_list":["post-44171","page","type-page","status-publish","hentry"],"yoast_head":"<!-- This site is optimized with the Yoast SEO plugin v27.3 - https:\/\/yoast.com\/product\/yoast-seo-wordpress\/ -->\n<title>\u25ba \u00bfQu\u00e9 es Mailrelay? Todo sobre Nosotros | Mailrelay<\/title>\n<meta name=\"description\" content=\"\u25ba Con\u00f3cenos un poco m\u00e1s y descubre la historia detr\u00e1s de la herramienta con la mayor cuenta de email marketing gratis \u2705 \u00a1Inf\u00f3rmate aqu\u00ed!\" \/>\n<meta name=\"robots\" content=\"index, follow, max-snippet:-1, max-image-preview:large, max-video-preview:-1\" \/>\n<link rel=\"canonical\" href=\"https:\/\/mailrelay.com\/es\/sobre-mailrelay\/\" \/>\n<meta property=\"og:locale\" content=\"es_ES\" \/>\n<meta property=\"og:type\" content=\"article\" \/>\n<meta property=\"og:title\" content=\"\u25ba \u00bfQu\u00e9 es Mailrelay? Todo sobre Nosotros | Mailrelay\" \/>\n<meta property=\"og:description\" content=\"\u25ba Con\u00f3cenos un poco m\u00e1s y descubre la historia detr\u00e1s de la herramienta con la mayor cuenta de email marketing gratis \u2705 \u00a1Inf\u00f3rmate aqu\u00ed!\" \/>\n<meta property=\"og:url\" content=\"https:\/\/mailrelay.com\/es\/sobre-mailrelay\/\" \/>\n<meta property=\"og:site_name\" content=\"Mailrelay\" \/>\n<meta property=\"article:publisher\" content=\"https:\/\/www.facebook.com\/Mailrelay\/\" \/>\n<meta property=\"article:modified_time\" content=\"2023-09-08T00:03:44+00:00\" \/>\n<meta property=\"og:image\" content=\"https:\/\/mailrelay.com\/wp-content\/uploads\/2022\/01\/resenas-de-google-1.png\" \/>\n<meta name=\"twitter:card\" content=\"summary_large_image\" \/>\n<meta name=\"twitter:site\" content=\"@mailrelay\" \/>\n<meta name=\"twitter:label1\" content=\"Tiempo de lectura\" \/>\n\t<meta name=\"twitter:data1\" content=\"2 minutos\" \/>\n<script type=\"application\/ld+json\" class=\"yoast-schema-graph\">{\"@context\":\"https:\\\/\\\/schema.org\",\"@graph\":[{\"@type\":\"WebPage\",\"@id\":\"https:\\\/\\\/mailrelay.com\\\/es\\\/sobre-mailrelay\\\/\",\"url\":\"https:\\\/\\\/mailrelay.com\\\/es\\\/sobre-mailrelay\\\/\",\"name\":\"\u25ba \u00bfQu\u00e9 es Mailrelay? Todo sobre Nosotros | Mailrelay\",\"isPartOf\":{\"@id\":\"https:\\\/\\\/mailrelay.com\\\/es\\\/#website\"},\"primaryImageOfPage\":{\"@id\":\"https:\\\/\\\/mailrelay.com\\\/es\\\/sobre-mailrelay\\\/#primaryimage\"},\"image\":{\"@id\":\"https:\\\/\\\/mailrelay.com\\\/es\\\/sobre-mailrelay\\\/#primaryimage\"},\"thumbnailUrl\":\"https:\\\/\\\/mailrelay.com\\\/wp-content\\\/uploads\\\/2022\\\/01\\\/resenas-de-google-1.png\",\"datePublished\":\"2022-01-12T11:23:39+00:00\",\"dateModified\":\"2023-09-08T00:03:44+00:00\",\"description\":\"\u25ba Con\u00f3cenos un poco m\u00e1s y descubre la historia detr\u00e1s de la herramienta con la mayor cuenta de email marketing gratis \u2705 \u00a1Inf\u00f3rmate aqu\u00ed!\",\"breadcrumb\":{\"@id\":\"https:\\\/\\\/mailrelay.com\\\/es\\\/sobre-mailrelay\\\/#breadcrumb\"},\"inLanguage\":\"es\",\"potentialAction\":[{\"@type\":\"ReadAction\",\"target\":[\"https:\\\/\\\/mailrelay.com\\\/es\\\/sobre-mailrelay\\\/\"]}]},{\"@type\":\"ImageObject\",\"inLanguage\":\"es\",\"@id\":\"https:\\\/\\\/mailrelay.com\\\/es\\\/sobre-mailrelay\\\/#primaryimage\",\"url\":\"https:\\\/\\\/mailrelay.com\\\/wp-content\\\/uploads\\\/2022\\\/01\\\/resenas-de-google-1.png\",\"contentUrl\":\"https:\\\/\\\/mailrelay.com\\\/wp-content\\\/uploads\\\/2022\\\/01\\\/resenas-de-google-1.png\"},{\"@type\":\"BreadcrumbList\",\"@id\":\"https:\\\/\\\/mailrelay.com\\\/es\\\/sobre-mailrelay\\\/#breadcrumb\",\"itemListElement\":[{\"@type\":\"ListItem\",\"position\":1,\"name\":\"Home\",\"item\":\"https:\\\/\\\/mailrelay.com\\\/es\\\/\"},{\"@type\":\"ListItem\",\"position\":2,\"name\":\"Sobre Mailrelay\"}]},{\"@type\":\"WebSite\",\"@id\":\"https:\\\/\\\/mailrelay.com\\\/es\\\/#website\",\"url\":\"https:\\\/\\\/mailrelay.com\\\/es\\\/\",\"name\":\"Mailrelay\",\"description\":\"Mailrelay.com - Email Marketing Software\",\"publisher\":{\"@id\":\"https:\\\/\\\/mailrelay.com\\\/es\\\/#organization\"},\"potentialAction\":[{\"@type\":\"SearchAction\",\"target\":{\"@type\":\"EntryPoint\",\"urlTemplate\":\"https:\\\/\\\/mailrelay.com\\\/es\\\/?s={search_term_string}\"},\"query-input\":{\"@type\":\"PropertyValueSpecification\",\"valueRequired\":true,\"valueName\":\"search_term_string\"}}],\"inLanguage\":\"es\"},{\"@type\":\"Organization\",\"@id\":\"https:\\\/\\\/mailrelay.com\\\/es\\\/#organization\",\"name\":\"Mailrelay\",\"url\":\"https:\\\/\\\/mailrelay.com\\\/es\\\/\",\"logo\":{\"@type\":\"ImageObject\",\"inLanguage\":\"es\",\"@id\":\"https:\\\/\\\/mailrelay.com\\\/es\\\/#\\\/schema\\\/logo\\\/image\\\/\",\"url\":\"https:\\\/\\\/mailrelay.com\\\/wp-content\\\/uploads\\\/2019\\\/05\\\/mailrelay-logo.jpg\",\"contentUrl\":\"https:\\\/\\\/mailrelay.com\\\/wp-content\\\/uploads\\\/2019\\\/05\\\/mailrelay-logo.jpg\",\"width\":613,\"height\":291,\"caption\":\"Mailrelay\"},\"image\":{\"@id\":\"https:\\\/\\\/mailrelay.com\\\/es\\\/#\\\/schema\\\/logo\\\/image\\\/\"},\"sameAs\":[\"https:\\\/\\\/www.facebook.com\\\/Mailrelay\\\/\",\"https:\\\/\\\/x.com\\\/mailrelay\",\"https:\\\/\\\/www.youtube.com\\\/mailrelay-email-marketing\"]}]}<\/script>\n<!-- \/ Yoast SEO plugin. -->","yoast_head_json":{"title":"\u25ba \u00bfQu\u00e9 es Mailrelay? Todo sobre Nosotros | Mailrelay","description":"\u25ba Con\u00f3cenos un poco m\u00e1s y descubre la historia detr\u00e1s de la herramienta con la mayor cuenta de email marketing gratis \u2705 \u00a1Inf\u00f3rmate aqu\u00ed!","robots":{"index":"index","follow":"follow","max-snippet":"max-snippet:-1","max-image-preview":"max-image-preview:large","max-video-preview":"max-video-preview:-1"},"canonical":"https:\/\/mailrelay.com\/es\/sobre-mailrelay\/","og_locale":"es_ES","og_type":"article","og_title":"\u25ba \u00bfQu\u00e9 es Mailrelay? Todo sobre Nosotros | Mailrelay","og_description":"\u25ba Con\u00f3cenos un poco m\u00e1s y descubre la historia detr\u00e1s de la herramienta con la mayor cuenta de email marketing gratis \u2705 \u00a1Inf\u00f3rmate aqu\u00ed!","og_url":"https:\/\/mailrelay.com\/es\/sobre-mailrelay\/","og_site_name":"Mailrelay","article_publisher":"https:\/\/www.facebook.com\/Mailrelay\/","article_modified_time":"2023-09-08T00:03:44+00:00","og_image":[{"url":"https:\/\/mailrelay.com\/wp-content\/uploads\/2022\/01\/resenas-de-google-1.png","type":"","width":"","height":""}],"twitter_card":"summary_large_image","twitter_site":"@mailrelay","twitter_misc":{"Tiempo de lectura":"2 minutos"},"schema":{"@context":"https:\/\/schema.org","@graph":[{"@type":"WebPage","@id":"https:\/\/mailrelay.com\/es\/sobre-mailrelay\/","url":"https:\/\/mailrelay.com\/es\/sobre-mailrelay\/","name":"\u25ba \u00bfQu\u00e9 es Mailrelay? Todo sobre Nosotros | Mailrelay","isPartOf":{"@id":"https:\/\/mailrelay.com\/es\/#website"},"primaryImageOfPage":{"@id":"https:\/\/mailrelay.com\/es\/sobre-mailrelay\/#primaryimage"},"image":{"@id":"https:\/\/mailrelay.com\/es\/sobre-mailrelay\/#primaryimage"},"thumbnailUrl":"https:\/\/mailrelay.com\/wp-content\/uploads\/2022\/01\/resenas-de-google-1.png","datePublished":"2022-01-12T11:23:39+00:00","dateModified":"2023-09-08T00:03:44+00:00","description":"\u25ba Con\u00f3cenos un poco m\u00e1s y descubre la historia detr\u00e1s de la herramienta con la mayor cuenta de email marketing gratis \u2705 \u00a1Inf\u00f3rmate aqu\u00ed!","breadcrumb":{"@id":"https:\/\/mailrelay.com\/es\/sobre-mailrelay\/#breadcrumb"},"inLanguage":"es","potentialAction":[{"@type":"ReadAction","target":["https:\/\/mailrelay.com\/es\/sobre-mailrelay\/"]}]},{"@type":"ImageObject","inLanguage":"es","@id":"https:\/\/mailrelay.com\/es\/sobre-mailrelay\/#primaryimage","url":"https:\/\/mailrelay.com\/wp-content\/uploads\/2022\/01\/resenas-de-google-1.png","contentUrl":"https:\/\/mailrelay.com\/wp-content\/uploads\/2022\/01\/resenas-de-google-1.png"},{"@type":"BreadcrumbList","@id":"https:\/\/mailrelay.com\/es\/sobre-mailrelay\/#breadcrumb","itemListElement":[{"@type":"ListItem","position":1,"name":"Home","item":"https:\/\/mailrelay.com\/es\/"},{"@type":"ListItem","position":2,"name":"Sobre Mailrelay"}]},{"@type":"WebSite","@id":"https:\/\/mailrelay.com\/es\/#website","url":"https:\/\/mailrelay.com\/es\/","name":"Mailrelay","description":"Mailrelay.com - Email Marketing Software","publisher":{"@id":"https:\/\/mailrelay.com\/es\/#organization"},"potentialAction":[{"@type":"SearchAction","target":{"@type":"EntryPoint","urlTemplate":"https:\/\/mailrelay.com\/es\/?s={search_term_string}"},"query-input":{"@type":"PropertyValueSpecification","valueRequired":true,"valueName":"search_term_string"}}],"inLanguage":"es"},{"@type":"Organization","@id":"https:\/\/mailrelay.com\/es\/#organization","name":"Mailrelay","url":"https:\/\/mailrelay.com\/es\/","logo":{"@type":"ImageObject","inLanguage":"es","@id":"https:\/\/mailrelay.com\/es\/#\/schema\/logo\/image\/","url":"https:\/\/mailrelay.com\/wp-content\/uploads\/2019\/05\/mailrelay-logo.jpg","contentUrl":"https:\/\/mailrelay.com\/wp-content\/uploads\/2019\/05\/mailrelay-logo.jpg","width":613,"height":291,"caption":"Mailrelay"},"image":{"@id":"https:\/\/mailrelay.com\/es\/#\/schema\/logo\/image\/"},"sameAs":["https:\/\/www.facebook.com\/Mailrelay\/","https:\/\/x.com\/mailrelay","https:\/\/www.youtube.com\/mailrelay-email-marketing"]}]}},"uagb_featured_image_src":{"full":false,"thumbnail":false,"medium":false,"medium_large":false,"large":false,"1536x1536":false,"2048x2048":false,"testimonials":false,"author-image":false,"yarpp-thumbnail":false},"uagb_author_info":{"display_name":"Mailrelay","author_link":"https:\/\/mailrelay.com\/es\/blog\/author\/mailrelay\/"},"uagb_comment_info":0,"uagb_excerpt":"En el email marketing lo m\u00e1s importante, lo que puede inclinar la balanza hacia el \u00e9xito o el fracaso es que tus emails acaben en la bandeja de spam o en la bandeja de entrada. Sin embargo, esa no deber\u00eda ser una de tus preocupaciones. Lo que tu negocio necesita son ventas y para eso&hellip;","_links":{"self":[{"href":"https:\/\/mailrelay.com\/es\/wp-json\/wp\/v2\/pages\/44171","targetHints":{"allow":["GET"]}}],"collection":[{"href":"https:\/\/mailrelay.com\/es\/wp-json\/wp\/v2\/pages"}],"about":[{"href":"https:\/\/mailrelay.com\/es\/wp-json\/wp\/v2\/types\/page"}],"author":[{"embeddable":true,"href":"https:\/\/mailrelay.com\/es\/wp-json\/wp\/v2\/users\/1"}],"replies":[{"embeddable":true,"href":"https:\/\/mailrelay.com\/es\/wp-json\/wp\/v2\/comments?post=44171"}],"version-history":[{"count":26,"href":"https:\/\/mailrelay.com\/es\/wp-json\/wp\/v2\/pages\/44171\/revisions"}],"predecessor-version":[{"id":73579,"href":"https:\/\/mailrelay.com\/es\/wp-json\/wp\/v2\/pages\/44171\/revisions\/73579"}],"wp:attachment":[{"href":"https:\/\/mailrelay.com\/es\/wp-json\/wp\/v2\/media?parent=44171"}],"curies":[{"name":"wp","href":"https:\/\/api.w.org\/{rel}","templated":true}]}}