{"id":44391,"date":"2022-01-31T13:42:31","date_gmt":"2022-01-31T13:42:31","guid":{"rendered":"https:\/\/mailrelay.com\/funcionalidades\/"},"modified":"2023-09-08T00:00:15","modified_gmt":"2023-09-08T00:00:15","slug":"funcionalidades","status":"publish","type":"page","link":"https:\/\/mailrelay.com\/es\/funcionalidades\/","title":{"rendered":"Funcionalidades"},"content":{"rendered":"\n<div class=\"wp-block-columns features-columns is-layout-flex wp-container-core-columns-is-layout-9d6595d7 wp-block-columns-is-layout-flex\">\n<div class=\"wp-block-column is-vertically-aligned-top is-layout-flow wp-block-column-is-layout-flow\">\n<div class=\"wp-block-group\"><div class=\"wp-block-group__inner-container is-layout-flow wp-block-group-is-layout-flow\">\n<h4 class=\"wp-block-heading\" id=\"biggest-free-email-marketing-account\">La mayor cuenta de email marketing gratis<\/h4>\n\n\n\n<p>La cuenta gratuita de Mailrelay te permite enviar hasta 80.000 emails al mes, gratis, y subir hasta 20.000 contactos Y eso sin a\u00f1adir logos o enlaces publicitarios en tus emails Mailrelay no incluye publicidad en tus emails, ni logos, ni enlaces. Solo tu contenido.<\/p>\n\n\n\n<div class=\"wp-block-buttons is-layout-flex wp-block-buttons-is-layout-flex\">\n<div class=\"wp-block-button is-style-mailrelay-feature-link is-style-mailrelay-link\"><a class=\"wp-block-button__link wp-element-button\" href=\"https:\/\/mailrelay.com\/es\/alta\/\">Prueba ahora<\/a><\/div>\n<\/div>\n<\/div><\/div>\n<\/div>\n\n\n\n<div class=\"wp-block-column is-layout-flow wp-block-column-is-layout-flow\">\n<div class=\"wp-block-group\"><div class=\"wp-block-group__inner-container is-layout-flow wp-block-group-is-layout-flow\">\n<h4 class=\"wp-block-heading\" id=\"very-easy-to-use-drag-and-drop-editor\">Editor de arrastrar y soltar muy f\u00e1cil<\/h4>\n\n\n\n<p>Todas las cuentas de Mailrelay disponen de un sencillo pero potente editor de newsletters, que te ayuda a crear emails de calidad que convierten<\/p>\n\n\n\n<div class=\"wp-block-buttons is-layout-flex wp-block-buttons-is-layout-flex\">\n<div class=\"wp-block-button is-style-mailrelay-feature-link is-style-mailrelay-link\"><a class=\"wp-block-button__link wp-element-button\" href=\"https:\/\/mailrelay.com\/es\/alta\/\">Prueba ahora<\/a><\/div>\n<\/div>\n<\/div><\/div>\n<\/div>\n\n\n\n<div class=\"wp-block-column is-layout-flow wp-block-column-is-layout-flow\">\n<div class=\"wp-block-group\"><div class=\"wp-block-group__inner-container is-layout-flow wp-block-group-is-layout-flow\">\n<h4 class=\"wp-block-heading\" id=\"create-and-manage-senders\">Crea y gestiona remitentes<\/h4>\n\n\n\n<p>Despu\u00e9s de crear tu cuenta de Mailrelay podr\u00e1s crear y gestionar diversos remitentes de forma que puedas utilizarlos para enviar tus newsletters<\/p>\n\n\n\n<div class=\"wp-block-buttons is-layout-flex wp-block-buttons-is-layout-flex\">\n<div class=\"wp-block-button is-style-mailrelay-feature-link is-style-mailrelay-link\"><a class=\"wp-block-button__link wp-element-button\" href=\"https:\/\/mailrelay.com\/es\/alta\/\">Prueba ahora<\/a><\/div>\n<\/div>\n<\/div><\/div>\n<\/div>\n<\/div>\n\n\n\n<div class=\"wp-block-columns features-columns is-layout-flex wp-container-core-columns-is-layout-9d6595d7 wp-block-columns-is-layout-flex\">\n<div class=\"wp-block-column is-vertically-aligned-top is-layout-flow wp-block-column-is-layout-flow\">\n<div class=\"wp-block-group\"><div class=\"wp-block-group__inner-container is-layout-flow wp-block-group-is-layout-flow\">\n<h4 class=\"wp-block-heading\" id=\"biggest-free-email-marketing-account\">Configura los registros SPF, DKIM y m\u00e1s<\/h4>\n\n\n\n<p>Para que la entregabilidad sea la m\u00e1xima posible necesitar\u00e1s configurar algunos registros en las DNS de tu dominio remitente Como el SPF y el DKIM Mailrelay soporta esta funcionalidad.<\/p>\n\n\n\n<div class=\"wp-block-buttons is-layout-flex wp-block-buttons-is-layout-flex\">\n<div class=\"wp-block-button is-style-mailrelay-feature-link is-style-mailrelay-link\"><a class=\"wp-block-button__link wp-element-button\" href=\"https:\/\/mailrelay.com\/es\/alta\/\">Prueba ahora<\/a><\/div>\n<\/div>\n<\/div><\/div>\n<\/div>\n\n\n\n<div class=\"wp-block-column is-layout-flow wp-block-column-is-layout-flow\">\n<div class=\"wp-block-group\"><div class=\"wp-block-group__inner-container is-layout-flow wp-block-group-is-layout-flow\">\n<h4 class=\"wp-block-heading\" id=\"very-easy-to-use-drag-and-drop-editor\">Crea formularios de suscripci\u00f3n de forma r\u00e1pida<\/h4>\n\n\n\n<p>Si necesitas m\u00e1s suscriptores, m\u00e1s leads, y seguro que los necesitas, entonces puedes crear formularios de suscripci\u00f3n y pegarlos en tu web. Actualizalos desde Mailrelay siempre que lo necesites, sin necesitat de editarlos en tu web.<\/p>\n\n\n\n<div class=\"wp-block-buttons is-layout-flex wp-block-buttons-is-layout-flex\">\n<div class=\"wp-block-button is-style-mailrelay-feature-link is-style-mailrelay-link\"><a class=\"wp-block-button__link wp-element-button\" href=\"https:\/\/mailrelay.com\/es\/alta\/\">Prueba ahora<\/a><\/div>\n<\/div>\n<\/div><\/div>\n<\/div>\n\n\n\n<div class=\"wp-block-column is-layout-flow wp-block-column-is-layout-flow\">\n<div class=\"wp-block-group\"><div class=\"wp-block-group__inner-container is-layout-flow wp-block-group-is-layout-flow\">\n<h4 class=\"wp-block-heading\" id=\"create-and-manage-senders\">Personaliza tus emails como desees.<\/h4>\n\n\n\n<p>A\u00f1ade el nombre de tus contactos en tus emails. O cualquier otra informaci\u00f3n de la que dispongas. Incluso puedes mostrar u ocultar ciertas partes de tu email si cumplen alguna condici\u00f3n.<\/p>\n\n\n\n<div class=\"wp-block-buttons is-layout-flex wp-block-buttons-is-layout-flex\">\n<div class=\"wp-block-button is-style-mailrelay-feature-link is-style-mailrelay-link\"><a class=\"wp-block-button__link wp-element-button\" href=\"https:\/\/mailrelay.com\/es\/alta\/\">Prueba ahora<\/a><\/div>\n<\/div>\n<\/div><\/div>\n<\/div>\n<\/div>\n\n\n\n<div class=\"wp-block-columns features-columns is-layout-flex wp-container-core-columns-is-layout-9d6595d7 wp-block-columns-is-layout-flex\">\n<div class=\"wp-block-column is-vertically-aligned-top is-layout-flow wp-block-column-is-layout-flow\">\n<div class=\"wp-block-group\"><div class=\"wp-block-group__inner-container is-layout-flow wp-block-group-is-layout-flow\">\n<h4 class=\"wp-block-heading\" id=\"biggest-free-email-marketing-account\">Afina tus mailings con la segmentaci\u00f3n adecuada<\/h4>\n\n\n\n<p>Tu cuenta de Mailrelay incluye un potente motor de segmentaci\u00f3n para que puedas dirigir tus env\u00edos a los contactos adecuados.<\/p>\n\n\n\n<div class=\"wp-block-buttons is-layout-flex wp-block-buttons-is-layout-flex\">\n<div class=\"wp-block-button is-style-mailrelay-feature-link is-style-mailrelay-link\"><a class=\"wp-block-button__link wp-element-button\" href=\"https:\/\/mailrelay.com\/es\/alta\/\">Prueba ahora<\/a><\/div>\n<\/div>\n<\/div><\/div>\n<\/div>\n\n\n\n<div class=\"wp-block-column is-layout-flow wp-block-column-is-layout-flow\">\n<div class=\"wp-block-group\"><div class=\"wp-block-group__inner-container is-layout-flow wp-block-group-is-layout-flow\">\n<h4 class=\"wp-block-heading\" id=\"very-easy-to-use-drag-and-drop-editor\">Tests A\/B incluidos incluso en las cuentas gratuitas<\/h4>\n\n\n\n<p>Si tiene un correo cuyo buen resultado es cr\u00edtico. Uno que de verdad, pero de verdad, necesitas que funcione. Entonces utiliza nuestra funci\u00f3n de prueba A\/B para probar diferentes asuntos o remitentes. Y asegura el buen resultado.<\/p>\n\n\n\n<div class=\"wp-block-buttons is-layout-flex wp-block-buttons-is-layout-flex\">\n<div class=\"wp-block-button is-style-mailrelay-feature-link is-style-mailrelay-link\"><a class=\"wp-block-button__link wp-element-button\" href=\"https:\/\/mailrelay.com\/es\/alta\/\">Prueba ahora<\/a><\/div>\n<\/div>\n<\/div><\/div>\n<\/div>\n\n\n\n<div class=\"wp-block-column is-layout-flow wp-block-column-is-layout-flow\">\n<div class=\"wp-block-group\"><div class=\"wp-block-group__inner-container is-layout-flow wp-block-group-is-layout-flow\">\n<h4 class=\"wp-block-heading\" id=\"create-and-manage-senders\">Automatiza tus boletines RSS<\/h4>\n\n\n\n<p>Reduce enormemente tu carga de trabajo utilizando nuestra funci\u00f3n de bolet\u00edn informativo RSS. Solo necesitas conectar tu fuente RSS, preparar tu bolet\u00edn una vez y ya est\u00e1 todo listo para siempre<\/p>\n\n\n\n<div class=\"wp-block-buttons is-layout-flex wp-block-buttons-is-layout-flex\">\n<div class=\"wp-block-button is-style-mailrelay-feature-link is-style-mailrelay-link\"><a class=\"wp-block-button__link wp-element-button\" href=\"https:\/\/mailrelay.com\/es\/alta\/\">Prueba ahora<\/a><\/div>\n<\/div>\n<\/div><\/div>\n<\/div>\n<\/div>\n\n\n\n<div class=\"wp-block-columns features-columns is-layout-flex wp-container-core-columns-is-layout-9d6595d7 wp-block-columns-is-layout-flex\">\n<div class=\"wp-block-column is-vertically-aligned-top is-layout-flow wp-block-column-is-layout-flow\">\n<div class=\"wp-block-group\"><div class=\"wp-block-group__inner-container is-layout-flow wp-block-group-is-layout-flow\">\n<h4 class=\"wp-block-heading\" id=\"biggest-free-email-marketing-account\">Excelentes estad\u00edsticas<\/h4>\n\n\n\n<p>No se trata solo de enviar correos electr\u00f3nicos, sino de saber qu\u00e9 es lo que realmente obtienes de ellos. Es por eso que incluso nuestras cuentas gratuitas incluyen un potente conjunto de estad\u00edsticas para cada uno de tus env\u00edos.<\/p>\n\n\n\n<div class=\"wp-block-buttons is-layout-flex wp-block-buttons-is-layout-flex\">\n<div class=\"wp-block-button is-style-mailrelay-feature-link is-style-mailrelay-link\"><a class=\"wp-block-button__link wp-element-button\" href=\"https:\/\/mailrelay.com\/es\/alta\/\">Prueba ahora<\/a><\/div>\n<\/div>\n<\/div><\/div>\n<\/div>\n\n\n\n<div class=\"wp-block-column is-layout-flow wp-block-column-is-layout-flow\">\n<div class=\"wp-block-group\"><div class=\"wp-block-group__inner-container is-layout-flow wp-block-group-is-layout-flow\">\n<h4 class=\"wp-block-heading\" id=\"very-easy-to-use-drag-and-drop-editor\">Configura el acceso de usuarios de forma precisa<\/h4>\n\n\n\n<p>En caso de que necesites trabajar en equipos, y cada uno de estos equipos necesite un nivel diferente de permisos, entonces puedes configurar todo lo que necesites en Mailrelay. <\/p>\n\n\n\n<div class=\"wp-block-buttons is-layout-flex wp-block-buttons-is-layout-flex\">\n<div class=\"wp-block-button is-style-mailrelay-feature-link is-style-mailrelay-link\"><a class=\"wp-block-button__link wp-element-button\" href=\"https:\/\/mailrelay.com\/es\/alta\/\">Prueba ahora<\/a><\/div>\n<\/div>\n<\/div><\/div>\n<\/div>\n\n\n\n<div class=\"wp-block-column is-layout-flow wp-block-column-is-layout-flow\">\n<div class=\"wp-block-group\"><div class=\"wp-block-group__inner-container is-layout-flow wp-block-group-is-layout-flow\">\n<h4 class=\"wp-block-heading\" id=\"create-and-manage-senders\">Control de rebote de correo electr\u00f3nico automatizado<\/h4>\n\n\n\n<p>Olv\u00eddate de encargarte de errores, bajas, etc. Mailrelay se encargar\u00e1 de todas esas peque\u00f1as tareas que consumen tanto tiempo.<\/p>\n\n\n\n<div class=\"wp-block-buttons is-layout-flex wp-block-buttons-is-layout-flex\">\n<div class=\"wp-block-button is-style-mailrelay-feature-link is-style-mailrelay-link\"><a class=\"wp-block-button__link wp-element-button\" href=\"https:\/\/mailrelay.com\/es\/alta\/\">Prueba ahora<\/a><\/div>\n<\/div>\n<\/div><\/div>\n<\/div>\n<\/div>\n\n\n\n<div class=\"wp-block-columns features-columns is-layout-flex wp-container-core-columns-is-layout-9d6595d7 wp-block-columns-is-layout-flex\">\n<div class=\"wp-block-column is-vertically-aligned-top is-layout-flow wp-block-column-is-layout-flow\">\n<div class=\"wp-block-group\"><div class=\"wp-block-group__inner-container is-layout-flow wp-block-group-is-layout-flow\">\n<h4 class=\"wp-block-heading\" id=\"biggest-free-email-marketing-account\">Soporte dedicado y r\u00e1pido<\/h4>\n\n\n\n<p>Cada cuenta de Mailrelay tiene acceso a un soporte r\u00e1pido y \u00fatil. A trav\u00e9s de chat, correo electr\u00f3nico o tel\u00e9fono. Si tienes alguna duda sobre el sistema, solo tienes que acceder a tu cuenta y usar el men\u00fa \u00abSoporte\u00bb.<\/p>\n\n\n\n<div class=\"wp-block-buttons is-layout-flex wp-block-buttons-is-layout-flex\">\n<div class=\"wp-block-button is-style-mailrelay-feature-link is-style-mailrelay-link\"><a class=\"wp-block-button__link wp-element-button\" href=\"https:\/\/mailrelay.com\/es\/alta\/\">Prueba ahora<\/a><\/div>\n<\/div>\n<\/div><\/div>\n<\/div>\n\n\n\n<div class=\"wp-block-column is-layout-flow wp-block-column-is-layout-flow\">\n<div class=\"wp-block-group\"><div class=\"wp-block-group__inner-container is-layout-flow wp-block-group-is-layout-flow\">\n<h4 class=\"wp-block-heading\" id=\"very-easy-to-use-drag-and-drop-editor\">API de desarrollo incluida<\/h4>\n\n\n\n<p>Para proyectos m\u00e1s grandes, o cuando se necesita una integraci\u00f3n, tienes la opci\u00f3n de usar nuestra API de desarrollo para conectar f\u00e1cilmente otros sistemas a Mailrelay. <\/p>\n\n\n\n<div class=\"wp-block-buttons is-layout-flex wp-block-buttons-is-layout-flex\">\n<div class=\"wp-block-button is-style-mailrelay-feature-link is-style-mailrelay-link\"><a class=\"wp-block-button__link wp-element-button\" href=\"https:\/\/mailrelay.com\/es\/alta\/\">Prueba ahora<\/a><\/div>\n<\/div>\n<\/div><\/div>\n<\/div>\n\n\n\n<div class=\"wp-block-column is-layout-flow wp-block-column-is-layout-flow\">\n<div class=\"wp-block-group\"><div class=\"wp-block-group__inner-container is-layout-flow wp-block-group-is-layout-flow\">\n<h4 class=\"wp-block-heading\" id=\"create-and-manage-senders\">Servidor virtual SMTP disponible<\/h4>\n\n\n\n<p>Al igual que con otras caracter\u00edsticas, el servidor SMTP virtual est\u00e1 incluido en todas las cuentas de Maillrelay. Un potente servidor SMTP de alta velocidad que incluso puede generar estad\u00edsticas completas (aperturas, clics&#8230;)<\/p>\n\n\n\n<div class=\"wp-block-buttons is-layout-flex wp-block-buttons-is-layout-flex\">\n<div class=\"wp-block-button is-style-mailrelay-feature-link is-style-mailrelay-link\"><a class=\"wp-block-button__link wp-element-button\" href=\"https:\/\/mailrelay.com\/es\/alta\/\">Prueba ahora<\/a><\/div>\n<\/div>\n<\/div><\/div>\n<\/div>\n<\/div>\n","protected":false},"excerpt":{"rendered":"<p>La mayor cuenta de email marketing gratis La cuenta gratuita de Mailrelay te permite enviar hasta 80.000 emails al mes, gratis, y subir hasta 20.000 contactos Y eso sin a\u00f1adir logos o enlaces publicitarios en tus emails Mailrelay no incluye publicidad en tus emails, ni logos, ni enlaces. Solo tu contenido. Editor de arrastrar y [&hellip;]<\/p>\n","protected":false},"author":1,"featured_media":0,"parent":0,"menu_order":0,"comment_status":"closed","ping_status":"closed","template":"","meta":{"_uag_custom_page_level_css":"","footnotes":""},"class_list":["post-44391","page","type-page","status-publish","hentry"],"yoast_head":"<!-- This site is optimized with the Yoast SEO plugin v27.3 - https:\/\/yoast.com\/product\/yoast-seo-wordpress\/ -->\n<title>\u25ba Funcionalidad de Email Marketing disponible con Mailrelay<\/title>\n<meta name=\"description\" content=\"\u25b7 Todas las funcionalidades que necesitas para crear un email marketing m\u00e1s efectivo y que mejore los ingresos de tu empresa\u2705 \u00a1Prueba Mailrelay ahora!\" \/>\n<meta name=\"robots\" content=\"index, follow, max-snippet:-1, max-image-preview:large, max-video-preview:-1\" \/>\n<link rel=\"canonical\" href=\"https:\/\/mailrelay.com\/es\/funcionalidades\/\" \/>\n<meta property=\"og:locale\" content=\"es_ES\" \/>\n<meta property=\"og:type\" content=\"article\" \/>\n<meta property=\"og:title\" content=\"\u25ba Funcionalidad de Email Marketing disponible con Mailrelay\" \/>\n<meta property=\"og:description\" content=\"\u25b7 Todas las funcionalidades que necesitas para crear un email marketing m\u00e1s efectivo y que mejore los ingresos de tu empresa\u2705 \u00a1Prueba Mailrelay ahora!\" \/>\n<meta property=\"og:url\" content=\"https:\/\/mailrelay.com\/es\/funcionalidades\/\" \/>\n<meta property=\"og:site_name\" content=\"Mailrelay\" \/>\n<meta property=\"article:publisher\" content=\"https:\/\/www.facebook.com\/Mailrelay\/\" \/>\n<meta property=\"article:modified_time\" content=\"2023-09-08T00:00:15+00:00\" \/>\n<meta name=\"twitter:card\" content=\"summary_large_image\" \/>\n<meta name=\"twitter:site\" content=\"@mailrelay\" \/>\n<meta name=\"twitter:label1\" content=\"Tiempo de lectura\" \/>\n\t<meta name=\"twitter:data1\" content=\"3 minutos\" \/>\n<script type=\"application\/ld+json\" class=\"yoast-schema-graph\">{\"@context\":\"https:\\\/\\\/schema.org\",\"@graph\":[{\"@type\":\"WebPage\",\"@id\":\"https:\\\/\\\/mailrelay.com\\\/es\\\/funcionalidades\\\/\",\"url\":\"https:\\\/\\\/mailrelay.com\\\/es\\\/funcionalidades\\\/\",\"name\":\"\u25ba Funcionalidad de Email Marketing disponible con Mailrelay\",\"isPartOf\":{\"@id\":\"https:\\\/\\\/mailrelay.com\\\/es\\\/#website\"},\"datePublished\":\"2022-01-31T13:42:31+00:00\",\"dateModified\":\"2023-09-08T00:00:15+00:00\",\"description\":\"\u25b7 Todas las funcionalidades que necesitas para crear un email marketing m\u00e1s efectivo y que mejore los ingresos de tu empresa\u2705 \u00a1Prueba Mailrelay ahora!\",\"breadcrumb\":{\"@id\":\"https:\\\/\\\/mailrelay.com\\\/es\\\/funcionalidades\\\/#breadcrumb\"},\"inLanguage\":\"es\",\"potentialAction\":[{\"@type\":\"ReadAction\",\"target\":[\"https:\\\/\\\/mailrelay.com\\\/es\\\/funcionalidades\\\/\"]}]},{\"@type\":\"BreadcrumbList\",\"@id\":\"https:\\\/\\\/mailrelay.com\\\/es\\\/funcionalidades\\\/#breadcrumb\",\"itemListElement\":[{\"@type\":\"ListItem\",\"position\":1,\"name\":\"Home\",\"item\":\"https:\\\/\\\/mailrelay.com\\\/es\\\/\"},{\"@type\":\"ListItem\",\"position\":2,\"name\":\"Funcionalidades\"}]},{\"@type\":\"WebSite\",\"@id\":\"https:\\\/\\\/mailrelay.com\\\/es\\\/#website\",\"url\":\"https:\\\/\\\/mailrelay.com\\\/es\\\/\",\"name\":\"Mailrelay\",\"description\":\"Mailrelay.com - Email Marketing Software\",\"publisher\":{\"@id\":\"https:\\\/\\\/mailrelay.com\\\/es\\\/#organization\"},\"potentialAction\":[{\"@type\":\"SearchAction\",\"target\":{\"@type\":\"EntryPoint\",\"urlTemplate\":\"https:\\\/\\\/mailrelay.com\\\/es\\\/?s={search_term_string}\"},\"query-input\":{\"@type\":\"PropertyValueSpecification\",\"valueRequired\":true,\"valueName\":\"search_term_string\"}}],\"inLanguage\":\"es\"},{\"@type\":\"Organization\",\"@id\":\"https:\\\/\\\/mailrelay.com\\\/es\\\/#organization\",\"name\":\"Mailrelay\",\"url\":\"https:\\\/\\\/mailrelay.com\\\/es\\\/\",\"logo\":{\"@type\":\"ImageObject\",\"inLanguage\":\"es\",\"@id\":\"https:\\\/\\\/mailrelay.com\\\/es\\\/#\\\/schema\\\/logo\\\/image\\\/\",\"url\":\"https:\\\/\\\/mailrelay.com\\\/wp-content\\\/uploads\\\/2019\\\/05\\\/mailrelay-logo.jpg\",\"contentUrl\":\"https:\\\/\\\/mailrelay.com\\\/wp-content\\\/uploads\\\/2019\\\/05\\\/mailrelay-logo.jpg\",\"width\":613,\"height\":291,\"caption\":\"Mailrelay\"},\"image\":{\"@id\":\"https:\\\/\\\/mailrelay.com\\\/es\\\/#\\\/schema\\\/logo\\\/image\\\/\"},\"sameAs\":[\"https:\\\/\\\/www.facebook.com\\\/Mailrelay\\\/\",\"https:\\\/\\\/x.com\\\/mailrelay\",\"https:\\\/\\\/www.youtube.com\\\/mailrelay-email-marketing\"]}]}<\/script>\n<!-- \/ Yoast SEO plugin. -->","yoast_head_json":{"title":"\u25ba Funcionalidad de Email Marketing disponible con Mailrelay","description":"\u25b7 Todas las funcionalidades que necesitas para crear un email marketing m\u00e1s efectivo y que mejore los ingresos de tu empresa\u2705 \u00a1Prueba Mailrelay ahora!","robots":{"index":"index","follow":"follow","max-snippet":"max-snippet:-1","max-image-preview":"max-image-preview:large","max-video-preview":"max-video-preview:-1"},"canonical":"https:\/\/mailrelay.com\/es\/funcionalidades\/","og_locale":"es_ES","og_type":"article","og_title":"\u25ba Funcionalidad de Email Marketing disponible con Mailrelay","og_description":"\u25b7 Todas las funcionalidades que necesitas para crear un email marketing m\u00e1s efectivo y que mejore los ingresos de tu empresa\u2705 \u00a1Prueba Mailrelay ahora!","og_url":"https:\/\/mailrelay.com\/es\/funcionalidades\/","og_site_name":"Mailrelay","article_publisher":"https:\/\/www.facebook.com\/Mailrelay\/","article_modified_time":"2023-09-08T00:00:15+00:00","twitter_card":"summary_large_image","twitter_site":"@mailrelay","twitter_misc":{"Tiempo de lectura":"3 minutos"},"schema":{"@context":"https:\/\/schema.org","@graph":[{"@type":"WebPage","@id":"https:\/\/mailrelay.com\/es\/funcionalidades\/","url":"https:\/\/mailrelay.com\/es\/funcionalidades\/","name":"\u25ba Funcionalidad de Email Marketing disponible con Mailrelay","isPartOf":{"@id":"https:\/\/mailrelay.com\/es\/#website"},"datePublished":"2022-01-31T13:42:31+00:00","dateModified":"2023-09-08T00:00:15+00:00","description":"\u25b7 Todas las funcionalidades que necesitas para crear un email marketing m\u00e1s efectivo y que mejore los ingresos de tu empresa\u2705 \u00a1Prueba Mailrelay ahora!","breadcrumb":{"@id":"https:\/\/mailrelay.com\/es\/funcionalidades\/#breadcrumb"},"inLanguage":"es","potentialAction":[{"@type":"ReadAction","target":["https:\/\/mailrelay.com\/es\/funcionalidades\/"]}]},{"@type":"BreadcrumbList","@id":"https:\/\/mailrelay.com\/es\/funcionalidades\/#breadcrumb","itemListElement":[{"@type":"ListItem","position":1,"name":"Home","item":"https:\/\/mailrelay.com\/es\/"},{"@type":"ListItem","position":2,"name":"Funcionalidades"}]},{"@type":"WebSite","@id":"https:\/\/mailrelay.com\/es\/#website","url":"https:\/\/mailrelay.com\/es\/","name":"Mailrelay","description":"Mailrelay.com - Email Marketing Software","publisher":{"@id":"https:\/\/mailrelay.com\/es\/#organization"},"potentialAction":[{"@type":"SearchAction","target":{"@type":"EntryPoint","urlTemplate":"https:\/\/mailrelay.com\/es\/?s={search_term_string}"},"query-input":{"@type":"PropertyValueSpecification","valueRequired":true,"valueName":"search_term_string"}}],"inLanguage":"es"},{"@type":"Organization","@id":"https:\/\/mailrelay.com\/es\/#organization","name":"Mailrelay","url":"https:\/\/mailrelay.com\/es\/","logo":{"@type":"ImageObject","inLanguage":"es","@id":"https:\/\/mailrelay.com\/es\/#\/schema\/logo\/image\/","url":"https:\/\/mailrelay.com\/wp-content\/uploads\/2019\/05\/mailrelay-logo.jpg","contentUrl":"https:\/\/mailrelay.com\/wp-content\/uploads\/2019\/05\/mailrelay-logo.jpg","width":613,"height":291,"caption":"Mailrelay"},"image":{"@id":"https:\/\/mailrelay.com\/es\/#\/schema\/logo\/image\/"},"sameAs":["https:\/\/www.facebook.com\/Mailrelay\/","https:\/\/x.com\/mailrelay","https:\/\/www.youtube.com\/mailrelay-email-marketing"]}]}},"uagb_featured_image_src":{"full":false,"thumbnail":false,"medium":false,"medium_large":false,"large":false,"1536x1536":false,"2048x2048":false,"testimonials":false,"author-image":false,"yarpp-thumbnail":false},"uagb_author_info":{"display_name":"Mailrelay","author_link":"https:\/\/mailrelay.com\/es\/blog\/author\/mailrelay\/"},"uagb_comment_info":0,"uagb_excerpt":"La mayor cuenta de email marketing gratis La cuenta gratuita de Mailrelay te permite enviar hasta 80.000 emails al mes, gratis, y subir hasta 20.000 contactos Y eso sin a\u00f1adir logos o enlaces publicitarios en tus emails Mailrelay no incluye publicidad en tus emails, ni logos, ni enlaces. Solo tu contenido. Editor de arrastrar y&hellip;","_links":{"self":[{"href":"https:\/\/mailrelay.com\/es\/wp-json\/wp\/v2\/pages\/44391","targetHints":{"allow":["GET"]}}],"collection":[{"href":"https:\/\/mailrelay.com\/es\/wp-json\/wp\/v2\/pages"}],"about":[{"href":"https:\/\/mailrelay.com\/es\/wp-json\/wp\/v2\/types\/page"}],"author":[{"embeddable":true,"href":"https:\/\/mailrelay.com\/es\/wp-json\/wp\/v2\/users\/1"}],"replies":[{"embeddable":true,"href":"https:\/\/mailrelay.com\/es\/wp-json\/wp\/v2\/comments?post=44391"}],"version-history":[{"count":18,"href":"https:\/\/mailrelay.com\/es\/wp-json\/wp\/v2\/pages\/44391\/revisions"}],"predecessor-version":[{"id":73574,"href":"https:\/\/mailrelay.com\/es\/wp-json\/wp\/v2\/pages\/44391\/revisions\/73574"}],"wp:attachment":[{"href":"https:\/\/mailrelay.com\/es\/wp-json\/wp\/v2\/media?parent=44391"}],"curies":[{"name":"wp","href":"https:\/\/api.w.org\/{rel}","templated":true}]}}