{"id":45179,"date":"2022-02-17T10:32:05","date_gmt":"2022-02-17T10:32:05","guid":{"rendered":"https:\/\/mailrelay.com\/more-email-marketing-services\/"},"modified":"2024-05-09T07:59:56","modified_gmt":"2024-05-09T07:59:56","slug":"mas-servicios-email-marketing","status":"publish","type":"page","link":"https:\/\/mailrelay.com\/es\/mas-servicios-email-marketing\/","title":{"rendered":"M\u00e1s servicios de email marketing"},"content":{"rendered":"\n<div class=\"wp-block-group\"><div class=\"wp-block-group__inner-container is-layout-flow wp-block-group-is-layout-flow\">\n<h2 class=\"wp-block-heading\" id=\"consultancy-services-for-esp-systems\">Servicios de consultor\u00eda para sistemas ESP<\/h2>\n\n\n\n<p>Mailrelay ofrece sistemas de detecci\u00f3n automaticos para poder determinar si una IP se ha a\u00f1adido a la lista negra, as\u00ed como para la gesti\u00f3n y el proceso de quejas de Spam con integraci\u00f3n con proveedores, balanceo de carga y picos de env\u00edo de emails.<\/p>\n\n\n\n<p>Por defecto, esto lo gestiona el software, pero en determinadas situaciones es posible que necesites un soporte m\u00e1s personalizado, por ejemplo, cuando no puedes permitir que tu dominio se agregue a ninguna lista negra porque puede afectar tu cuenta de correo electr\u00f3nico corporativo, o si necesitas , durante una campa\u00f1a muy importante para ver si hay alg\u00fan problema y tener a tu disposici\u00f3n un operador para analizar y pausar la campa\u00f1a si se detecta alg\u00fan aviso.<\/p>\n\n\n\n<p>En esas situaciones podemos ofrecerte uno de nuestros administradores de sistemas, o una solci\u00f3n de infraestructura a medida, en caso de que la necesites. Profesionales con m\u00e1s de 20 a\u00f1os de experiencia, certificados por los lideres de la industria IT.<\/p>\n\n\n\n<div class=\"wp-block-group more-services-pricing\"><div class=\"wp-block-group__inner-container is-layout-flow wp-block-group-is-layout-flow\">\n<p><strong>Consultas de sistemas ESP-250 EUR\/hora + IVA<\/strong><\/p>\n\n\n\n<p>Es importante considerar que en una emergencia podemos mobilizar a nuestro equipo en menos de una hora y comenzar cualquier tarea o integraci\u00f3n en 24 horas (aplicando un incremento del 50%).<\/p>\n<\/div><\/div>\n\n\n\n<hr class=\"wp-block-separator has-css-opacity is-style-wide\"\/>\n<\/div><\/div>\n\n<div class=\"wp-block-group\"><div class=\"wp-block-group__inner-container is-layout-flow wp-block-group-is-layout-flow\">\n<h2 class=\"wp-block-heading\" id=\"consultancy-services-for-esp-systems\">Consultor\u00eda para servicios de email marketing<\/h2>\n\n\n\n<p>\u00bfNecesitas un estudio de mercado potencial para tu campa\u00f1a o estrategia de email marketing? \u00bfQuieres saber qu\u00e9 est\u00e1n haciendo tus competidores y qu\u00e9 funcionar\u00eda para ti?<\/p>\n\n\n\n<p>\u00bfTe gustar\u00eda maximizar los resultados de tus newsletters y p\u00e1ginas de aterrizaje con un dise\u00f1o adaptado a tu campa\u00f1a, de acuerdo a tu posicionamiento y target?<\/p>\n\n\n\n<p>Si la respuesta es s\u00ed, podemos ayudarte con la experiencia y conocimientos de nuestros consultores expertos en marketing online que a\u00fanan m\u00e1s de 40 a\u00f1os de experiencia y formaci\u00f3n en tecnolog\u00eda y marketing, habiendo estudiado en las m\u00e1s prestigiosas escuelas de negocios y universidades.<\/p>\n\n\n\n<p>Por favor contacta con nosotros e indicanos tu proyecto y necesidades para que podamos enviarte una propuesta a medida para tu situaci\u00f3n actual, que mejorar\u00e1 tus resultados.<\/p>\n\n\n\n<div class=\"wp-block-group more-services-pricing\"><div class=\"wp-block-group__inner-container is-layout-flow wp-block-group-is-layout-flow\">\n<p><strong><strong>Consultor\u00eda avanzada de email marketing \u2013 150 EUR\/hora + IVA<\/strong><\/strong><\/p>\n\n\n\n<p>En una emergencia podemos movilizar a nuestro equipo para iniciar cualquier tarea o integraci\u00f3n en menos de 24 horas (se aplica un incremento del 50%)<\/p>\n<\/div><\/div>\n\n\n\n<hr class=\"wp-block-separator has-css-opacity is-style-wide\"\/>\n<\/div><\/div>\n\n<div class=\"wp-block-group\"><div class=\"wp-block-group__inner-container is-layout-flow wp-block-group-is-layout-flow\">\n<h2 class=\"wp-block-heading\" id=\"consultancy-services-for-esp-systems\">Servicios de desarrollo e integraciones para Mailrelay<\/h2>\n\n\n\n<p>Mailrelay es una plataforma espa\u00f1ola 100% tecnolog\u00eda propietaria desarrollada en Espa\u00f1a, permitiendo algo que muy pocos ESP pueden ofrecer:<\/p>\n\n\n\n<p><strong>Podemos hacer cualquier personalizaci\u00f3n a la plataforma que necesiten nuestros clientes.<\/strong><\/p>\n\n\n\n<p>Es una ventaja que hace que seamos la herramienta de email marketing favorita de las grandes empresas.<\/p>\n\n\n\n<p>En esos casos, tambi\u00e9n podemos ofrecer un descuento, asumiendo Mailrelay parte del coste, dado que la mejora puede ser \u00fatil para el resto de usuarios de la plataforma, en algunos casos puede ser 100% gratis.<\/p>\n\n\n\n<p>Adem\u00e1s de servicios de desarrollo, nuestro departamento de desarrollo puede integrar nuestra plataforma de email marketing con cualquier CRM, aplicaci\u00f3n web, e-commerce, etc.<\/p>\n\n\n\n<p>En estos casos, los costes pueden ser menores dado que es un cambio externo, y no es necesario hacer tests o versiones beta, que ser\u00edan necesarias en cambios en nuestro propio sistema.<\/p>\n\n\n\n<p>Para finalizar indicaros que nuestro Dpto de Desarrollo cuenta con las m\u00e1s prestigiosas formaciones y certificaciones del ramo lo que os garantiza un nivel de calidad tanto en resultado como metodolog\u00eda de primer nivel.<\/p>\n\n\n\n<div class=\"wp-block-group more-services-pricing\"><div class=\"wp-block-group__inner-container is-layout-flow wp-block-group-is-layout-flow\">\n<p><strong>Hora de mano de obra de desarrollo de nuevas funcionalidades Mailrelay \u2013 300 EUR\/hour + IVA<\/strong><\/p>\n\n\n\n<p><strong>Hora de mano de obra de integraci\u00f3n externa de Mailrelay \u2013 300 EUR\/hour + IVA <\/strong><\/p>\n\n\n\n<p>En una emergencia podemos mobilizar nuestro equipo en menos de una hora para comenzar cualquier tarea o integraci\u00f3n en menos de 24 horas (se aplicar\u00eda un recargo del 50%)<\/p>\n<\/div><\/div>\n\n\n\n<hr class=\"wp-block-separator has-css-opacity is-style-wide\"\/>\n<\/div><\/div>\n\n<div class=\"wp-block-group\"><div class=\"wp-block-group__inner-container is-layout-flow wp-block-group-is-layout-flow\">\n<h2 class=\"wp-block-heading\" id=\"consultancy-services-for-esp-systems\">Servicio de dise\u00f1o de newsletter y tareas de gesti\u00f3n en el panel de Mailrelay<\/h2>\n\n\n\n<p>El equipo de Mailrelay siempre quiere que le saques el m\u00e1ximo partido a tus newsletter y que tengas el \u00e9xito esperado.<\/p>\n\n\n\n<p>Sabemos que muchas veces solo tienes tiempo o recursos para planificar las acciones de emailmarketing pero no para hacer un dise\u00f1o de newsletters, revisar los resultados, segmentar tus BBDD etc.<\/p>\n\n\n\n<p>Por ello te ofrecemos un servicio de manejo y gesti\u00f3n del panel de Mailrelay que incluye por ejemplo el dise\u00f1o de tus boletines por expertos en emailmarketing, revisi\u00f3n y an\u00e1lisis de estad\u00edsticas, gesti\u00f3n y segmentaci\u00f3n de BBDD de suscriptores, revisi\u00f3n de rebotados y generaci\u00f3n de informe de motivos, etc. Tambi\u00e9n puedes contratar estas horas para revisi\u00f3n post env\u00edo de los resultados y de estado de los remitentes e IPs de env\u00edos puntuales, es decir si han ca\u00eddo en listas negras o su estado previo si deseas una revisi\u00f3n antes de empezar a enviar con nuestra plataforma.<\/p>\n\n\n\n<p>Esperamos que este servicio te ayude a comenzar en el email marketing, externalizando esas tareas, con todas las garant\u00edas de nuestra empresa.<\/p>\n\n\n\n<div class=\"wp-block-group more-services-pricing\"><div class=\"wp-block-group__inner-container is-layout-flow wp-block-group-is-layout-flow\">\n<p><strong><strong>Coste de las tareas de dise\u00f1o y gesti\u00f3n \u2013 100eurs\/hora + IVA<\/strong> <\/strong><\/p>\n\n\n\n<p>En una emergencia podemos mobilizar nuestro equipo en menos de una hora para comenzar cualquier tarea o integraci\u00f3n en menos de 24 horas (se aplicar\u00eda un recargo del 50%)<\/p>\n<\/div><\/div>\n\n\n\n<hr class=\"wp-block-separator has-css-opacity is-style-wide\"\/>\n<\/div><\/div>\n\n<div class=\"wp-block-group more-services-summary\"><div class=\"wp-block-group__inner-container is-layout-flow wp-block-group-is-layout-flow\">\n<h2 class=\"wp-block-heading\" id=\"summary\">Resumen<\/h2>\n\n\n\n<h3 class=\"wp-block-heading\" id=\"email-marketing-services-and-platform\">SERVICIOS DE EMAIL MARKETING Y PLATAFORMA<\/h3>\n\n\n\n<figure class=\"wp-block-table\"><table><tbody><tr><td>Coste del dise\u00f1o de plantillas y tareas en el panel<\/td><td>100\u20ac\/hora + IVA<\/td><\/tr><tr><td>Desarrollo de nuevas funcionalidades para Mailrelay<\/td><td>300 \u20ac\/hora + IVA<\/td><\/tr><tr><td>Integraci\u00f3n externa con otras plataformas y servicios<\/td><td>150 \u20ac\/hora +IVA<\/td><\/tr><tr><td>Servicios de consultor\u00eda para sistemas ESP<\/td><td>250 \u20ac\/hora + IVA<\/td><\/tr><\/tbody><\/table><\/figure>\n\n\n\n<h3 class=\"wp-block-heading\" id=\"ips-ranges\"> RANGOS DE IPS<\/h3>\n\n\n\n<figure class=\"wp-block-table\"><table><tbody><tr><td>IP dedicada<\/td><td>600 \u20ac \/ a\u00f1o<\/td><\/tr><tr><td>8 IPs dedicadas<\/td><td>3360 \u20ac \/ a\u00f1o<\/td><\/tr><tr><td>32 IPs dedicadas<\/td><td>7680 \u20ac \/ a\u00f1o<\/td><\/tr><tr><td>Cambio de la IP asignada<\/td><td>300 \u20ac<\/td><\/tr><\/tbody><\/table><\/figure>\n\n\n\n<h3 class=\"wp-block-heading\" id=\"administrative-and-financial-requests\"><strong>SOLICITUDES ADMINISTRATIVAS O FINANCIERAS<\/strong><\/h3>\n\n\n\n<figure class=\"wp-block-table\"><table><tbody><tr><td>Estudio y cambios a medida en condiciones contractuales<\/td><td>20% del coste anual del contrato con un m\u00ednimo de 500 \u20ac<\/td><\/tr><tr><td>Pago aplazado en 30, 60 or 90 dias<\/td><td>12% del recibo<\/td><\/tr><\/tbody><\/table><\/figure>\n<\/div><\/div>\n","protected":false},"excerpt":{"rendered":"<p>Servicios de consultor\u00eda para sistemas ESP Mailrelay ofrece sistemas de detecci\u00f3n automaticos para poder determinar si una IP se ha a\u00f1adido a la lista negra, as\u00ed como para la gesti\u00f3n y el proceso de quejas de Spam con integraci\u00f3n con proveedores, balanceo de carga y picos de env\u00edo de emails. Por defecto, esto lo gestiona [&hellip;]<\/p>\n","protected":false},"author":1,"featured_media":0,"parent":0,"menu_order":0,"comment_status":"closed","ping_status":"closed","template":"","meta":{"_uag_custom_page_level_css":"","footnotes":""},"class_list":["post-45179","page","type-page","status-publish","hentry"],"yoast_head":"<!-- This site is optimized with the Yoast SEO plugin v27.0 - https:\/\/yoast.com\/product\/yoast-seo-wordpress\/ -->\n<title>\u25ba M\u00e1s Servicios Adicionales de Mailrelay para tu Marca<\/title>\n<meta name=\"description\" content=\"Desde Mailrelay te ofrecemos todo lo que necesitas para una gesti\u00f3n al detalle de tu email marketing\u2705 Disfruta ahora todas nuestras ventajas \u25b7 \u00a1A un click!\" \/>\n<meta name=\"robots\" content=\"index, follow, max-snippet:-1, max-image-preview:large, max-video-preview:-1\" \/>\n<link rel=\"canonical\" href=\"https:\/\/mailrelay.com\/es\/mas-servicios-email-marketing\/\" \/>\n<meta property=\"og:locale\" content=\"es_ES\" \/>\n<meta property=\"og:type\" content=\"article\" \/>\n<meta property=\"og:title\" content=\"\u25ba M\u00e1s Servicios Adicionales de Mailrelay para tu Marca\" \/>\n<meta property=\"og:description\" content=\"Desde Mailrelay te ofrecemos todo lo que necesitas para una gesti\u00f3n al detalle de tu email marketing\u2705 Disfruta ahora todas nuestras ventajas \u25b7 \u00a1A un click!\" \/>\n<meta property=\"og:url\" content=\"https:\/\/mailrelay.com\/es\/mas-servicios-email-marketing\/\" \/>\n<meta property=\"og:site_name\" content=\"Mailrelay\" \/>\n<meta property=\"article:publisher\" content=\"https:\/\/www.facebook.com\/Mailrelay\/\" \/>\n<meta property=\"article:modified_time\" content=\"2024-05-09T07:59:56+00:00\" \/>\n<meta name=\"twitter:card\" content=\"summary_large_image\" \/>\n<meta name=\"twitter:site\" content=\"@mailrelay\" \/>\n<meta name=\"twitter:label1\" content=\"Tiempo de lectura\" \/>\n\t<meta name=\"twitter:data1\" content=\"5 minutos\" \/>\n<script type=\"application\/ld+json\" class=\"yoast-schema-graph\">{\"@context\":\"https:\/\/schema.org\",\"@graph\":[{\"@type\":\"WebPage\",\"@id\":\"https:\/\/mailrelay.com\/es\/mas-servicios-email-marketing\/\",\"url\":\"https:\/\/mailrelay.com\/es\/mas-servicios-email-marketing\/\",\"name\":\"\u25ba M\u00e1s Servicios Adicionales de Mailrelay para tu Marca\",\"isPartOf\":{\"@id\":\"https:\/\/mailrelay.com\/es\/#website\"},\"datePublished\":\"2022-02-17T10:32:05+00:00\",\"dateModified\":\"2024-05-09T07:59:56+00:00\",\"description\":\"Desde Mailrelay te ofrecemos todo lo que necesitas para una gesti\u00f3n al detalle de tu email marketing\u2705 Disfruta ahora todas nuestras ventajas \u25b7 \u00a1A un click!\",\"breadcrumb\":{\"@id\":\"https:\/\/mailrelay.com\/es\/mas-servicios-email-marketing\/#breadcrumb\"},\"inLanguage\":\"es\",\"potentialAction\":[{\"@type\":\"ReadAction\",\"target\":[\"https:\/\/mailrelay.com\/es\/mas-servicios-email-marketing\/\"]}]},{\"@type\":\"BreadcrumbList\",\"@id\":\"https:\/\/mailrelay.com\/es\/mas-servicios-email-marketing\/#breadcrumb\",\"itemListElement\":[{\"@type\":\"ListItem\",\"position\":1,\"name\":\"Home\",\"item\":\"https:\/\/mailrelay.com\/es\/\"},{\"@type\":\"ListItem\",\"position\":2,\"name\":\"M\u00e1s servicios de email marketing\"}]},{\"@type\":\"WebSite\",\"@id\":\"https:\/\/mailrelay.com\/es\/#website\",\"url\":\"https:\/\/mailrelay.com\/es\/\",\"name\":\"Mailrelay\",\"description\":\"Mailrelay.com - Email Marketing Software\",\"publisher\":{\"@id\":\"https:\/\/mailrelay.com\/es\/#organization\"},\"potentialAction\":[{\"@type\":\"SearchAction\",\"target\":{\"@type\":\"EntryPoint\",\"urlTemplate\":\"https:\/\/mailrelay.com\/es\/?s={search_term_string}\"},\"query-input\":{\"@type\":\"PropertyValueSpecification\",\"valueRequired\":true,\"valueName\":\"search_term_string\"}}],\"inLanguage\":\"es\"},{\"@type\":\"Organization\",\"@id\":\"https:\/\/mailrelay.com\/es\/#organization\",\"name\":\"Mailrelay\",\"url\":\"https:\/\/mailrelay.com\/es\/\",\"logo\":{\"@type\":\"ImageObject\",\"inLanguage\":\"es\",\"@id\":\"https:\/\/mailrelay.com\/es\/#\/schema\/logo\/image\/\",\"url\":\"https:\/\/mailrelay.com\/wp-content\/uploads\/2019\/05\/mailrelay-logo.jpg\",\"contentUrl\":\"https:\/\/mailrelay.com\/wp-content\/uploads\/2019\/05\/mailrelay-logo.jpg\",\"width\":613,\"height\":291,\"caption\":\"Mailrelay\"},\"image\":{\"@id\":\"https:\/\/mailrelay.com\/es\/#\/schema\/logo\/image\/\"},\"sameAs\":[\"https:\/\/www.facebook.com\/Mailrelay\/\",\"https:\/\/x.com\/mailrelay\",\"https:\/\/www.youtube.com\/mailrelay-email-marketing\"]}]}<\/script>\n<!-- \/ Yoast SEO plugin. -->","yoast_head_json":{"title":"\u25ba M\u00e1s Servicios Adicionales de Mailrelay para tu Marca","description":"Desde Mailrelay te ofrecemos todo lo que necesitas para una gesti\u00f3n al detalle de tu email marketing\u2705 Disfruta ahora todas nuestras ventajas \u25b7 \u00a1A un click!","robots":{"index":"index","follow":"follow","max-snippet":"max-snippet:-1","max-image-preview":"max-image-preview:large","max-video-preview":"max-video-preview:-1"},"canonical":"https:\/\/mailrelay.com\/es\/mas-servicios-email-marketing\/","og_locale":"es_ES","og_type":"article","og_title":"\u25ba M\u00e1s Servicios Adicionales de Mailrelay para tu Marca","og_description":"Desde Mailrelay te ofrecemos todo lo que necesitas para una gesti\u00f3n al detalle de tu email marketing\u2705 Disfruta ahora todas nuestras ventajas \u25b7 \u00a1A un click!","og_url":"https:\/\/mailrelay.com\/es\/mas-servicios-email-marketing\/","og_site_name":"Mailrelay","article_publisher":"https:\/\/www.facebook.com\/Mailrelay\/","article_modified_time":"2024-05-09T07:59:56+00:00","twitter_card":"summary_large_image","twitter_site":"@mailrelay","twitter_misc":{"Tiempo de lectura":"5 minutos"},"schema":{"@context":"https:\/\/schema.org","@graph":[{"@type":"WebPage","@id":"https:\/\/mailrelay.com\/es\/mas-servicios-email-marketing\/","url":"https:\/\/mailrelay.com\/es\/mas-servicios-email-marketing\/","name":"\u25ba M\u00e1s Servicios Adicionales de Mailrelay para tu Marca","isPartOf":{"@id":"https:\/\/mailrelay.com\/es\/#website"},"datePublished":"2022-02-17T10:32:05+00:00","dateModified":"2024-05-09T07:59:56+00:00","description":"Desde Mailrelay te ofrecemos todo lo que necesitas para una gesti\u00f3n al detalle de tu email marketing\u2705 Disfruta ahora todas nuestras ventajas \u25b7 \u00a1A un click!","breadcrumb":{"@id":"https:\/\/mailrelay.com\/es\/mas-servicios-email-marketing\/#breadcrumb"},"inLanguage":"es","potentialAction":[{"@type":"ReadAction","target":["https:\/\/mailrelay.com\/es\/mas-servicios-email-marketing\/"]}]},{"@type":"BreadcrumbList","@id":"https:\/\/mailrelay.com\/es\/mas-servicios-email-marketing\/#breadcrumb","itemListElement":[{"@type":"ListItem","position":1,"name":"Home","item":"https:\/\/mailrelay.com\/es\/"},{"@type":"ListItem","position":2,"name":"M\u00e1s servicios de email marketing"}]},{"@type":"WebSite","@id":"https:\/\/mailrelay.com\/es\/#website","url":"https:\/\/mailrelay.com\/es\/","name":"Mailrelay","description":"Mailrelay.com - Email Marketing Software","publisher":{"@id":"https:\/\/mailrelay.com\/es\/#organization"},"potentialAction":[{"@type":"SearchAction","target":{"@type":"EntryPoint","urlTemplate":"https:\/\/mailrelay.com\/es\/?s={search_term_string}"},"query-input":{"@type":"PropertyValueSpecification","valueRequired":true,"valueName":"search_term_string"}}],"inLanguage":"es"},{"@type":"Organization","@id":"https:\/\/mailrelay.com\/es\/#organization","name":"Mailrelay","url":"https:\/\/mailrelay.com\/es\/","logo":{"@type":"ImageObject","inLanguage":"es","@id":"https:\/\/mailrelay.com\/es\/#\/schema\/logo\/image\/","url":"https:\/\/mailrelay.com\/wp-content\/uploads\/2019\/05\/mailrelay-logo.jpg","contentUrl":"https:\/\/mailrelay.com\/wp-content\/uploads\/2019\/05\/mailrelay-logo.jpg","width":613,"height":291,"caption":"Mailrelay"},"image":{"@id":"https:\/\/mailrelay.com\/es\/#\/schema\/logo\/image\/"},"sameAs":["https:\/\/www.facebook.com\/Mailrelay\/","https:\/\/x.com\/mailrelay","https:\/\/www.youtube.com\/mailrelay-email-marketing"]}]}},"uagb_featured_image_src":{"full":false,"thumbnail":false,"medium":false,"medium_large":false,"large":false,"1536x1536":false,"2048x2048":false,"testimonials":false,"author-image":false,"yarpp-thumbnail":false},"uagb_author_info":{"display_name":"Mailrelay","author_link":"https:\/\/mailrelay.com\/es\/blog\/author\/mailrelay\/"},"uagb_comment_info":0,"uagb_excerpt":"Servicios de consultor\u00eda para sistemas ESP Mailrelay ofrece sistemas de detecci\u00f3n automaticos para poder determinar si una IP se ha a\u00f1adido a la lista negra, as\u00ed como para la gesti\u00f3n y el proceso de quejas de Spam con integraci\u00f3n con proveedores, balanceo de carga y picos de env\u00edo de emails. Por defecto, esto lo gestiona&hellip;","_links":{"self":[{"href":"https:\/\/mailrelay.com\/es\/wp-json\/wp\/v2\/pages\/45179","targetHints":{"allow":["GET"]}}],"collection":[{"href":"https:\/\/mailrelay.com\/es\/wp-json\/wp\/v2\/pages"}],"about":[{"href":"https:\/\/mailrelay.com\/es\/wp-json\/wp\/v2\/types\/page"}],"author":[{"embeddable":true,"href":"https:\/\/mailrelay.com\/es\/wp-json\/wp\/v2\/users\/1"}],"replies":[{"embeddable":true,"href":"https:\/\/mailrelay.com\/es\/wp-json\/wp\/v2\/comments?post=45179"}],"version-history":[{"count":12,"href":"https:\/\/mailrelay.com\/es\/wp-json\/wp\/v2\/pages\/45179\/revisions"}],"predecessor-version":[{"id":79754,"href":"https:\/\/mailrelay.com\/es\/wp-json\/wp\/v2\/pages\/45179\/revisions\/79754"}],"wp:attachment":[{"href":"https:\/\/mailrelay.com\/es\/wp-json\/wp\/v2\/media?parent=45179"}],"curies":[{"name":"wp","href":"https:\/\/api.w.org\/{rel}","templated":true}]}}