{"id":45610,"date":"2022-03-01T12:10:08","date_gmt":"2022-03-01T12:10:08","guid":{"rendered":"https:\/\/mailrelay.com\/herramientas-plugins\/"},"modified":"2023-09-08T00:02:00","modified_gmt":"2023-09-08T00:02:00","slug":"herramientas-plugins","status":"publish","type":"page","link":"https:\/\/mailrelay.com\/es\/herramientas-plugins\/","title":{"rendered":"Plugins\/Herramientas"},"content":{"rendered":"\n<div class=\"wp-block-query generic-listing mr-plugins-listing is-layout-flow wp-block-query-is-layout-flow\"><ul class=\"wp-block-post-template is-layout-flow wp-block-post-template-is-layout-flow\"><li class=\"wp-block-post post-45775 plugin type-plugin status-publish has-post-thumbnail hentry\">\n<h2 class=\"wp-block-post-title\"><a href=\"https:\/\/mailrelay.com\/es\/plugin\/prestashop-extension\/\" target=\"_self\" >Extension para Prestashop<\/a><\/h2>\n\n\n<div class=\"wp-block-columns is-layout-flex wp-container-core-columns-is-layout-9d6595d7 wp-block-columns-is-layout-flex\">\n<div class=\"wp-block-column is-vertically-aligned-top is-layout-flow wp-block-column-is-layout-flow\" style=\"flex-basis:140px\"><figure class=\"wp-block-post-featured-image\"><a href=\"https:\/\/mailrelay.com\/es\/plugin\/prestashop-extension\/\" target=\"_self\"  ><img loading=\"lazy\" decoding=\"async\" width=\"132\" height=\"92\" src=\"https:\/\/mailrelay.com\/wp-content\/uploads\/2022\/03\/prestashop.png\" class=\"attachment-post-thumbnail size-post-thumbnail wp-post-image\" alt=\"Extension para Prestashop\" style=\"object-fit:contain;\" srcset=\"https:\/\/mailrelay.com\/wp-content\/uploads\/2022\/03\/prestashop.png 132w, https:\/\/mailrelay.com\/wp-content\/uploads\/2022\/03\/prestashop-110x77.png 110w, https:\/\/mailrelay.com\/wp-content\/uploads\/2022\/03\/prestashop-60x42.png 60w\" sizes=\"auto, (max-width: 132px) 100vw, 132px\" \/><\/a><\/figure><\/div>\n\n\n\n<div class=\"wp-block-column is-vertically-aligned-top is-layout-flow wp-block-column-is-layout-flow\"><div class=\"wp-block-post-excerpt\"><p class=\"wp-block-post-excerpt__excerpt\">Extension para sincronizar los contactos de Prestashop, para la versi\u00f3n 1.6. Esta extensi\u00f3n nos permite sincronizar los contactos de Prestashop con tu cuenta de Mailrelay, para que puedas enviar mailings a tus clientes de Prestashop.<\/p><p class=\"wp-block-post-excerpt__more-text\"><a class=\"wp-block-post-excerpt__more-link\" href=\"https:\/\/mailrelay.com\/es\/plugin\/prestashop-extension\/\">Leer m\u00e1s<\/a><\/p><\/div><\/div>\n<\/div>\n\n<\/li><li class=\"wp-block-post post-45618 plugin type-plugin status-publish has-post-thumbnail hentry\">\n<h2 class=\"wp-block-post-title\"><a href=\"https:\/\/mailrelay.com\/es\/plugin\/wordpress-plugin\/\" target=\"_self\" >Plugin para WordPress<\/a><\/h2>\n\n\n<div class=\"wp-block-columns is-layout-flex wp-container-core-columns-is-layout-9d6595d7 wp-block-columns-is-layout-flex\">\n<div class=\"wp-block-column is-vertically-aligned-top is-layout-flow wp-block-column-is-layout-flow\" style=\"flex-basis:140px\"><figure class=\"wp-block-post-featured-image\"><a href=\"https:\/\/mailrelay.com\/es\/plugin\/wordpress-plugin\/\" target=\"_self\"  ><img loading=\"lazy\" decoding=\"async\" width=\"130\" height=\"118\" src=\"https:\/\/mailrelay.com\/wp-content\/uploads\/2022\/03\/wordpress.jpeg\" class=\"attachment-post-thumbnail size-post-thumbnail wp-post-image\" alt=\"Plugin para WordPress\" style=\"object-fit:contain;\" srcset=\"https:\/\/mailrelay.com\/wp-content\/uploads\/2022\/03\/wordpress.jpeg 130w, https:\/\/mailrelay.com\/wp-content\/uploads\/2022\/03\/wordpress-110x100.jpeg 110w, https:\/\/mailrelay.com\/wp-content\/uploads\/2022\/03\/wordpress-60x54.jpeg 60w\" sizes=\"auto, (max-width: 130px) 100vw, 130px\" \/><\/a><\/figure><\/div>\n\n\n\n<div class=\"wp-block-column is-vertically-aligned-top is-layout-flow wp-block-column-is-layout-flow\"><div class=\"wp-block-post-excerpt\"><p class=\"wp-block-post-excerpt__excerpt\">Sincroniza tus usuarios de WordPress con Mailrelay. \u00a1Desc\u00e1rgalo y prueba a crear una campa\u00f1a de env\u00edo de boletines! Mant\u00e9n siempre informados a tus usuarios de las novedades de tu negocio.<\/p><p class=\"wp-block-post-excerpt__more-text\"><a class=\"wp-block-post-excerpt__more-link\" href=\"https:\/\/mailrelay.com\/es\/plugin\/wordpress-plugin\/\">Leer m\u00e1s<\/a><\/p><\/div><\/div>\n<\/div>\n\n<\/li><\/ul>\n\n<\/div>\n","protected":false},"excerpt":{"rendered":"","protected":false},"author":1,"featured_media":0,"parent":0,"menu_order":0,"comment_status":"closed","ping_status":"closed","template":"","meta":{"_uag_custom_page_level_css":"","footnotes":""},"class_list":["post-45610","page","type-page","status-publish","hentry"],"yoast_head":"<!-- This site is optimized with the Yoast SEO plugin v27.0 - https:\/\/yoast.com\/product\/yoast-seo-wordpress\/ -->\n<title>\u25ba Plugins y Extensiones para tu Cuenta de Mailrelay<\/title>\n<meta name=\"description\" content=\"Encuentra las mejores extensiones de Mailrelay para vincular tus cuentas de Wordpress y Prestashop en un instante y seguir trabajando c\u00f3modamente\u2705\" \/>\n<meta name=\"robots\" content=\"index, follow, max-snippet:-1, max-image-preview:large, max-video-preview:-1\" \/>\n<link rel=\"canonical\" href=\"https:\/\/mailrelay.com\/es\/herramientas-plugins\/\" \/>\n<meta property=\"og:locale\" content=\"es_ES\" \/>\n<meta property=\"og:type\" content=\"article\" \/>\n<meta property=\"og:title\" content=\"\u25ba Plugins y Extensiones para tu Cuenta de Mailrelay\" \/>\n<meta property=\"og:description\" content=\"Encuentra las mejores extensiones de Mailrelay para vincular tus cuentas de Wordpress y Prestashop en un instante y seguir trabajando c\u00f3modamente\u2705\" \/>\n<meta property=\"og:url\" content=\"https:\/\/mailrelay.com\/es\/herramientas-plugins\/\" \/>\n<meta property=\"og:site_name\" content=\"Mailrelay\" \/>\n<meta property=\"article:publisher\" content=\"https:\/\/www.facebook.com\/Mailrelay\/\" \/>\n<meta property=\"article:modified_time\" content=\"2023-09-08T00:02:00+00:00\" \/>\n<meta name=\"twitter:card\" content=\"summary_large_image\" \/>\n<meta name=\"twitter:site\" content=\"@mailrelay\" \/>\n<script type=\"application\/ld+json\" class=\"yoast-schema-graph\">{\"@context\":\"https:\/\/schema.org\",\"@graph\":[{\"@type\":\"WebPage\",\"@id\":\"https:\/\/mailrelay.com\/es\/herramientas-plugins\/\",\"url\":\"https:\/\/mailrelay.com\/es\/herramientas-plugins\/\",\"name\":\"\u25ba Plugins y Extensiones para tu Cuenta de Mailrelay\",\"isPartOf\":{\"@id\":\"https:\/\/mailrelay.com\/es\/#website\"},\"datePublished\":\"2022-03-01T12:10:08+00:00\",\"dateModified\":\"2023-09-08T00:02:00+00:00\",\"description\":\"Encuentra las mejores extensiones de Mailrelay para vincular tus cuentas de Wordpress y Prestashop en un instante y seguir trabajando c\u00f3modamente\u2705\",\"breadcrumb\":{\"@id\":\"https:\/\/mailrelay.com\/es\/herramientas-plugins\/#breadcrumb\"},\"inLanguage\":\"es\",\"potentialAction\":[{\"@type\":\"ReadAction\",\"target\":[\"https:\/\/mailrelay.com\/es\/herramientas-plugins\/\"]}]},{\"@type\":\"BreadcrumbList\",\"@id\":\"https:\/\/mailrelay.com\/es\/herramientas-plugins\/#breadcrumb\",\"itemListElement\":[{\"@type\":\"ListItem\",\"position\":1,\"name\":\"Home\",\"item\":\"https:\/\/mailrelay.com\/es\/\"},{\"@type\":\"ListItem\",\"position\":2,\"name\":\"Plugins\/Herramientas\"}]},{\"@type\":\"WebSite\",\"@id\":\"https:\/\/mailrelay.com\/es\/#website\",\"url\":\"https:\/\/mailrelay.com\/es\/\",\"name\":\"Mailrelay\",\"description\":\"Mailrelay.com - Email Marketing Software\",\"publisher\":{\"@id\":\"https:\/\/mailrelay.com\/es\/#organization\"},\"potentialAction\":[{\"@type\":\"SearchAction\",\"target\":{\"@type\":\"EntryPoint\",\"urlTemplate\":\"https:\/\/mailrelay.com\/es\/?s={search_term_string}\"},\"query-input\":{\"@type\":\"PropertyValueSpecification\",\"valueRequired\":true,\"valueName\":\"search_term_string\"}}],\"inLanguage\":\"es\"},{\"@type\":\"Organization\",\"@id\":\"https:\/\/mailrelay.com\/es\/#organization\",\"name\":\"Mailrelay\",\"url\":\"https:\/\/mailrelay.com\/es\/\",\"logo\":{\"@type\":\"ImageObject\",\"inLanguage\":\"es\",\"@id\":\"https:\/\/mailrelay.com\/es\/#\/schema\/logo\/image\/\",\"url\":\"https:\/\/mailrelay.com\/wp-content\/uploads\/2019\/05\/mailrelay-logo.jpg\",\"contentUrl\":\"https:\/\/mailrelay.com\/wp-content\/uploads\/2019\/05\/mailrelay-logo.jpg\",\"width\":613,\"height\":291,\"caption\":\"Mailrelay\"},\"image\":{\"@id\":\"https:\/\/mailrelay.com\/es\/#\/schema\/logo\/image\/\"},\"sameAs\":[\"https:\/\/www.facebook.com\/Mailrelay\/\",\"https:\/\/x.com\/mailrelay\",\"https:\/\/www.youtube.com\/mailrelay-email-marketing\"]}]}<\/script>\n<!-- \/ Yoast SEO plugin. -->","yoast_head_json":{"title":"\u25ba Plugins y Extensiones para tu Cuenta de Mailrelay","description":"Encuentra las mejores extensiones de Mailrelay para vincular tus cuentas de Wordpress y Prestashop en un instante y seguir trabajando c\u00f3modamente\u2705","robots":{"index":"index","follow":"follow","max-snippet":"max-snippet:-1","max-image-preview":"max-image-preview:large","max-video-preview":"max-video-preview:-1"},"canonical":"https:\/\/mailrelay.com\/es\/herramientas-plugins\/","og_locale":"es_ES","og_type":"article","og_title":"\u25ba Plugins y Extensiones para tu Cuenta de Mailrelay","og_description":"Encuentra las mejores extensiones de Mailrelay para vincular tus cuentas de Wordpress y Prestashop en un instante y seguir trabajando c\u00f3modamente\u2705","og_url":"https:\/\/mailrelay.com\/es\/herramientas-plugins\/","og_site_name":"Mailrelay","article_publisher":"https:\/\/www.facebook.com\/Mailrelay\/","article_modified_time":"2023-09-08T00:02:00+00:00","twitter_card":"summary_large_image","twitter_site":"@mailrelay","schema":{"@context":"https:\/\/schema.org","@graph":[{"@type":"WebPage","@id":"https:\/\/mailrelay.com\/es\/herramientas-plugins\/","url":"https:\/\/mailrelay.com\/es\/herramientas-plugins\/","name":"\u25ba Plugins y Extensiones para tu Cuenta de Mailrelay","isPartOf":{"@id":"https:\/\/mailrelay.com\/es\/#website"},"datePublished":"2022-03-01T12:10:08+00:00","dateModified":"2023-09-08T00:02:00+00:00","description":"Encuentra las mejores extensiones de Mailrelay para vincular tus cuentas de Wordpress y Prestashop en un instante y seguir trabajando c\u00f3modamente\u2705","breadcrumb":{"@id":"https:\/\/mailrelay.com\/es\/herramientas-plugins\/#breadcrumb"},"inLanguage":"es","potentialAction":[{"@type":"ReadAction","target":["https:\/\/mailrelay.com\/es\/herramientas-plugins\/"]}]},{"@type":"BreadcrumbList","@id":"https:\/\/mailrelay.com\/es\/herramientas-plugins\/#breadcrumb","itemListElement":[{"@type":"ListItem","position":1,"name":"Home","item":"https:\/\/mailrelay.com\/es\/"},{"@type":"ListItem","position":2,"name":"Plugins\/Herramientas"}]},{"@type":"WebSite","@id":"https:\/\/mailrelay.com\/es\/#website","url":"https:\/\/mailrelay.com\/es\/","name":"Mailrelay","description":"Mailrelay.com - Email Marketing Software","publisher":{"@id":"https:\/\/mailrelay.com\/es\/#organization"},"potentialAction":[{"@type":"SearchAction","target":{"@type":"EntryPoint","urlTemplate":"https:\/\/mailrelay.com\/es\/?s={search_term_string}"},"query-input":{"@type":"PropertyValueSpecification","valueRequired":true,"valueName":"search_term_string"}}],"inLanguage":"es"},{"@type":"Organization","@id":"https:\/\/mailrelay.com\/es\/#organization","name":"Mailrelay","url":"https:\/\/mailrelay.com\/es\/","logo":{"@type":"ImageObject","inLanguage":"es","@id":"https:\/\/mailrelay.com\/es\/#\/schema\/logo\/image\/","url":"https:\/\/mailrelay.com\/wp-content\/uploads\/2019\/05\/mailrelay-logo.jpg","contentUrl":"https:\/\/mailrelay.com\/wp-content\/uploads\/2019\/05\/mailrelay-logo.jpg","width":613,"height":291,"caption":"Mailrelay"},"image":{"@id":"https:\/\/mailrelay.com\/es\/#\/schema\/logo\/image\/"},"sameAs":["https:\/\/www.facebook.com\/Mailrelay\/","https:\/\/x.com\/mailrelay","https:\/\/www.youtube.com\/mailrelay-email-marketing"]}]}},"uagb_featured_image_src":{"full":false,"thumbnail":false,"medium":false,"medium_large":false,"large":false,"1536x1536":false,"2048x2048":false,"testimonials":false,"author-image":false,"yarpp-thumbnail":false},"uagb_author_info":{"display_name":"Mailrelay","author_link":"https:\/\/mailrelay.com\/es\/blog\/author\/mailrelay\/"},"uagb_comment_info":0,"uagb_excerpt":null,"_links":{"self":[{"href":"https:\/\/mailrelay.com\/es\/wp-json\/wp\/v2\/pages\/45610","targetHints":{"allow":["GET"]}}],"collection":[{"href":"https:\/\/mailrelay.com\/es\/wp-json\/wp\/v2\/pages"}],"about":[{"href":"https:\/\/mailrelay.com\/es\/wp-json\/wp\/v2\/types\/page"}],"author":[{"embeddable":true,"href":"https:\/\/mailrelay.com\/es\/wp-json\/wp\/v2\/users\/1"}],"replies":[{"embeddable":true,"href":"https:\/\/mailrelay.com\/es\/wp-json\/wp\/v2\/comments?post=45610"}],"version-history":[{"count":6,"href":"https:\/\/mailrelay.com\/es\/wp-json\/wp\/v2\/pages\/45610\/revisions"}],"predecessor-version":[{"id":74441,"href":"https:\/\/mailrelay.com\/es\/wp-json\/wp\/v2\/pages\/45610\/revisions\/74441"}],"wp:attachment":[{"href":"https:\/\/mailrelay.com\/es\/wp-json\/wp\/v2\/media?parent=45610"}],"curies":[{"name":"wp","href":"https:\/\/api.w.org\/{rel}","templated":true}]}}