{"id":61781,"date":"2023-01-11T12:00:20","date_gmt":"2023-01-11T12:00:20","guid":{"rendered":"https:\/\/mailrelay.com\/aviso-legal\/"},"modified":"2025-09-25T07:53:00","modified_gmt":"2025-09-25T07:53:00","slug":"aviso-legal","status":"publish","type":"page","link":"https:\/\/mailrelay.com\/es\/aviso-legal\/","title":{"rendered":"Aviso legal"},"content":{"rendered":"\n<h2 class=\"wp-block-heading\">Identificaci\u00f3n del Responsable<\/h2>\n\n\n\n<p>De acuerdo con lo dispuesto en la Ley 34\/2002, de 11 de julio, de Servicios de la Sociedad de la Informaci\u00f3n y del Comercio Electr\u00f3nico (LSSICE), te informamos que el titular de este sitio web es:<\/p>\n\n\n\n<p><strong>Denominaci\u00f3n social<\/strong>: CPC SERVICIOS INFORMATICOS APLICADOS A NUEVAS TECNOLOGIAS SL<br><strong>CIF<\/strong>: B83964601<br><strong>Domicilio<\/strong>: C\/ Nardo, 12 \u2013 28250 \u2013 Torrelodones \u2013 Madrid (Espa\u00f1a)<br><strong>Email<\/strong>: info@mailrelay.com<\/p>\n\n\n\n<h2 class=\"wp-block-heading\">Objeto<\/h2>\n\n\n\n<p>El presente aviso legal regula el uso del sitio web <a href=\"https:\/\/mailrelay.com\/es\/\"><strong>https:\/\/mailrelay.com<\/strong><\/a> (en adelante, \u00abEl sitio web\u00bb), que CPC SERVICIOS INFORM\u00c1TICOS APLICADOS A NUEVAS TECNOLOG\u00cdAS SL pone a disposici\u00f3n de los usuarios para proporcionarles informaci\u00f3n sobre los servicios de la empresa.<\/p>\n\n\n\n<p>El acceso y uso de este sitio web implica la aceptaci\u00f3n plena de estas condiciones, as\u00ed como cualquier disposici\u00f3n legal aplicable.<\/p>\n\n\n\n<h2 class=\"wp-block-heading\">Condiciones de uso<\/h2>\n\n\n\n<p>El usuario se compromete a hacer un uso adecuado del sitio web y a no emplearlo para actividades il\u00edcitas o contrarias a la buena fe y al orden p\u00fablico. Asimismo, se compromete a proporcionar informaci\u00f3n veraz y l\u00edcita en los formularios disponibles.<\/p>\n\n\n\n<p>El usuario asume toda la responsabilidad por el uso que haga del sitio web. El <strong>RESPONSABLE<\/strong> se reserva el derecho de modificar la informaci\u00f3n contenida en el sitio web sin previo aviso, as\u00ed como a eliminar o suspender temporalmente su acceso, si se incumplen estas condiciones.<\/p>\n\n\n\n<h2 class=\"wp-block-heading\">Propiedad Intelectual e Industrial<\/h2>\n\n\n\n<p>Todos los contenidos del sitio web, incluidos textos, im\u00e1genes, gr\u00e1ficos, logotipos, marcas, software, as\u00ed como su estructura, dise\u00f1o y c\u00f3digo fuente, son propiedad del <strong>RESPONSABLE<\/strong> o de terceros, protegidos por derechos de propiedad intelectual e industrial.<\/p>\n\n\n\n<p>El usuario no tiene derecho a modificar, reproducir, copiar o distribuir total o parcialmente los contenidos del sitio web sin la autorizaci\u00f3n previa del <strong>RESPONSABLE<\/strong>.<\/p>\n\n\n\n<h2 class=\"wp-block-heading\">Pol\u00edtica de protecci\u00f3n de datos<\/h2>\n\n\n\n<p>El tratamiento de los datos personales que los usuarios faciliten en el sitio web se realiza de conformidad con las normas del <strong>Reglamento General de Protecci\u00f3n de Datos (RGPD)<\/strong> y la <strong>Ley Org\u00e1nica de Protecci\u00f3n de Datos (LOPDGDD)<\/strong>. Para m\u00e1s informaci\u00f3n, se puede consultar la <strong><a href=\"https:\/\/mailrelay.com\/es\/politica-de-privacidad\/\">Pol\u00edtica de Privacidad<\/a><\/strong> del sitio web.<\/p>\n\n\n\n<h2 class=\"wp-block-heading\">Responsabilidad<\/h2>\n\n\n\n<p>El <strong>RESPONSABLE<\/strong> no se hace responsable de los da\u00f1os y perjuicios derivados del uso indebido del sitio web, como interrupciones, virus inform\u00e1ticos, o problemas en la navegaci\u00f3n. No garantiza la disponibilidad permanente del servicio, reserv\u00e1ndose el derecho a suspender temporalmente el acceso al sitio web por causas t\u00e9cnicas o de mantenimiento.<\/p>\n\n\n\n<p>El usuario ser\u00e1 responsable de cualquier infracci\u00f3n de las presentes condiciones o de la legislaci\u00f3n aplicable que cause da\u00f1o o perjuicio a terceros.<\/p>\n\n\n\n<h2 class=\"wp-block-heading\">Hiperv\u00ednculos<\/h2>\n\n\n\n<p>Este sitio web puede incluir enlaces a sitios web de terceros para facilitar el acceso a informaci\u00f3n de empresas colaboradoras. El <strong>RESPONSABLE<\/strong> no se hace responsable de los contenidos alojados en dichos sitios ni de las condiciones de uso de los mismos.<\/p>\n\n\n\n<h2 class=\"wp-block-heading\">Modificaci\u00f3n de las condiciones<\/h2>\n\n\n\n<p>El <strong>RESPONSABLE<\/strong> se reserva el derecho de modificar el presente Aviso Legal en cualquier momento. Cualquier cambio ser\u00e1 debidamente publicado en el sitio web.<\/p>\n\n\n\n<h2 class=\"wp-block-heading\">Fuerza mayor<\/h2>\n\n\n\n<p>La empresa no ser\u00e1 responsable en todo en caso de imposibilidad de prestar servicio, si \u00e9sta se debe a interrupciones prolongadas del suministro el\u00e9ctrico, l\u00edneas de telecomunicaciones, conflictos sociales, huelgas, rebeli\u00f3n, explosiones, inundaciones, actos y omisiones del Gobierno, y en general todos los supuestos de fuerza mayor o de caso fortuito.<\/p>\n\n\n\n<h2 class=\"wp-block-heading\">Ley aplicable y Jurisdicci\u00f3n<\/h2>\n\n\n\n<p>Para la resoluci\u00f3n de todas las controversias o cuestiones relacionadas con este sitio web o las actividades en \u00e9l desarrolladas, ser\u00e1 de aplicaci\u00f3n la legislaci\u00f3n espa\u00f1ola, a la que se someten expresamente las partes, siendo competentes para la resoluci\u00f3n de todos los conflictos derivados o relacionados con su uso los <strong>Juzgados y Tribunales de Madrid<\/strong>.<\/p>\n\n\n\n<p><\/p>\n","protected":false},"excerpt":{"rendered":"<p>Identificaci\u00f3n del Responsable De acuerdo con lo dispuesto en la Ley 34\/2002, de 11 de julio, de Servicios de la Sociedad de la Informaci\u00f3n y del Comercio Electr\u00f3nico (LSSICE), te informamos que el titular de este sitio web es: Denominaci\u00f3n social: CPC SERVICIOS INFORMATICOS APLICADOS A NUEVAS TECNOLOGIAS SLCIF: B83964601Domicilio: C\/ Nardo, 12 \u2013 28250 [&hellip;]<\/p>\n","protected":false},"author":1,"featured_media":0,"parent":0,"menu_order":0,"comment_status":"closed","ping_status":"closed","template":"","meta":{"_uag_custom_page_level_css":"","footnotes":""},"class_list":["post-61781","page","type-page","status-publish","hentry"],"yoast_head":"<!-- This site is optimized with the Yoast SEO plugin v27.0 - https:\/\/yoast.com\/product\/yoast-seo-wordpress\/ -->\n<title>\u25ba Aviso Legal | Mailrelay<\/title>\n<meta name=\"description\" content=\"Mailrelay cumple con todas las obligaciones legales \u25b7 Toda la informaci\u00f3n que necesitas en nuestro Aviso Legal \u25ba Resuelve tus dudas aqu\u00ed\u2705\" \/>\n<meta name=\"robots\" content=\"index, follow, max-snippet:-1, max-image-preview:large, max-video-preview:-1\" \/>\n<link rel=\"canonical\" href=\"https:\/\/mailrelay.com\/es\/aviso-legal\/\" \/>\n<meta property=\"og:locale\" content=\"es_ES\" \/>\n<meta property=\"og:type\" content=\"article\" \/>\n<meta property=\"og:title\" content=\"\u25ba Aviso Legal | Mailrelay\" \/>\n<meta property=\"og:description\" content=\"Mailrelay cumple con todas las obligaciones legales \u25b7 Toda la informaci\u00f3n que necesitas en nuestro Aviso Legal \u25ba Resuelve tus dudas aqu\u00ed\u2705\" \/>\n<meta property=\"og:url\" content=\"https:\/\/mailrelay.com\/es\/aviso-legal\/\" \/>\n<meta property=\"og:site_name\" content=\"Mailrelay\" \/>\n<meta property=\"article:publisher\" content=\"https:\/\/www.facebook.com\/Mailrelay\/\" \/>\n<meta property=\"article:modified_time\" content=\"2025-09-25T07:53:00+00:00\" \/>\n<meta name=\"twitter:card\" content=\"summary_large_image\" \/>\n<meta name=\"twitter:site\" content=\"@mailrelay\" \/>\n<meta name=\"twitter:label1\" content=\"Tiempo de lectura\" \/>\n\t<meta name=\"twitter:data1\" content=\"3 minutos\" \/>\n<script type=\"application\/ld+json\" class=\"yoast-schema-graph\">{\"@context\":\"https:\/\/schema.org\",\"@graph\":[{\"@type\":\"WebPage\",\"@id\":\"https:\/\/mailrelay.com\/es\/aviso-legal\/\",\"url\":\"https:\/\/mailrelay.com\/es\/aviso-legal\/\",\"name\":\"\u25ba Aviso Legal | Mailrelay\",\"isPartOf\":{\"@id\":\"https:\/\/mailrelay.com\/es\/#website\"},\"datePublished\":\"2023-01-11T12:00:20+00:00\",\"dateModified\":\"2025-09-25T07:53:00+00:00\",\"description\":\"Mailrelay cumple con todas las obligaciones legales \u25b7 Toda la informaci\u00f3n que necesitas en nuestro Aviso Legal \u25ba Resuelve tus dudas aqu\u00ed\u2705\",\"breadcrumb\":{\"@id\":\"https:\/\/mailrelay.com\/es\/aviso-legal\/#breadcrumb\"},\"inLanguage\":\"es\",\"potentialAction\":[{\"@type\":\"ReadAction\",\"target\":[\"https:\/\/mailrelay.com\/es\/aviso-legal\/\"]}]},{\"@type\":\"BreadcrumbList\",\"@id\":\"https:\/\/mailrelay.com\/es\/aviso-legal\/#breadcrumb\",\"itemListElement\":[{\"@type\":\"ListItem\",\"position\":1,\"name\":\"Home\",\"item\":\"https:\/\/mailrelay.com\/es\/\"},{\"@type\":\"ListItem\",\"position\":2,\"name\":\"Aviso legal\"}]},{\"@type\":\"WebSite\",\"@id\":\"https:\/\/mailrelay.com\/es\/#website\",\"url\":\"https:\/\/mailrelay.com\/es\/\",\"name\":\"Mailrelay\",\"description\":\"Mailrelay.com - Email Marketing Software\",\"publisher\":{\"@id\":\"https:\/\/mailrelay.com\/es\/#organization\"},\"potentialAction\":[{\"@type\":\"SearchAction\",\"target\":{\"@type\":\"EntryPoint\",\"urlTemplate\":\"https:\/\/mailrelay.com\/es\/?s={search_term_string}\"},\"query-input\":{\"@type\":\"PropertyValueSpecification\",\"valueRequired\":true,\"valueName\":\"search_term_string\"}}],\"inLanguage\":\"es\"},{\"@type\":\"Organization\",\"@id\":\"https:\/\/mailrelay.com\/es\/#organization\",\"name\":\"Mailrelay\",\"url\":\"https:\/\/mailrelay.com\/es\/\",\"logo\":{\"@type\":\"ImageObject\",\"inLanguage\":\"es\",\"@id\":\"https:\/\/mailrelay.com\/es\/#\/schema\/logo\/image\/\",\"url\":\"https:\/\/mailrelay.com\/wp-content\/uploads\/2019\/05\/mailrelay-logo.jpg\",\"contentUrl\":\"https:\/\/mailrelay.com\/wp-content\/uploads\/2019\/05\/mailrelay-logo.jpg\",\"width\":613,\"height\":291,\"caption\":\"Mailrelay\"},\"image\":{\"@id\":\"https:\/\/mailrelay.com\/es\/#\/schema\/logo\/image\/\"},\"sameAs\":[\"https:\/\/www.facebook.com\/Mailrelay\/\",\"https:\/\/x.com\/mailrelay\",\"https:\/\/www.youtube.com\/mailrelay-email-marketing\"]}]}<\/script>\n<!-- \/ Yoast SEO plugin. -->","yoast_head_json":{"title":"\u25ba Aviso Legal | Mailrelay","description":"Mailrelay cumple con todas las obligaciones legales \u25b7 Toda la informaci\u00f3n que necesitas en nuestro Aviso Legal \u25ba Resuelve tus dudas aqu\u00ed\u2705","robots":{"index":"index","follow":"follow","max-snippet":"max-snippet:-1","max-image-preview":"max-image-preview:large","max-video-preview":"max-video-preview:-1"},"canonical":"https:\/\/mailrelay.com\/es\/aviso-legal\/","og_locale":"es_ES","og_type":"article","og_title":"\u25ba Aviso Legal | Mailrelay","og_description":"Mailrelay cumple con todas las obligaciones legales \u25b7 Toda la informaci\u00f3n que necesitas en nuestro Aviso Legal \u25ba Resuelve tus dudas aqu\u00ed\u2705","og_url":"https:\/\/mailrelay.com\/es\/aviso-legal\/","og_site_name":"Mailrelay","article_publisher":"https:\/\/www.facebook.com\/Mailrelay\/","article_modified_time":"2025-09-25T07:53:00+00:00","twitter_card":"summary_large_image","twitter_site":"@mailrelay","twitter_misc":{"Tiempo de lectura":"3 minutos"},"schema":{"@context":"https:\/\/schema.org","@graph":[{"@type":"WebPage","@id":"https:\/\/mailrelay.com\/es\/aviso-legal\/","url":"https:\/\/mailrelay.com\/es\/aviso-legal\/","name":"\u25ba Aviso Legal | Mailrelay","isPartOf":{"@id":"https:\/\/mailrelay.com\/es\/#website"},"datePublished":"2023-01-11T12:00:20+00:00","dateModified":"2025-09-25T07:53:00+00:00","description":"Mailrelay cumple con todas las obligaciones legales \u25b7 Toda la informaci\u00f3n que necesitas en nuestro Aviso Legal \u25ba Resuelve tus dudas aqu\u00ed\u2705","breadcrumb":{"@id":"https:\/\/mailrelay.com\/es\/aviso-legal\/#breadcrumb"},"inLanguage":"es","potentialAction":[{"@type":"ReadAction","target":["https:\/\/mailrelay.com\/es\/aviso-legal\/"]}]},{"@type":"BreadcrumbList","@id":"https:\/\/mailrelay.com\/es\/aviso-legal\/#breadcrumb","itemListElement":[{"@type":"ListItem","position":1,"name":"Home","item":"https:\/\/mailrelay.com\/es\/"},{"@type":"ListItem","position":2,"name":"Aviso legal"}]},{"@type":"WebSite","@id":"https:\/\/mailrelay.com\/es\/#website","url":"https:\/\/mailrelay.com\/es\/","name":"Mailrelay","description":"Mailrelay.com - Email Marketing Software","publisher":{"@id":"https:\/\/mailrelay.com\/es\/#organization"},"potentialAction":[{"@type":"SearchAction","target":{"@type":"EntryPoint","urlTemplate":"https:\/\/mailrelay.com\/es\/?s={search_term_string}"},"query-input":{"@type":"PropertyValueSpecification","valueRequired":true,"valueName":"search_term_string"}}],"inLanguage":"es"},{"@type":"Organization","@id":"https:\/\/mailrelay.com\/es\/#organization","name":"Mailrelay","url":"https:\/\/mailrelay.com\/es\/","logo":{"@type":"ImageObject","inLanguage":"es","@id":"https:\/\/mailrelay.com\/es\/#\/schema\/logo\/image\/","url":"https:\/\/mailrelay.com\/wp-content\/uploads\/2019\/05\/mailrelay-logo.jpg","contentUrl":"https:\/\/mailrelay.com\/wp-content\/uploads\/2019\/05\/mailrelay-logo.jpg","width":613,"height":291,"caption":"Mailrelay"},"image":{"@id":"https:\/\/mailrelay.com\/es\/#\/schema\/logo\/image\/"},"sameAs":["https:\/\/www.facebook.com\/Mailrelay\/","https:\/\/x.com\/mailrelay","https:\/\/www.youtube.com\/mailrelay-email-marketing"]}]}},"uagb_featured_image_src":{"full":false,"thumbnail":false,"medium":false,"medium_large":false,"large":false,"1536x1536":false,"2048x2048":false,"testimonials":false,"author-image":false,"yarpp-thumbnail":false},"uagb_author_info":{"display_name":"Mailrelay","author_link":"https:\/\/mailrelay.com\/es\/blog\/author\/mailrelay\/"},"uagb_comment_info":0,"uagb_excerpt":"Identificaci\u00f3n del Responsable De acuerdo con lo dispuesto en la Ley 34\/2002, de 11 de julio, de Servicios de la Sociedad de la Informaci\u00f3n y del Comercio Electr\u00f3nico (LSSICE), te informamos que el titular de este sitio web es: Denominaci\u00f3n social: CPC SERVICIOS INFORMATICOS APLICADOS A NUEVAS TECNOLOGIAS SLCIF: B83964601Domicilio: C\/ Nardo, 12 \u2013 28250&hellip;","_links":{"self":[{"href":"https:\/\/mailrelay.com\/es\/wp-json\/wp\/v2\/pages\/61781","targetHints":{"allow":["GET"]}}],"collection":[{"href":"https:\/\/mailrelay.com\/es\/wp-json\/wp\/v2\/pages"}],"about":[{"href":"https:\/\/mailrelay.com\/es\/wp-json\/wp\/v2\/types\/page"}],"author":[{"embeddable":true,"href":"https:\/\/mailrelay.com\/es\/wp-json\/wp\/v2\/users\/1"}],"replies":[{"embeddable":true,"href":"https:\/\/mailrelay.com\/es\/wp-json\/wp\/v2\/comments?post=61781"}],"version-history":[{"count":8,"href":"https:\/\/mailrelay.com\/es\/wp-json\/wp\/v2\/pages\/61781\/revisions"}],"predecessor-version":[{"id":86396,"href":"https:\/\/mailrelay.com\/es\/wp-json\/wp\/v2\/pages\/61781\/revisions\/86396"}],"wp:attachment":[{"href":"https:\/\/mailrelay.com\/es\/wp-json\/wp\/v2\/media?parent=61781"}],"curies":[{"name":"wp","href":"https:\/\/api.w.org\/{rel}","templated":true}]}}