{"id":72843,"date":"2023-08-15T14:37:25","date_gmt":"2023-08-15T14:37:25","guid":{"rendered":"https:\/\/mailrelay.com\/glosario-marketing-2\/"},"modified":"2023-12-11T15:01:32","modified_gmt":"2023-12-11T15:01:32","slug":"glosario-marketing","status":"publish","type":"page","link":"https:\/\/mailrelay.com\/es\/glosario-marketing\/","title":{"rendered":"Glosario de Marketing"},"content":{"rendered":"\n<p>En este glosario encontrar\u00e1s el significado de los t\u00e9rminos m\u00e1s relevantes del marketing online, ejemplos que aplicar a tu negocio y recursos adicionales. Este glosario es actualizado habitualmente con nuevos t\u00e9rminos y conceptos para estar al d\u00eda de todas las novedades del mundo del marketing digital. <\/p>\n","protected":false},"excerpt":{"rendered":"<p>En este glosario encontrar\u00e1s el significado de los t\u00e9rminos m\u00e1s relevantes del marketing online, ejemplos que aplicar a tu negocio y recursos adicionales. Este glosario es actualizado habitualmente con nuevos t\u00e9rminos y conceptos para estar al d\u00eda de todas las novedades del mundo del marketing digital.<\/p>\n","protected":false},"author":1,"featured_media":0,"parent":0,"menu_order":0,"comment_status":"closed","ping_status":"closed","template":"page-glossary.php","meta":{"_uag_custom_page_level_css":"","footnotes":""},"class_list":["post-72843","page","type-page","status-publish","hentry"],"yoast_head":"<!-- This site is optimized with the Yoast SEO plugin v27.3 - https:\/\/yoast.com\/product\/yoast-seo-wordpress\/ -->\n<title>\u25ba Glosario y Diccionario de T\u00e9rminos de Marketing | Mailrelay<\/title>\n<meta name=\"description\" content=\"En este glosario encontrar\u00e1s el significado de los t\u00e9rminos m\u00e1s relevantes del marketing online\" \/>\n<meta name=\"robots\" content=\"index, follow, max-snippet:-1, max-image-preview:large, max-video-preview:-1\" \/>\n<link rel=\"canonical\" href=\"https:\/\/mailrelay.com\/es\/glosario-marketing\/\" \/>\n<meta property=\"og:locale\" content=\"es_ES\" \/>\n<meta property=\"og:type\" content=\"article\" \/>\n<meta property=\"og:title\" content=\"\u25ba Glosario y Diccionario de T\u00e9rminos de Marketing | Mailrelay\" \/>\n<meta property=\"og:description\" content=\"En este glosario encontrar\u00e1s el significado de los t\u00e9rminos m\u00e1s relevantes del marketing online\" \/>\n<meta property=\"og:url\" content=\"https:\/\/mailrelay.com\/es\/glosario-marketing\/\" \/>\n<meta property=\"og:site_name\" content=\"Mailrelay\" \/>\n<meta property=\"article:publisher\" content=\"https:\/\/www.facebook.com\/Mailrelay\/\" \/>\n<meta property=\"article:modified_time\" content=\"2023-12-11T15:01:32+00:00\" \/>\n<meta name=\"twitter:card\" content=\"summary_large_image\" \/>\n<meta name=\"twitter:site\" content=\"@mailrelay\" \/>\n<meta name=\"twitter:label1\" content=\"Tiempo de lectura\" \/>\n\t<meta name=\"twitter:data1\" content=\"1 minuto\" \/>\n<script type=\"application\/ld+json\" class=\"yoast-schema-graph\">{\"@context\":\"https:\\\/\\\/schema.org\",\"@graph\":[{\"@type\":\"WebPage\",\"@id\":\"https:\\\/\\\/mailrelay.com\\\/es\\\/glosario-marketing\\\/\",\"url\":\"https:\\\/\\\/mailrelay.com\\\/es\\\/glosario-marketing\\\/\",\"name\":\"\u25ba Glosario y Diccionario de T\u00e9rminos de Marketing | Mailrelay\",\"isPartOf\":{\"@id\":\"https:\\\/\\\/mailrelay.com\\\/es\\\/#website\"},\"datePublished\":\"2023-08-15T14:37:25+00:00\",\"dateModified\":\"2023-12-11T15:01:32+00:00\",\"description\":\"En este glosario encontrar\u00e1s el significado de los t\u00e9rminos m\u00e1s relevantes del marketing online\",\"breadcrumb\":{\"@id\":\"https:\\\/\\\/mailrelay.com\\\/es\\\/glosario-marketing\\\/#breadcrumb\"},\"inLanguage\":\"es\",\"potentialAction\":[{\"@type\":\"ReadAction\",\"target\":[\"https:\\\/\\\/mailrelay.com\\\/es\\\/glosario-marketing\\\/\"]}]},{\"@type\":\"BreadcrumbList\",\"@id\":\"https:\\\/\\\/mailrelay.com\\\/es\\\/glosario-marketing\\\/#breadcrumb\",\"itemListElement\":[{\"@type\":\"ListItem\",\"position\":1,\"name\":\"Home\",\"item\":\"https:\\\/\\\/mailrelay.com\\\/es\\\/\"},{\"@type\":\"ListItem\",\"position\":2,\"name\":\"Glosario de Marketing\"}]},{\"@type\":\"WebSite\",\"@id\":\"https:\\\/\\\/mailrelay.com\\\/es\\\/#website\",\"url\":\"https:\\\/\\\/mailrelay.com\\\/es\\\/\",\"name\":\"Mailrelay\",\"description\":\"Mailrelay.com - Email Marketing Software\",\"publisher\":{\"@id\":\"https:\\\/\\\/mailrelay.com\\\/es\\\/#organization\"},\"potentialAction\":[{\"@type\":\"SearchAction\",\"target\":{\"@type\":\"EntryPoint\",\"urlTemplate\":\"https:\\\/\\\/mailrelay.com\\\/es\\\/?s={search_term_string}\"},\"query-input\":{\"@type\":\"PropertyValueSpecification\",\"valueRequired\":true,\"valueName\":\"search_term_string\"}}],\"inLanguage\":\"es\"},{\"@type\":\"Organization\",\"@id\":\"https:\\\/\\\/mailrelay.com\\\/es\\\/#organization\",\"name\":\"Mailrelay\",\"url\":\"https:\\\/\\\/mailrelay.com\\\/es\\\/\",\"logo\":{\"@type\":\"ImageObject\",\"inLanguage\":\"es\",\"@id\":\"https:\\\/\\\/mailrelay.com\\\/es\\\/#\\\/schema\\\/logo\\\/image\\\/\",\"url\":\"https:\\\/\\\/mailrelay.com\\\/wp-content\\\/uploads\\\/2019\\\/05\\\/mailrelay-logo.jpg\",\"contentUrl\":\"https:\\\/\\\/mailrelay.com\\\/wp-content\\\/uploads\\\/2019\\\/05\\\/mailrelay-logo.jpg\",\"width\":613,\"height\":291,\"caption\":\"Mailrelay\"},\"image\":{\"@id\":\"https:\\\/\\\/mailrelay.com\\\/es\\\/#\\\/schema\\\/logo\\\/image\\\/\"},\"sameAs\":[\"https:\\\/\\\/www.facebook.com\\\/Mailrelay\\\/\",\"https:\\\/\\\/x.com\\\/mailrelay\",\"https:\\\/\\\/www.youtube.com\\\/mailrelay-email-marketing\"]}]}<\/script>\n<!-- \/ Yoast SEO plugin. -->","yoast_head_json":{"title":"\u25ba Glosario y Diccionario de T\u00e9rminos de Marketing | Mailrelay","description":"En este glosario encontrar\u00e1s el significado de los t\u00e9rminos m\u00e1s relevantes del marketing online","robots":{"index":"index","follow":"follow","max-snippet":"max-snippet:-1","max-image-preview":"max-image-preview:large","max-video-preview":"max-video-preview:-1"},"canonical":"https:\/\/mailrelay.com\/es\/glosario-marketing\/","og_locale":"es_ES","og_type":"article","og_title":"\u25ba Glosario y Diccionario de T\u00e9rminos de Marketing | Mailrelay","og_description":"En este glosario encontrar\u00e1s el significado de los t\u00e9rminos m\u00e1s relevantes del marketing online","og_url":"https:\/\/mailrelay.com\/es\/glosario-marketing\/","og_site_name":"Mailrelay","article_publisher":"https:\/\/www.facebook.com\/Mailrelay\/","article_modified_time":"2023-12-11T15:01:32+00:00","twitter_card":"summary_large_image","twitter_site":"@mailrelay","twitter_misc":{"Tiempo de lectura":"1 minuto"},"schema":{"@context":"https:\/\/schema.org","@graph":[{"@type":"WebPage","@id":"https:\/\/mailrelay.com\/es\/glosario-marketing\/","url":"https:\/\/mailrelay.com\/es\/glosario-marketing\/","name":"\u25ba Glosario y Diccionario de T\u00e9rminos de Marketing | Mailrelay","isPartOf":{"@id":"https:\/\/mailrelay.com\/es\/#website"},"datePublished":"2023-08-15T14:37:25+00:00","dateModified":"2023-12-11T15:01:32+00:00","description":"En este glosario encontrar\u00e1s el significado de los t\u00e9rminos m\u00e1s relevantes del marketing online","breadcrumb":{"@id":"https:\/\/mailrelay.com\/es\/glosario-marketing\/#breadcrumb"},"inLanguage":"es","potentialAction":[{"@type":"ReadAction","target":["https:\/\/mailrelay.com\/es\/glosario-marketing\/"]}]},{"@type":"BreadcrumbList","@id":"https:\/\/mailrelay.com\/es\/glosario-marketing\/#breadcrumb","itemListElement":[{"@type":"ListItem","position":1,"name":"Home","item":"https:\/\/mailrelay.com\/es\/"},{"@type":"ListItem","position":2,"name":"Glosario de Marketing"}]},{"@type":"WebSite","@id":"https:\/\/mailrelay.com\/es\/#website","url":"https:\/\/mailrelay.com\/es\/","name":"Mailrelay","description":"Mailrelay.com - Email Marketing Software","publisher":{"@id":"https:\/\/mailrelay.com\/es\/#organization"},"potentialAction":[{"@type":"SearchAction","target":{"@type":"EntryPoint","urlTemplate":"https:\/\/mailrelay.com\/es\/?s={search_term_string}"},"query-input":{"@type":"PropertyValueSpecification","valueRequired":true,"valueName":"search_term_string"}}],"inLanguage":"es"},{"@type":"Organization","@id":"https:\/\/mailrelay.com\/es\/#organization","name":"Mailrelay","url":"https:\/\/mailrelay.com\/es\/","logo":{"@type":"ImageObject","inLanguage":"es","@id":"https:\/\/mailrelay.com\/es\/#\/schema\/logo\/image\/","url":"https:\/\/mailrelay.com\/wp-content\/uploads\/2019\/05\/mailrelay-logo.jpg","contentUrl":"https:\/\/mailrelay.com\/wp-content\/uploads\/2019\/05\/mailrelay-logo.jpg","width":613,"height":291,"caption":"Mailrelay"},"image":{"@id":"https:\/\/mailrelay.com\/es\/#\/schema\/logo\/image\/"},"sameAs":["https:\/\/www.facebook.com\/Mailrelay\/","https:\/\/x.com\/mailrelay","https:\/\/www.youtube.com\/mailrelay-email-marketing"]}]}},"uagb_featured_image_src":{"full":false,"thumbnail":false,"medium":false,"medium_large":false,"large":false,"1536x1536":false,"2048x2048":false,"testimonials":false,"author-image":false,"yarpp-thumbnail":false},"uagb_author_info":{"display_name":"Mailrelay","author_link":"https:\/\/mailrelay.com\/es\/blog\/author\/mailrelay\/"},"uagb_comment_info":0,"uagb_excerpt":"En este glosario encontrar\u00e1s el significado de los t\u00e9rminos m\u00e1s relevantes del marketing online, ejemplos que aplicar a tu negocio y recursos adicionales. Este glosario es actualizado habitualmente con nuevos t\u00e9rminos y conceptos para estar al d\u00eda de todas las novedades del mundo del marketing digital.","_links":{"self":[{"href":"https:\/\/mailrelay.com\/es\/wp-json\/wp\/v2\/pages\/72843","targetHints":{"allow":["GET"]}}],"collection":[{"href":"https:\/\/mailrelay.com\/es\/wp-json\/wp\/v2\/pages"}],"about":[{"href":"https:\/\/mailrelay.com\/es\/wp-json\/wp\/v2\/types\/page"}],"author":[{"embeddable":true,"href":"https:\/\/mailrelay.com\/es\/wp-json\/wp\/v2\/users\/1"}],"replies":[{"embeddable":true,"href":"https:\/\/mailrelay.com\/es\/wp-json\/wp\/v2\/comments?post=72843"}],"version-history":[{"count":14,"href":"https:\/\/mailrelay.com\/es\/wp-json\/wp\/v2\/pages\/72843\/revisions"}],"predecessor-version":[{"id":76863,"href":"https:\/\/mailrelay.com\/es\/wp-json\/wp\/v2\/pages\/72843\/revisions\/76863"}],"wp:attachment":[{"href":"https:\/\/mailrelay.com\/es\/wp-json\/wp\/v2\/media?parent=72843"}],"curies":[{"name":"wp","href":"https:\/\/api.w.org\/{rel}","templated":true}]}}