{"id":44055,"date":"2022-01-05T12:10:11","date_gmt":"2022-01-05T12:10:11","guid":{"rendered":"https:\/\/mailrelay.com\/privacy-policy\/"},"modified":"2024-10-14T15:03:23","modified_gmt":"2024-10-14T15:03:23","slug":"politica-de-privacidade","status":"publish","type":"page","link":"https:\/\/mailrelay.com\/pt\/politica-de-privacidade\/","title":{"rendered":"Pol\u00edtica de Privacidade &amp; Cookies"},"content":{"rendered":"<h2 class=\"wp-block-heading\">Informaci\u00f3n general<\/h2>\n\n\n<p>CPC Servicios Inform\u00e1ticos Aplicados a Nuevas Tecnolog\u00edas S.L. (doravante &#8220;MAILRELAY&#8221;) \u00e9 o propriet\u00e1rio do website <a href=\"https:\/\/mailrelay.com\">https:\/\/mailrelay.com<\/a> (doravante &#8220;WEBSITE&#8221;), com sede social em C\/ Nardo, 12 28250 \u2013 Torrelodones \u2013 Madrid \u2013 Espanha, e NIF ESB83964601. Este WEBSITE \u00e9 destinado a promover e comunicar sua ferramenta de Email Marketing.<\/p>\n\n\n\n<p>MAILRELAY garante a prote\u00e7\u00e3o de todos os dados pessoais fornecidos pelo usu\u00e1rio atrav\u00e9s deste WEBSITE e, em conformidade com o Regulamento Geral de Prote\u00e7\u00e3o de Dados (RGPD 2016\/679 do Parlamento Europeu e do Conselho, de 27 de abril de 2016) e a Lei Org\u00e2nica 3\/2018 de 5 de dezembro sobre a Prote\u00e7\u00e3o de Dados Pessoais e Garantia dos Direitos Digitais (LOPDGDD), fornece as seguintes informa\u00e7\u00f5es:<\/p>\n\n\n<h2 class=\"wp-block-heading\">Tratamento de dados pessonais<\/h2>\n\n\n<p>A) MAILRELAY, como respons\u00e1vel pelo tratamento de dados, criou um arquivo denominado &#8220;USU\u00c1RIOS DO WEBSITE,&#8221; registrado na Ag\u00eancia Espanhola de Prote\u00e7\u00e3o de Dados. Os dados ser\u00e3o processados de acordo com a legisla\u00e7\u00e3o vigente.<\/p>\n\n\n\n<p>B)&nbsp;Os dados pessoais fornecidos ser\u00e3o tratados para as seguintes finalidades:<br>\u2022 Gest\u00e3o e resolu\u00e7\u00e3o de consultas realizadas atrav\u00e9s do WEBSITE.<br>\u2022 Envio de comunica\u00e7\u00f5es comerciais sobre os servi\u00e7os e produtos da MAILRELAY por meios eletr\u00f4nicos.<br>\u2022 Gest\u00e3o de atividades e servi\u00e7os oferecidos pela MAILRELAY.<\/p>\n\n\n\n<p>C)&nbsp;O tratamento de dados \u00e9 baseado no consentimento do usu\u00e1rio, concedido ao aceitar a pol\u00edtica de privacidade e o uso de cookies.<\/p>\n\n\n\n<p>D) MAILRELAY garante a ado\u00e7\u00e3o de medidas t\u00e9cnicas e organizacionais adequadas para proteger os dados pessoais, prevenindo o acesso n\u00e3o autorizado ou a perda dos mesmos, em conformidade com o Real Decreto 1720\/2007, de 21 de dezembro.<\/p>\n\n\n\n<p>E) Os dados s\u00e3o armazenados em centros de dados localizados na Europa, e em nenhum caso ser\u00e3o compartilhados com terceiros sem o consentimento pr\u00e9vio do usu\u00e1rio, salvo obriga\u00e7\u00e3o legal.<\/p>\n\n\n\n<p>F) Garantimos que toda e qualquer transa\u00e7\u00e3o realizada na MAILRELAY \u00e9 100% segura. Todas as opera\u00e7\u00f5es que envolvem a transmiss\u00e3o de dados pessoais ou banc\u00e1rios s\u00e3o realizadas utilizando um ambiente seguro. A MAILRELAY usa um servidor baseado na tecnologia padr\u00e3o de seguran\u00e7a SSL (SecureSockedLayer). Todas as informa\u00e7\u00f5es que voc\u00ea nos transmite s\u00e3o enviadas codificadas atrav\u00e9s da rede. Da mesma forma, os detalhes de seu cart\u00e3o de cr\u00e9dito n\u00e3o s\u00e3o registrados em nenhum banco de dados, mas v\u00e3o diretamente para o TPV (Terminal de Ponto de Venda) do banco. Al\u00e9m disso, informamos que, num esfor\u00e7o para proporcionar maior seguran\u00e7a aos propriet\u00e1rios de cart\u00f5es de cr\u00e9dito, incorporamos em nosso gateway de pagamento o sistema de pagamento seguro chamado CES (Secure Electronic Commerce). Desta forma, se voc\u00ea for titular de um cart\u00e3o &#8220;seguro&#8221;, sempre poder\u00e1 fazer pagamentos com um VISA ou MASTERCARD em nossa loja. Se seu cart\u00e3o n\u00e3o for cadastrado neste sistema de pagamento, a MAILRELAY somente aceitar\u00e1 pagamento com cart\u00f5es de cr\u00e9dito VISA ou MASTERCARD para clientes com antiguidade e confiabilidade comprovadas. Em ambos os casos, ao pagar com VISA ou cart\u00e3o MASTERCARD, sempre ser\u00e3o solicitadas as seguintes informa\u00e7\u00f5es: o n\u00famero do cart\u00e3o, a data de validade e um C\u00f3digo de Valida\u00e7\u00e3o que coincide com os \u00faltimos 3 d\u00edgitos do n\u00famero impresso em it\u00e1lico no verso do seu cart\u00e3o VISA ou MASTERCARD, oferecendo assim mais garantias e seguran\u00e7a em cada transa\u00e7\u00e3o.<\/p>\n\n\n\n<p>Importante: A fraude com cart\u00e3o de cr\u00e9dito \u00e9 uma ofensa criminal, e a MAILRELAY processar\u00e1 qualquer pessoa que fizer uma transa\u00e7\u00e3o fraudulenta em nossa loja online.<\/p>\n\n\n\n<p>G) As formas de pagamento dispon\u00edveis s\u00e3o cart\u00e3o de cr\u00e9dito ou d\u00e9bito (VISA ou MASTERCARD) e PayPal.<\/p>\n\n\n\n<p>H)&nbsp;Na coleta e tratamento de dados pessoais foram adotadas medidas de seguran\u00e7a adequadas para evitar a perda,o acesso n\u00e3o autorizado ou a manipula\u00e7\u00e3o do mesmo, de acordo comas disposi\u00e7\u00f5es do Decreto Real 1720\/2007 de 21 de Dezembro.<\/p>\n\n\n<h2 class=\"wp-block-heading\">Dereitos dos usu\u00e1rios<\/h2>\n\n\n<p>Os usu\u00e1rios t\u00eam o direito de acessar, retificar, excluir, limitar o tratamento, opor-se e portar os seus dados pessoais. Esses direitos podem ser exercidos enviando uma solicita\u00e7\u00e3o assinada, juntamente com uma c\u00f3pia do documento de identidade, para a MAILRELAY, no endere\u00e7o:<br>C\/ Nardo, 12 28250 \u2013 Torrelodones \u2013 Madrid \u2013 Espanha, ou por e-mail para <strong>info@mailrelay.com<\/strong>.<\/p>\n\n\n<h2 class=\"wp-block-heading\">Pol\u00edtica de Cookies<\/h2>\n\n\n<p>MAILRELAY utiliza cookies pr\u00f3prias e de terceiros no seu WEBSITE para melhorar a experi\u00eancia do usu\u00e1rio e personalizar o conte\u00fado exibido.<\/p>\n\n\n<h3 class=\"wp-block-heading\">O que s\u00e3o cookies?<\/h3>\n\n\n<p>Cookies s\u00e3o pequenos arquivos de texto armazenados no dispositivo do usu\u00e1rio quando visita um site. Eles permitem lembrar as prefer\u00eancias do usu\u00e1rio e melhorar a navega\u00e7\u00e3o.<\/p>\n\n\n<h3 class=\"wp-block-heading\">Tipos de Cookies utilizadas no WEBSITE:<\/h3>\n\n\n<ol start=\"1\" class=\"wp-block-list\">\n<li><strong>Cookies T\u00e9cnicas ou Necess\u00e1rias:<\/strong>\n<ul class=\"wp-block-list\">\n<li>Garantem o funcionamento correto do site e o acesso a \u00e1reas seguras. Esses cookies n\u00e3o exigem consentimento pr\u00e9vio.<\/li>\n<\/ul>\n<\/li>\n\n\n\n<li><strong>Cookies de Desempenho:<\/strong>\n<ul class=\"wp-block-list\">\n<li>Permitem-nos analisar o uso do site e melhorar seu desempenho. Utilizamos servi\u00e7os como <strong>Google Analytics<\/strong> e <strong>Posthog<\/strong> para coletar informa\u00e7\u00f5es agregadas e an\u00f4nimas sobre a intera\u00e7\u00e3o do usu\u00e1rio com o site.\n<ul class=\"wp-block-list\">\n<li><strong>Google Analytics:<\/strong> Utiliza um identificador \u00fanico para analisar a atividade do usu\u00e1rio no site.<\/li>\n\n\n\n<li><strong>Posthog:<\/strong> Rastreia o comportamento do usu\u00e1rio para melhorar o conte\u00fado e a funcionalidade.<\/li>\n<\/ul>\n<\/li>\n<\/ul>\n<\/li>\n\n\n\n<li><strong>Cookies de Segmenta\u00e7\u00e3o e Publicidade:<\/strong>\n<ul class=\"wp-block-list\">\n<li>Utilizados para fornecer an\u00fancios personalizados com base nos interesses do usu\u00e1rio. Esses cookies s\u00e3o gerenciados por terceiros, como <strong>Google Ads<\/strong>.\n<ul class=\"wp-block-list\">\n<li><strong>Google Ads:<\/strong> Otimiza os an\u00fancios com base nas pesquisas anteriores feitas nos dom\u00ednios do Google.<\/li>\n<\/ul>\n<\/li>\n<\/ul>\n<\/li>\n\n\n\n<li><strong>Cookies Funcionais:<\/strong>\n<ul class=\"wp-block-list\">\n<li>Melhoram a funcionalidade e a personaliza\u00e7\u00e3o do site, como lembrar prefer\u00eancias ou integra\u00e7\u00f5es com servi\u00e7os externos como <strong>Google Recaptcha<\/strong>, <strong>Freshdesk<\/strong> e <strong>Freshchat<\/strong>.\n<ul class=\"wp-block-list\">\n<li><strong>Google Recaptcha:<\/strong> Protege o site contra spam e abusos.<\/li>\n\n\n\n<li><strong>Freshdesk e Freshchat:<\/strong> Ferramentas de atendimento ao cliente que permitem assist\u00eancia em tempo real.<\/li>\n<\/ul>\n<\/li>\n<\/ul>\n<\/li>\n<\/ol>\n\n\n<h3 class=\"wp-block-heading\">Gerenciamento de Cookies<\/h3>\n\n\n<p>O usu\u00e1rio pode aceitar ou rejeitar os cookies n\u00e3o essenciais atrav\u00e9s do banner de consentimento exibido ao acessar o site. Al\u00e9m disso, o usu\u00e1rio pode configurar o seu navegador para bloquear ou excluir cookies, embora isso possa afetar a funcionalidade do site.<\/p>\n\n\n<h3 class=\"wp-block-heading\">Revoga\u00e7\u00e3o e configura\u00e7\u00e3o de Cookies<\/h3>\n\n\n<p>O usu\u00e1rio pode modificar suas prefer\u00eancias de cookies a qualquer momento na se\u00e7\u00e3o de configura\u00e7\u00e3o de cookies do site ou nas configura\u00e7\u00f5es do navegador, consultando a se\u00e7\u00e3o de ajuda correspondente.<\/p>\n\n\n\n<p><\/p>\n","protected":false},"excerpt":{"rendered":"<p>Informaci\u00f3n general CPC Servicios Inform\u00e1ticos Aplicados a Nuevas Tecnolog\u00edas S.L. (doravante &#8220;MAILRELAY&#8221;) \u00e9 o propriet\u00e1rio do website https:\/\/mailrelay.com (doravante &#8220;WEBSITE&#8221;), com sede social em C\/ Nardo, 12 28250 \u2013 Torrelodones \u2013 Madrid \u2013 Espanha, e NIF ESB83964601. Este WEBSITE \u00e9 destinado a promover e comunicar sua ferramenta de Email Marketing. MAILRELAY garante a prote\u00e7\u00e3o de [&hellip;]<\/p>\n","protected":false},"author":1,"featured_media":0,"parent":0,"menu_order":0,"comment_status":"closed","ping_status":"closed","template":"","meta":{"_uag_custom_page_level_css":"","footnotes":""},"class_list":["post-44055","page","type-page","status-publish","hentry"],"yoast_head":"<!-- This site is optimized with the Yoast SEO plugin v27.0 - https:\/\/yoast.com\/product\/yoast-seo-wordpress\/ -->\n<title>Pol\u00edtica de Privacidade &amp; Cookies - Mailrelay<\/title>\n<meta name=\"robots\" content=\"index, follow, max-snippet:-1, max-image-preview:large, max-video-preview:-1\" \/>\n<link rel=\"canonical\" href=\"https:\/\/mailrelay.com\/pt\/politica-de-privacidade\/\" \/>\n<meta property=\"og:locale\" content=\"pt_BR\" \/>\n<meta property=\"og:type\" content=\"article\" \/>\n<meta property=\"og:title\" content=\"Pol\u00edtica de Privacidade &amp; Cookies - Mailrelay\" \/>\n<meta property=\"og:description\" content=\"Informaci\u00f3n general CPC Servicios Inform\u00e1ticos Aplicados a Nuevas Tecnolog\u00edas S.L. (doravante &#8220;MAILRELAY&#8221;) \u00e9 o propriet\u00e1rio do website https:\/\/mailrelay.com (doravante &#8220;WEBSITE&#8221;), com sede social em C\/ Nardo, 12 28250 \u2013 Torrelodones \u2013 Madrid \u2013 Espanha, e NIF ESB83964601. Este WEBSITE \u00e9 destinado a promover e comunicar sua ferramenta de Email Marketing. MAILRELAY garante a prote\u00e7\u00e3o de [&hellip;]\" \/>\n<meta property=\"og:url\" content=\"https:\/\/mailrelay.com\/pt\/politica-de-privacidade\/\" \/>\n<meta property=\"og:site_name\" content=\"Mailrelay\" \/>\n<meta property=\"article:publisher\" content=\"https:\/\/www.facebook.com\/Mailrelay\/\" \/>\n<meta property=\"article:modified_time\" content=\"2024-10-14T15:03:23+00:00\" \/>\n<meta name=\"twitter:card\" content=\"summary_large_image\" \/>\n<meta name=\"twitter:site\" content=\"@mailrelay\" \/>\n<meta name=\"twitter:label1\" content=\"Est. tempo de leitura\" \/>\n\t<meta name=\"twitter:data1\" content=\"5 minutos\" \/>\n<script type=\"application\/ld+json\" class=\"yoast-schema-graph\">{\"@context\":\"https:\/\/schema.org\",\"@graph\":[{\"@type\":\"WebPage\",\"@id\":\"https:\/\/mailrelay.com\/pt\/politica-de-privacidade\/\",\"url\":\"https:\/\/mailrelay.com\/pt\/politica-de-privacidade\/\",\"name\":\"Pol\u00edtica de Privacidade &amp; Cookies - Mailrelay\",\"isPartOf\":{\"@id\":\"https:\/\/mailrelay.com\/pt\/#website\"},\"datePublished\":\"2022-01-05T12:10:11+00:00\",\"dateModified\":\"2024-10-14T15:03:23+00:00\",\"breadcrumb\":{\"@id\":\"https:\/\/mailrelay.com\/pt\/politica-de-privacidade\/#breadcrumb\"},\"inLanguage\":\"pt-BR\",\"potentialAction\":[{\"@type\":\"ReadAction\",\"target\":[\"https:\/\/mailrelay.com\/pt\/politica-de-privacidade\/\"]}]},{\"@type\":\"BreadcrumbList\",\"@id\":\"https:\/\/mailrelay.com\/pt\/politica-de-privacidade\/#breadcrumb\",\"itemListElement\":[{\"@type\":\"ListItem\",\"position\":1,\"name\":\"Home\",\"item\":\"https:\/\/mailrelay.com\/pt\/\"},{\"@type\":\"ListItem\",\"position\":2,\"name\":\"Pol\u00edtica de Privacidade &amp; Cookies\"}]},{\"@type\":\"WebSite\",\"@id\":\"https:\/\/mailrelay.com\/pt\/#website\",\"url\":\"https:\/\/mailrelay.com\/pt\/\",\"name\":\"Mailrelay\",\"description\":\"Mailrelay.com - Email Marketing Software\",\"publisher\":{\"@id\":\"https:\/\/mailrelay.com\/pt\/#organization\"},\"potentialAction\":[{\"@type\":\"SearchAction\",\"target\":{\"@type\":\"EntryPoint\",\"urlTemplate\":\"https:\/\/mailrelay.com\/pt\/?s={search_term_string}\"},\"query-input\":{\"@type\":\"PropertyValueSpecification\",\"valueRequired\":true,\"valueName\":\"search_term_string\"}}],\"inLanguage\":\"pt-BR\"},{\"@type\":\"Organization\",\"@id\":\"https:\/\/mailrelay.com\/pt\/#organization\",\"name\":\"Mailrelay\",\"url\":\"https:\/\/mailrelay.com\/pt\/\",\"logo\":{\"@type\":\"ImageObject\",\"inLanguage\":\"pt-BR\",\"@id\":\"https:\/\/mailrelay.com\/pt\/#\/schema\/logo\/image\/\",\"url\":\"https:\/\/mailrelay.com\/wp-content\/uploads\/2019\/05\/mailrelay-logo.jpg\",\"contentUrl\":\"https:\/\/mailrelay.com\/wp-content\/uploads\/2019\/05\/mailrelay-logo.jpg\",\"width\":613,\"height\":291,\"caption\":\"Mailrelay\"},\"image\":{\"@id\":\"https:\/\/mailrelay.com\/pt\/#\/schema\/logo\/image\/\"},\"sameAs\":[\"https:\/\/www.facebook.com\/Mailrelay\/\",\"https:\/\/x.com\/mailrelay\",\"https:\/\/www.youtube.com\/mailrelay-email-marketing\"]}]}<\/script>\n<!-- \/ Yoast SEO plugin. -->","yoast_head_json":{"title":"Pol\u00edtica de Privacidade &amp; Cookies - Mailrelay","robots":{"index":"index","follow":"follow","max-snippet":"max-snippet:-1","max-image-preview":"max-image-preview:large","max-video-preview":"max-video-preview:-1"},"canonical":"https:\/\/mailrelay.com\/pt\/politica-de-privacidade\/","og_locale":"pt_BR","og_type":"article","og_title":"Pol\u00edtica de Privacidade &amp; Cookies - Mailrelay","og_description":"Informaci\u00f3n general CPC Servicios Inform\u00e1ticos Aplicados a Nuevas Tecnolog\u00edas S.L. (doravante &#8220;MAILRELAY&#8221;) \u00e9 o propriet\u00e1rio do website https:\/\/mailrelay.com (doravante &#8220;WEBSITE&#8221;), com sede social em C\/ Nardo, 12 28250 \u2013 Torrelodones \u2013 Madrid \u2013 Espanha, e NIF ESB83964601. Este WEBSITE \u00e9 destinado a promover e comunicar sua ferramenta de Email Marketing. MAILRELAY garante a prote\u00e7\u00e3o de [&hellip;]","og_url":"https:\/\/mailrelay.com\/pt\/politica-de-privacidade\/","og_site_name":"Mailrelay","article_publisher":"https:\/\/www.facebook.com\/Mailrelay\/","article_modified_time":"2024-10-14T15:03:23+00:00","twitter_card":"summary_large_image","twitter_site":"@mailrelay","twitter_misc":{"Est. tempo de leitura":"5 minutos"},"schema":{"@context":"https:\/\/schema.org","@graph":[{"@type":"WebPage","@id":"https:\/\/mailrelay.com\/pt\/politica-de-privacidade\/","url":"https:\/\/mailrelay.com\/pt\/politica-de-privacidade\/","name":"Pol\u00edtica de Privacidade &amp; Cookies - Mailrelay","isPartOf":{"@id":"https:\/\/mailrelay.com\/pt\/#website"},"datePublished":"2022-01-05T12:10:11+00:00","dateModified":"2024-10-14T15:03:23+00:00","breadcrumb":{"@id":"https:\/\/mailrelay.com\/pt\/politica-de-privacidade\/#breadcrumb"},"inLanguage":"pt-BR","potentialAction":[{"@type":"ReadAction","target":["https:\/\/mailrelay.com\/pt\/politica-de-privacidade\/"]}]},{"@type":"BreadcrumbList","@id":"https:\/\/mailrelay.com\/pt\/politica-de-privacidade\/#breadcrumb","itemListElement":[{"@type":"ListItem","position":1,"name":"Home","item":"https:\/\/mailrelay.com\/pt\/"},{"@type":"ListItem","position":2,"name":"Pol\u00edtica de Privacidade &amp; Cookies"}]},{"@type":"WebSite","@id":"https:\/\/mailrelay.com\/pt\/#website","url":"https:\/\/mailrelay.com\/pt\/","name":"Mailrelay","description":"Mailrelay.com - Email Marketing Software","publisher":{"@id":"https:\/\/mailrelay.com\/pt\/#organization"},"potentialAction":[{"@type":"SearchAction","target":{"@type":"EntryPoint","urlTemplate":"https:\/\/mailrelay.com\/pt\/?s={search_term_string}"},"query-input":{"@type":"PropertyValueSpecification","valueRequired":true,"valueName":"search_term_string"}}],"inLanguage":"pt-BR"},{"@type":"Organization","@id":"https:\/\/mailrelay.com\/pt\/#organization","name":"Mailrelay","url":"https:\/\/mailrelay.com\/pt\/","logo":{"@type":"ImageObject","inLanguage":"pt-BR","@id":"https:\/\/mailrelay.com\/pt\/#\/schema\/logo\/image\/","url":"https:\/\/mailrelay.com\/wp-content\/uploads\/2019\/05\/mailrelay-logo.jpg","contentUrl":"https:\/\/mailrelay.com\/wp-content\/uploads\/2019\/05\/mailrelay-logo.jpg","width":613,"height":291,"caption":"Mailrelay"},"image":{"@id":"https:\/\/mailrelay.com\/pt\/#\/schema\/logo\/image\/"},"sameAs":["https:\/\/www.facebook.com\/Mailrelay\/","https:\/\/x.com\/mailrelay","https:\/\/www.youtube.com\/mailrelay-email-marketing"]}]}},"uagb_featured_image_src":{"full":false,"thumbnail":false,"medium":false,"medium_large":false,"large":false,"1536x1536":false,"2048x2048":false,"testimonials":false,"author-image":false,"yarpp-thumbnail":false},"uagb_author_info":{"display_name":"Mailrelay","author_link":"https:\/\/mailrelay.com\/pt\/blog\/author\/mailrelay\/"},"uagb_comment_info":0,"uagb_excerpt":"Informaci\u00f3n general CPC Servicios Inform\u00e1ticos Aplicados a Nuevas Tecnolog\u00edas S.L. (doravante &#8220;MAILRELAY&#8221;) \u00e9 o propriet\u00e1rio do website https:\/\/mailrelay.com (doravante &#8220;WEBSITE&#8221;), com sede social em C\/ Nardo, 12 28250 \u2013 Torrelodones \u2013 Madrid \u2013 Espanha, e NIF ESB83964601. Este WEBSITE \u00e9 destinado a promover e comunicar sua ferramenta de Email Marketing. MAILRELAY garante a prote\u00e7\u00e3o de&hellip;","_links":{"self":[{"href":"https:\/\/mailrelay.com\/pt\/wp-json\/wp\/v2\/pages\/44055","targetHints":{"allow":["GET"]}}],"collection":[{"href":"https:\/\/mailrelay.com\/pt\/wp-json\/wp\/v2\/pages"}],"about":[{"href":"https:\/\/mailrelay.com\/pt\/wp-json\/wp\/v2\/types\/page"}],"author":[{"embeddable":true,"href":"https:\/\/mailrelay.com\/pt\/wp-json\/wp\/v2\/users\/1"}],"replies":[{"embeddable":true,"href":"https:\/\/mailrelay.com\/pt\/wp-json\/wp\/v2\/comments?post=44055"}],"version-history":[{"count":6,"href":"https:\/\/mailrelay.com\/pt\/wp-json\/wp\/v2\/pages\/44055\/revisions"}],"predecessor-version":[{"id":82388,"href":"https:\/\/mailrelay.com\/pt\/wp-json\/wp\/v2\/pages\/44055\/revisions\/82388"}],"wp:attachment":[{"href":"https:\/\/mailrelay.com\/pt\/wp-json\/wp\/v2\/media?parent=44055"}],"curies":[{"name":"wp","href":"https:\/\/api.w.org\/{rel}","templated":true}]}}