{"id":45773,"date":"2022-03-08T18:25:09","date_gmt":"2022-03-08T18:25:09","guid":{"rendered":"https:\/\/mailrelay.com\/about-mailrelay\/"},"modified":"2022-05-20T15:08:12","modified_gmt":"2022-05-20T15:08:12","slug":"sobre-mailrelay","status":"publish","type":"page","link":"https:\/\/mailrelay.com\/pt\/sobre-mailrelay\/","title":{"rendered":"Sobre a Mailrelay"},"content":{"rendered":"\n<div class=\"wp-block-group site-wrapper\"><div class=\"wp-block-group__inner-container is-layout-flow wp-block-group-is-layout-flow\">\n<p>Em email marketing o mais importante, o que pode fazer a diferen\u00e7a entre o sucesso ou fracasso \u00e9 que seus emails acabem na pasta de spam ou na caixa de entrada.<\/p>\n\n\n\n<p><strong>No entanto, isso n\u00e3o deve ser uma das suas preocupa\u00e7\u00f5es.<\/strong><\/p>\n\n\n\n<p>O seu<em> neg\u00f3cio precisa<\/em> de vendas e para isso voc\u00ea precisa focar em a\u00e7\u00f5es que oferecem algum tipo de retorno. Como capturar novos leads ou preparar e enviar campanhas e newsletters de vendas.<\/p>\n\n\n\n<p>Para isso a Mailrelay oferece ferramentas simples e f\u00e1ceis de usar. Como um editor drag and drop, ou um criador de formul\u00e1rios. Voc\u00ea poder\u00e1 usar todos os recursos sem nenhum tipo de experi\u00eancia.<\/p>\n\n\n\n<p>E se <strong>a qualquer momento voc\u00ea tiver problemas<\/strong> com a entrega dos seus emails, ou qualquer outra quest\u00e3o, voc\u00ea pode entrar em contato com nossa equipe de suporte por chat, ticket ou fone.<\/p>\n\n\n\n<p>Isto \u00e9 exatamente o que n\u00f3s na <strong>Mailrelay podemos ajud\u00e1-lo nisso. Para resolver estes problemas<\/strong> para que suas campanhas tenham os resultados que sua empresa precisa.<\/p>\n\n\n\n<div class=\"wp-block-image\"><figure class=\"aligncenter size-full\"><img loading=\"lazy\" decoding=\"async\" width=\"447\" height=\"125\" src=\"https:\/\/mailrelay.com\/wp-content\/uploads\/2022\/01\/mailrelay-reviews.png\" alt=\"\" class=\"wp-image-44255\" srcset=\"https:\/\/mailrelay.com\/wp-content\/uploads\/2022\/01\/mailrelay-reviews.png 447w, https:\/\/mailrelay.com\/wp-content\/uploads\/2022\/01\/mailrelay-reviews-300x84.png 300w, https:\/\/mailrelay.com\/wp-content\/uploads\/2022\/01\/mailrelay-reviews-110x31.png 110w\" sizes=\"auto, (max-width: 447px) 100vw, 447px\" \/><\/figure><\/div>\n\n\n\n<h2 class=\"wp-block-heading\">Voc\u00ea n\u00e3o acha que seria mais f\u00e1cil obter resultados em suas campanhas de email marketing com nossa ajuda?<\/h2>\n\n\n\n<p>Sim, ser\u00e1.<\/p>\n\n\n\n<p>E para que voc\u00ea possa conferir sem risco ou compromisso, criamos a maior conta de email marketing gratuita.<\/p>\n\n\n\n<p>Crie sua conta gratuita, experimente. Inclui o mesmo suporte que as contas pagas, as mesmas caracter\u00edsticas, \u00e9 id\u00eantica. Ela que permite que voc\u00ea envie at\u00e9 80.000 emails por m\u00eas.<\/p>\n\n\n\n<p><strong>Tem certeza de que sua empresa n\u00e3o pode aproveitar o envio de algumas campanhas de email marketing sem nenhum custo?<\/strong><\/p>\n<\/div><\/div>\n\n<p><\/p>\n","protected":false},"excerpt":{"rendered":"<p>Em email marketing o mais importante, o que pode fazer a diferen\u00e7a entre o sucesso ou fracasso \u00e9 que seus emails acabem na pasta de spam ou na caixa de entrada. No entanto, isso n\u00e3o deve ser uma das suas preocupa\u00e7\u00f5es. O seu neg\u00f3cio precisa de vendas e para isso voc\u00ea precisa focar em a\u00e7\u00f5es [&hellip;]<\/p>\n","protected":false},"author":1,"featured_media":0,"parent":0,"menu_order":0,"comment_status":"closed","ping_status":"closed","template":"","meta":{"_uag_custom_page_level_css":"","footnotes":""},"class_list":["post-45773","page","type-page","status-publish","hentry"],"yoast_head":"<!-- This site is optimized with the Yoast SEO plugin v27.3 - https:\/\/yoast.com\/product\/yoast-seo-wordpress\/ -->\n<title>Sobre a Mailrelay - Mailrelay<\/title>\n<meta name=\"robots\" content=\"index, follow, max-snippet:-1, max-image-preview:large, max-video-preview:-1\" \/>\n<link rel=\"canonical\" href=\"https:\/\/mailrelay.com\/pt\/sobre-mailrelay\/\" \/>\n<meta property=\"og:locale\" content=\"pt_BR\" \/>\n<meta property=\"og:type\" content=\"article\" \/>\n<meta property=\"og:title\" content=\"Sobre a Mailrelay - Mailrelay\" \/>\n<meta property=\"og:description\" content=\"Em email marketing o mais importante, o que pode fazer a diferen\u00e7a entre o sucesso ou fracasso \u00e9 que seus emails acabem na pasta de spam ou na caixa de entrada. No entanto, isso n\u00e3o deve ser uma das suas preocupa\u00e7\u00f5es. O seu neg\u00f3cio precisa de vendas e para isso voc\u00ea precisa focar em a\u00e7\u00f5es [&hellip;]\" \/>\n<meta property=\"og:url\" content=\"https:\/\/mailrelay.com\/pt\/sobre-mailrelay\/\" \/>\n<meta property=\"og:site_name\" content=\"Mailrelay\" \/>\n<meta property=\"article:publisher\" content=\"https:\/\/www.facebook.com\/Mailrelay\/\" \/>\n<meta property=\"article:modified_time\" content=\"2022-05-20T15:08:12+00:00\" \/>\n<meta property=\"og:image\" content=\"https:\/\/mailrelay.com\/wp-content\/uploads\/2022\/01\/mailrelay-reviews.png\" \/>\n<meta name=\"twitter:card\" content=\"summary_large_image\" \/>\n<meta name=\"twitter:site\" content=\"@mailrelay\" \/>\n<meta name=\"twitter:label1\" content=\"Est. tempo de leitura\" \/>\n\t<meta name=\"twitter:data1\" content=\"1 minuto\" \/>\n<script type=\"application\/ld+json\" class=\"yoast-schema-graph\">{\"@context\":\"https:\\\/\\\/schema.org\",\"@graph\":[{\"@type\":\"WebPage\",\"@id\":\"https:\\\/\\\/mailrelay.com\\\/pt\\\/sobre-mailrelay\\\/\",\"url\":\"https:\\\/\\\/mailrelay.com\\\/pt\\\/sobre-mailrelay\\\/\",\"name\":\"Sobre a Mailrelay - Mailrelay\",\"isPartOf\":{\"@id\":\"https:\\\/\\\/mailrelay.com\\\/pt\\\/#website\"},\"primaryImageOfPage\":{\"@id\":\"https:\\\/\\\/mailrelay.com\\\/pt\\\/sobre-mailrelay\\\/#primaryimage\"},\"image\":{\"@id\":\"https:\\\/\\\/mailrelay.com\\\/pt\\\/sobre-mailrelay\\\/#primaryimage\"},\"thumbnailUrl\":\"https:\\\/\\\/mailrelay.com\\\/wp-content\\\/uploads\\\/2022\\\/01\\\/mailrelay-reviews.png\",\"datePublished\":\"2022-03-08T18:25:09+00:00\",\"dateModified\":\"2022-05-20T15:08:12+00:00\",\"breadcrumb\":{\"@id\":\"https:\\\/\\\/mailrelay.com\\\/pt\\\/sobre-mailrelay\\\/#breadcrumb\"},\"inLanguage\":\"pt-BR\",\"potentialAction\":[{\"@type\":\"ReadAction\",\"target\":[\"https:\\\/\\\/mailrelay.com\\\/pt\\\/sobre-mailrelay\\\/\"]}]},{\"@type\":\"ImageObject\",\"inLanguage\":\"pt-BR\",\"@id\":\"https:\\\/\\\/mailrelay.com\\\/pt\\\/sobre-mailrelay\\\/#primaryimage\",\"url\":\"https:\\\/\\\/mailrelay.com\\\/wp-content\\\/uploads\\\/2022\\\/01\\\/mailrelay-reviews.png\",\"contentUrl\":\"https:\\\/\\\/mailrelay.com\\\/wp-content\\\/uploads\\\/2022\\\/01\\\/mailrelay-reviews.png\"},{\"@type\":\"BreadcrumbList\",\"@id\":\"https:\\\/\\\/mailrelay.com\\\/pt\\\/sobre-mailrelay\\\/#breadcrumb\",\"itemListElement\":[{\"@type\":\"ListItem\",\"position\":1,\"name\":\"Home\",\"item\":\"https:\\\/\\\/mailrelay.com\\\/pt\\\/\"},{\"@type\":\"ListItem\",\"position\":2,\"name\":\"Sobre a Mailrelay\"}]},{\"@type\":\"WebSite\",\"@id\":\"https:\\\/\\\/mailrelay.com\\\/pt\\\/#website\",\"url\":\"https:\\\/\\\/mailrelay.com\\\/pt\\\/\",\"name\":\"Mailrelay\",\"description\":\"Mailrelay.com - Email Marketing Software\",\"publisher\":{\"@id\":\"https:\\\/\\\/mailrelay.com\\\/pt\\\/#organization\"},\"potentialAction\":[{\"@type\":\"SearchAction\",\"target\":{\"@type\":\"EntryPoint\",\"urlTemplate\":\"https:\\\/\\\/mailrelay.com\\\/pt\\\/?s={search_term_string}\"},\"query-input\":{\"@type\":\"PropertyValueSpecification\",\"valueRequired\":true,\"valueName\":\"search_term_string\"}}],\"inLanguage\":\"pt-BR\"},{\"@type\":\"Organization\",\"@id\":\"https:\\\/\\\/mailrelay.com\\\/pt\\\/#organization\",\"name\":\"Mailrelay\",\"url\":\"https:\\\/\\\/mailrelay.com\\\/pt\\\/\",\"logo\":{\"@type\":\"ImageObject\",\"inLanguage\":\"pt-BR\",\"@id\":\"https:\\\/\\\/mailrelay.com\\\/pt\\\/#\\\/schema\\\/logo\\\/image\\\/\",\"url\":\"https:\\\/\\\/mailrelay.com\\\/wp-content\\\/uploads\\\/2019\\\/05\\\/mailrelay-logo.jpg\",\"contentUrl\":\"https:\\\/\\\/mailrelay.com\\\/wp-content\\\/uploads\\\/2019\\\/05\\\/mailrelay-logo.jpg\",\"width\":613,\"height\":291,\"caption\":\"Mailrelay\"},\"image\":{\"@id\":\"https:\\\/\\\/mailrelay.com\\\/pt\\\/#\\\/schema\\\/logo\\\/image\\\/\"},\"sameAs\":[\"https:\\\/\\\/www.facebook.com\\\/Mailrelay\\\/\",\"https:\\\/\\\/x.com\\\/mailrelay\",\"https:\\\/\\\/www.youtube.com\\\/mailrelay-email-marketing\"]}]}<\/script>\n<!-- \/ Yoast SEO plugin. -->","yoast_head_json":{"title":"Sobre a Mailrelay - Mailrelay","robots":{"index":"index","follow":"follow","max-snippet":"max-snippet:-1","max-image-preview":"max-image-preview:large","max-video-preview":"max-video-preview:-1"},"canonical":"https:\/\/mailrelay.com\/pt\/sobre-mailrelay\/","og_locale":"pt_BR","og_type":"article","og_title":"Sobre a Mailrelay - Mailrelay","og_description":"Em email marketing o mais importante, o que pode fazer a diferen\u00e7a entre o sucesso ou fracasso \u00e9 que seus emails acabem na pasta de spam ou na caixa de entrada. No entanto, isso n\u00e3o deve ser uma das suas preocupa\u00e7\u00f5es. O seu neg\u00f3cio precisa de vendas e para isso voc\u00ea precisa focar em a\u00e7\u00f5es [&hellip;]","og_url":"https:\/\/mailrelay.com\/pt\/sobre-mailrelay\/","og_site_name":"Mailrelay","article_publisher":"https:\/\/www.facebook.com\/Mailrelay\/","article_modified_time":"2022-05-20T15:08:12+00:00","og_image":[{"url":"https:\/\/mailrelay.com\/wp-content\/uploads\/2022\/01\/mailrelay-reviews.png","type":"","width":"","height":""}],"twitter_card":"summary_large_image","twitter_site":"@mailrelay","twitter_misc":{"Est. tempo de leitura":"1 minuto"},"schema":{"@context":"https:\/\/schema.org","@graph":[{"@type":"WebPage","@id":"https:\/\/mailrelay.com\/pt\/sobre-mailrelay\/","url":"https:\/\/mailrelay.com\/pt\/sobre-mailrelay\/","name":"Sobre a Mailrelay - Mailrelay","isPartOf":{"@id":"https:\/\/mailrelay.com\/pt\/#website"},"primaryImageOfPage":{"@id":"https:\/\/mailrelay.com\/pt\/sobre-mailrelay\/#primaryimage"},"image":{"@id":"https:\/\/mailrelay.com\/pt\/sobre-mailrelay\/#primaryimage"},"thumbnailUrl":"https:\/\/mailrelay.com\/wp-content\/uploads\/2022\/01\/mailrelay-reviews.png","datePublished":"2022-03-08T18:25:09+00:00","dateModified":"2022-05-20T15:08:12+00:00","breadcrumb":{"@id":"https:\/\/mailrelay.com\/pt\/sobre-mailrelay\/#breadcrumb"},"inLanguage":"pt-BR","potentialAction":[{"@type":"ReadAction","target":["https:\/\/mailrelay.com\/pt\/sobre-mailrelay\/"]}]},{"@type":"ImageObject","inLanguage":"pt-BR","@id":"https:\/\/mailrelay.com\/pt\/sobre-mailrelay\/#primaryimage","url":"https:\/\/mailrelay.com\/wp-content\/uploads\/2022\/01\/mailrelay-reviews.png","contentUrl":"https:\/\/mailrelay.com\/wp-content\/uploads\/2022\/01\/mailrelay-reviews.png"},{"@type":"BreadcrumbList","@id":"https:\/\/mailrelay.com\/pt\/sobre-mailrelay\/#breadcrumb","itemListElement":[{"@type":"ListItem","position":1,"name":"Home","item":"https:\/\/mailrelay.com\/pt\/"},{"@type":"ListItem","position":2,"name":"Sobre a Mailrelay"}]},{"@type":"WebSite","@id":"https:\/\/mailrelay.com\/pt\/#website","url":"https:\/\/mailrelay.com\/pt\/","name":"Mailrelay","description":"Mailrelay.com - Email Marketing Software","publisher":{"@id":"https:\/\/mailrelay.com\/pt\/#organization"},"potentialAction":[{"@type":"SearchAction","target":{"@type":"EntryPoint","urlTemplate":"https:\/\/mailrelay.com\/pt\/?s={search_term_string}"},"query-input":{"@type":"PropertyValueSpecification","valueRequired":true,"valueName":"search_term_string"}}],"inLanguage":"pt-BR"},{"@type":"Organization","@id":"https:\/\/mailrelay.com\/pt\/#organization","name":"Mailrelay","url":"https:\/\/mailrelay.com\/pt\/","logo":{"@type":"ImageObject","inLanguage":"pt-BR","@id":"https:\/\/mailrelay.com\/pt\/#\/schema\/logo\/image\/","url":"https:\/\/mailrelay.com\/wp-content\/uploads\/2019\/05\/mailrelay-logo.jpg","contentUrl":"https:\/\/mailrelay.com\/wp-content\/uploads\/2019\/05\/mailrelay-logo.jpg","width":613,"height":291,"caption":"Mailrelay"},"image":{"@id":"https:\/\/mailrelay.com\/pt\/#\/schema\/logo\/image\/"},"sameAs":["https:\/\/www.facebook.com\/Mailrelay\/","https:\/\/x.com\/mailrelay","https:\/\/www.youtube.com\/mailrelay-email-marketing"]}]}},"uagb_featured_image_src":{"full":false,"thumbnail":false,"medium":false,"medium_large":false,"large":false,"1536x1536":false,"2048x2048":false,"testimonials":false,"author-image":false,"yarpp-thumbnail":false},"uagb_author_info":{"display_name":"Mailrelay","author_link":"https:\/\/mailrelay.com\/pt\/blog\/author\/mailrelay\/"},"uagb_comment_info":0,"uagb_excerpt":"Em email marketing o mais importante, o que pode fazer a diferen\u00e7a entre o sucesso ou fracasso \u00e9 que seus emails acabem na pasta de spam ou na caixa de entrada. No entanto, isso n\u00e3o deve ser uma das suas preocupa\u00e7\u00f5es. O seu neg\u00f3cio precisa de vendas e para isso voc\u00ea precisa focar em a\u00e7\u00f5es&hellip;","_links":{"self":[{"href":"https:\/\/mailrelay.com\/pt\/wp-json\/wp\/v2\/pages\/45773","targetHints":{"allow":["GET"]}}],"collection":[{"href":"https:\/\/mailrelay.com\/pt\/wp-json\/wp\/v2\/pages"}],"about":[{"href":"https:\/\/mailrelay.com\/pt\/wp-json\/wp\/v2\/types\/page"}],"author":[{"embeddable":true,"href":"https:\/\/mailrelay.com\/pt\/wp-json\/wp\/v2\/users\/1"}],"replies":[{"embeddable":true,"href":"https:\/\/mailrelay.com\/pt\/wp-json\/wp\/v2\/comments?post=45773"}],"version-history":[{"count":11,"href":"https:\/\/mailrelay.com\/pt\/wp-json\/wp\/v2\/pages\/45773\/revisions"}],"predecessor-version":[{"id":51583,"href":"https:\/\/mailrelay.com\/pt\/wp-json\/wp\/v2\/pages\/45773\/revisions\/51583"}],"wp:attachment":[{"href":"https:\/\/mailrelay.com\/pt\/wp-json\/wp\/v2\/media?parent=45773"}],"curies":[{"name":"wp","href":"https:\/\/api.w.org\/{rel}","templated":true}]}}