{"id":45830,"date":"2022-03-11T20:24:26","date_gmt":"2022-03-11T20:24:26","guid":{"rendered":"https:\/\/mailrelay.com\/mais-servicos-de-email-marketing\/"},"modified":"2022-12-01T11:12:02","modified_gmt":"2022-12-01T11:12:02","slug":"mais-servicos-de-email-marketing","status":"publish","type":"page","link":"https:\/\/mailrelay.com\/pt\/mais-servicos-de-email-marketing\/","title":{"rendered":"Mais servi\u00e7os de email marketing"},"content":{"rendered":"\n<div class=\"wp-block-group\"><div class=\"wp-block-group__inner-container is-layout-flow wp-block-group-is-layout-flow\">\n<h2 class=\"wp-block-heading\" id=\"consultancy-services-for-esp-systems\">Servi\u00e7os de consultoria para sistemas ESP<\/h2>\n\n\n\n<p>A Mailrelay oferece sistemas de detec\u00e7\u00e3o de poss\u00edveis problemas para o correto gerenciamento da nossa plataforma com sistemas de detec\u00e7\u00e3o autom\u00e1tica e cont\u00ednua para saber se algum IP foi adicionado a uma lista negra, gerenciamento e processamento de emails reportados como Spam com integra\u00e7\u00e3o com provedores, balanceamento de carga e picos de largura de banda para envio de emails ou quando um usu\u00e1rio aumenta a velocidade de entrega no painel etc.<\/p>\n\n\n\n<p>Por padr\u00e3o, isso \u00e9 gerenciado pelo software, mas em certas situa\u00e7\u00f5es voc\u00ea pode precisar de um suporte mais personalizado, por exemplo, quando voc\u00ea n\u00e3o pode permitir que seu dom\u00ednio seja adicionado a nenhuma lista negra porque isso pode afetar sua conta de e-mail corporativa ou se voc\u00ea precisar , durante uma campanha muito importante para ver se h\u00e1 algum problema e ter \u00e0 sua disposi\u00e7\u00e3o um t\u00e9cnico para monitorar e pausar a campanha caso seja detectado um aviso de problema.<\/p>\n\n\n\n<p>Para esses casos, podemos oferecer a voc\u00ea nossos administradores de sistema que podem ajud\u00e1-lo a gerenciar o sistema ou oferecer uma solu\u00e7\u00e3o personalizada com uma infraestrutura avan\u00e7ada caso voc\u00ea precise. Profissionais com mais de 20 anos de experi\u00eancia, certificados pelos l\u00edderes do setor de TI como parceiros.<\/p>\n\n\n\n<div class=\"wp-block-group more-services-pricing\"><div class=\"wp-block-group__inner-container is-layout-flow wp-block-group-is-layout-flow\">\n<p><strong>Sistema de consultoria para ESP-250 EUR\/hora + IVA<\/strong><\/p>\n\n\n\n<p>\u00c9 importante observar que em uma emerg\u00eancia podemos mobilizar nossa equipe em menos de uma hora para iniciar qualquer tarefa ou integra\u00e7\u00e3o 24 horas por dia (seria aplicada uma taxa de 50%).<\/p>\n<\/div><\/div>\n\n\n\n<hr class=\"wp-block-separator is-style-wide\"\/>\n<\/div><\/div>\n\n<div class=\"wp-block-group\"><div class=\"wp-block-group__inner-container is-layout-flow wp-block-group-is-layout-flow\">\n<h2 class=\"wp-block-heading\" id=\"consultancy-services-for-esp-systems\">Consultoria para servi\u00e7os de email marketing<\/h2>\n\n\n\n<p>Voc\u00ea precisa de um estudo de mercado em potencial para sua campanha ou estrat\u00e9gia de email marketing? Quer saber o que seus concorrentes est\u00e3o fazendo e o que funcionaria para voc\u00ea? Gostaria de maximizar os resultados das suas newsletters e landing pages com um design adaptado \u00e0 sua campanha, de acordo com o seu posicionamento e perfil alvo?<\/p>\n\n\n\n<p>Gostaria de maximizar os resultados das suas newsletters e landing pages com um design adaptado \u00e0 sua campanha, de acordo com o seu posicionamento e perfil alvo?<\/p>\n\n\n\n<p>Se a resposta for sim, podemos ajudar oferecendo a experi\u00eancia e treinamento de nossos consultores em marketing online que possuem mais de 35 anos de experi\u00eancia em tecnologia da informa\u00e7\u00e3o e marketing, formados nas mais prestigiadas universidades e escolas de neg\u00f3cios.<\/p>\n\n\n\n<p>Por favor entre em contato conosco para explicar o seu projeto e necessidades e podemos enviar-lhe uma proposta personalizada para uma an\u00e1lise da sua situa\u00e7\u00e3o atual e apresentar uma estrat\u00e9gia de email marketing para melhorar os seus resultados.<\/p>\n\n\n\n<div class=\"wp-block-group more-services-pricing\"><div class=\"wp-block-group__inner-container is-layout-flow wp-block-group-is-layout-flow\">\n<p><strong><strong>Consultoria avan\u00e7ada para email marketing \u2013 150 euros\/hora + IVA<\/strong><\/strong><\/p>\n\n\n\n<p>Em caso de emerg\u00eancia, podemos mobilizar nossa equipe em menos de uma hora para iniciar qualquer tarefa ou integra\u00e7\u00e3o 24 horas por dia (seria aplicada uma taxa de 50%).<\/p>\n<\/div><\/div>\n\n\n\n<hr class=\"wp-block-separator is-style-wide\"\/>\n<\/div><\/div>\n\n<div class=\"wp-block-group\"><div class=\"wp-block-group__inner-container is-layout-flow wp-block-group-is-layout-flow\">\n<h2 class=\"wp-block-heading\" id=\"consultancy-services-for-esp-systems\">Servi\u00e7os de desenvolvimento e integra\u00e7\u00e3o customizada para a Mailrelay<\/h2>\n\n\n\n<p>A Mailrelay \u00e9 uma plataforma espanhola desenvolvida com tecnologia 100% propriet\u00e1ria, permitindo algo que poucos provedores de ESP podem oferecer:<\/p>\n\n\n\n<p><strong>Podemos fazer quaisquer altera\u00e7\u00f5es personalizadas na plataforma solicitadas pelos nossos clientes.<\/strong><\/p>\n\n\n\n<p>Esta \u00e9 uma vantagem que nos torna um dos provedores de email marketing favoritos das grandes empresas.<\/p>\n\n\n\n<p>Nesses casos, um desconto tamb\u00e9m pode ser aplicado, pois a Mailrelay poder\u00e1 pagar parte do custo do servi\u00e7o, pois a melhoria ser\u00e1 \u00fatil para todos os usu\u00e1rios do nosso programa de email marketing, podendo inclusive ser feita 100% gratuitamente.<\/p>\n\n\n\n<p>Al\u00e9m do desenvolvimento de servi\u00e7os, tamb\u00e9m oferecemos nosso Departamento de Desenvolvimento para integrar a plataforma de email marketing em qualquer CRM, aplica\u00e7\u00f5es web, sistema de e-commerce, etc.<\/p>\n\n\n\n<p>Nesses casos, as taxas s\u00e3o mais baratas, pois como se trata de uma altera\u00e7\u00e3o externa, n\u00e3o \u00e9 necess\u00e1rio fazer testes alfas e betas que ter\u00edamos que fazer se estiv\u00e9ssemos alterando as funcionalidades do nosso pr\u00f3prio software.<\/p>\n\n\n\n<p>\u00c9 importante referir que o nosso Departamento de Desenvolvimento tem a forma\u00e7\u00e3o e as mais prestigiadas certifica\u00e7\u00f5es da ind\u00fastria, o que garantir\u00e1 a melhor qualidade, tanto pelo resultado como pela metodologia que utilizar\u00e3o para finalizar o trabalho.<\/p>\n\n\n\n<div class=\"wp-block-group more-services-pricing\"><div class=\"wp-block-group__inner-container is-layout-flow wp-block-group-is-layout-flow\">\n<p><strong>Desenvolvimento de novas funcionalidades para a Mailrelay \u2013 300 eur\/hora + IVA<\/strong><\/p>\n\n\n\n<p><strong>Servi\u00e7o de integra\u00e7\u00e3o da Mailrelay com sistemas externos \u2013 300 EUR\/hora + IVA <\/strong><\/p>\n\n\n\n<p>Em caso de emerg\u00eancia, podemos mobilizar nossa equipe em menos de uma hora para iniciar qualquer tarefa ou integra\u00e7\u00e3o 24 horas por dia (seria aplicada uma taxa de 50%).<\/p>\n<\/div><\/div>\n\n\n\n<hr class=\"wp-block-separator is-style-wide\"\/>\n<\/div><\/div>\n\n<div class=\"wp-block-group\"><div class=\"wp-block-group__inner-container is-layout-flow wp-block-group-is-layout-flow\">\n<h2 class=\"wp-block-heading\" id=\"consultancy-services-for-esp-systems\">Servi\u00e7o de design de newsletter e tarefas de gerenciamento para o painel da Mailrelay<\/h2>\n\n\n\n<p>A equipe da Mailrelay sempre deseja que voc\u00ea aproveite ao m\u00e1ximo nosso servi\u00e7o e que suas newsletters tenham o sucesso desejado.<\/p>\n\n\n\n<p>Sabemos que muitas vezes, muitas empresas s\u00f3 t\u00eam tempo ou recursos para planejar as a\u00e7\u00f5es de email marketing, mas n\u00e3o para trabalhar com o design de newsletters, analisar os resultados, usar as ferramentas necess\u00e1rias para direcionar bancos de dados, etc.<\/p>\n\n\n\n<p>Por isso, oferecemos um servi\u00e7o de gerenciamento do painel da Mailrelay incluindo, por exemplo, o design de suas newsletters por nossos especialistas em email marketing, avalia\u00e7\u00e3o e an\u00e1lise de estat\u00edsticas, gerenciamento e segmenta\u00e7\u00e3o de base de dados de assinantes, revis\u00e3o de bounces e gera\u00e7\u00e3o de relat\u00f3rios explicativos, etc. Depois de enviar uma newsletter, voc\u00ea tamb\u00e9m pode pedir a um de nossos especialistas para verificar os resultados e o status de seus endere\u00e7os de e-mail de remetente e IPs espec\u00edficos, por exemplo, se eles foram adicionados a listas negras ou qual \u00e9 seu status atual, se voc\u00ea precisar de uma avalia\u00e7\u00e3o pr\u00e9via antes de come\u00e7ar a enviar usando nossa plataforma de email marketing.<\/p>\n\n\n\n<p>Esperamos que este servi\u00e7o o ajude a iniciar o seu projeto de email marketing, terceirizando estas tarefas, com todas as garantias da nossa empresa.<\/p>\n\n\n\n<div class=\"wp-block-group more-services-pricing\"><div class=\"wp-block-group__inner-container is-layout-flow wp-block-group-is-layout-flow\">\n<p><strong><strong>Custo do design de templates ou tarefas de gerenciamento do sistema \u2013 100 euros\/hora + IVA<\/strong> <\/strong><\/p>\n\n\n\n<p>Em caso de emerg\u00eancia, podemos mobilizar nossa equipe em menos de uma hora para iniciar qualquer tarefa ou integra\u00e7\u00e3o 24 horas por dia (seria aplicada uma taxa de 50%).<\/p>\n<\/div><\/div>\n\n\n\n<hr class=\"wp-block-separator is-style-wide\"\/>\n<\/div><\/div>\n\n<div class=\"wp-block-group more-services-summary\"><div class=\"wp-block-group__inner-container is-layout-flow wp-block-group-is-layout-flow\">\n<h2 class=\"wp-block-heading\" id=\"summary\">Resumo<\/h2>\n\n\n\n<h3 class=\"wp-block-heading\" id=\"email-marketing-services-and-platform\">SERVI\u00c7OS E PLATAFORMA DE EMAIL MARKETING<\/h3>\n\n\n\n<figure class=\"wp-block-table\"><table><tbody><tr><td>Custo do design de template ou das tarefas de gerenciamento do sistema<\/td><td>100\u20ac\/hora + IVA<\/td><\/tr><tr><td>Desenvolvimento de novas funcionalidades para Mailrelay<\/td><td>300 \u20ac\/hora + IVA<\/td><\/tr><tr><td>Integra\u00e7\u00e3o da plataforma com outros sistemas externos<\/td><td>150 \u20ac\/hora +IVA<\/td><\/tr><tr><td>Servi\u00e7os de consultoria para sistemas ESP<\/td><td>250 \u20ac\/hora +IVA<\/td><\/tr><\/tbody><\/table><\/figure>\n\n\n\n<h3 class=\"wp-block-heading\" id=\"ips-ranges\"> FAIXAS DE IPS<\/h3>\n\n\n\n<figure class=\"wp-block-table\"><table><tbody><tr><td>IP dedicado<\/td><td>600 \u20ac \/ ano<\/td><\/tr><tr><td>8 IPs dedicados<\/td><td>3360 \u20ac \/ ano<\/td><\/tr><tr><td>32 IPs dedicados<\/td><td>7680 \u20ac \/ ano<\/td><\/tr><tr><td>Mudan\u00e7a do IP assignado<\/td><td>300 \u20ac<\/td><\/tr><\/tbody><\/table><\/figure>\n\n\n\n<h3 class=\"wp-block-heading\" id=\"administrative-and-financial-requests\"><strong>PEDIDOS ADMINISTRATIVOS E FINANCEIROS<\/strong><\/h3>\n\n\n\n<figure class=\"wp-block-table\"><table><tbody><tr><td>Verifica\u00e7\u00e3o e mudan\u00e7as personalizadas nas condi\u00e7\u00f5es de contrato<\/td><td>20% of the annual cost of the contract with a minimum of 500 \u20ac<\/td><\/tr><tr><td>Pagamento diferido em 30, 60 ou 90 dias<\/td><td>12% da fatura<\/td><\/tr><\/tbody><\/table><\/figure>\n<\/div><\/div>\n","protected":false},"excerpt":{"rendered":"<p>Servi\u00e7os de consultoria para sistemas ESP A Mailrelay oferece sistemas de detec\u00e7\u00e3o de poss\u00edveis problemas para o correto gerenciamento da nossa plataforma com sistemas de detec\u00e7\u00e3o autom\u00e1tica e cont\u00ednua para saber se algum IP foi adicionado a uma lista negra, gerenciamento e processamento de emails reportados como Spam com integra\u00e7\u00e3o com provedores, balanceamento de carga [&hellip;]<\/p>\n","protected":false},"author":1,"featured_media":0,"parent":0,"menu_order":0,"comment_status":"closed","ping_status":"closed","template":"","meta":{"_uag_custom_page_level_css":"","footnotes":""},"class_list":["post-45830","page","type-page","status-publish","hentry"],"yoast_head":"<!-- This site is optimized with the Yoast SEO plugin v27.0 - https:\/\/yoast.com\/product\/yoast-seo-wordpress\/ -->\n<title>Mais servi\u00e7os de email marketing - Mailrelay<\/title>\n<meta name=\"robots\" content=\"index, follow, max-snippet:-1, max-image-preview:large, max-video-preview:-1\" \/>\n<link rel=\"canonical\" href=\"https:\/\/mailrelay.com\/pt\/mais-servicos-de-email-marketing\/\" \/>\n<meta property=\"og:locale\" content=\"pt_BR\" \/>\n<meta property=\"og:type\" content=\"article\" \/>\n<meta property=\"og:title\" content=\"Mais servi\u00e7os de email marketing - Mailrelay\" \/>\n<meta property=\"og:description\" content=\"Servi\u00e7os de consultoria para sistemas ESP A Mailrelay oferece sistemas de detec\u00e7\u00e3o de poss\u00edveis problemas para o correto gerenciamento da nossa plataforma com sistemas de detec\u00e7\u00e3o autom\u00e1tica e cont\u00ednua para saber se algum IP foi adicionado a uma lista negra, gerenciamento e processamento de emails reportados como Spam com integra\u00e7\u00e3o com provedores, balanceamento de carga [&hellip;]\" \/>\n<meta property=\"og:url\" content=\"https:\/\/mailrelay.com\/pt\/mais-servicos-de-email-marketing\/\" \/>\n<meta property=\"og:site_name\" content=\"Mailrelay\" \/>\n<meta property=\"article:publisher\" content=\"https:\/\/www.facebook.com\/Mailrelay\/\" \/>\n<meta property=\"article:modified_time\" content=\"2022-12-01T11:12:02+00:00\" \/>\n<meta name=\"twitter:card\" content=\"summary_large_image\" \/>\n<meta name=\"twitter:site\" content=\"@mailrelay\" \/>\n<meta name=\"twitter:label1\" content=\"Est. tempo de leitura\" \/>\n\t<meta name=\"twitter:data1\" content=\"5 minutos\" \/>\n<script type=\"application\/ld+json\" class=\"yoast-schema-graph\">{\"@context\":\"https:\/\/schema.org\",\"@graph\":[{\"@type\":\"WebPage\",\"@id\":\"https:\/\/mailrelay.com\/pt\/mais-servicos-de-email-marketing\/\",\"url\":\"https:\/\/mailrelay.com\/pt\/mais-servicos-de-email-marketing\/\",\"name\":\"Mais servi\u00e7os de email marketing - Mailrelay\",\"isPartOf\":{\"@id\":\"https:\/\/mailrelay.com\/pt\/#website\"},\"datePublished\":\"2022-03-11T20:24:26+00:00\",\"dateModified\":\"2022-12-01T11:12:02+00:00\",\"breadcrumb\":{\"@id\":\"https:\/\/mailrelay.com\/pt\/mais-servicos-de-email-marketing\/#breadcrumb\"},\"inLanguage\":\"pt-BR\",\"potentialAction\":[{\"@type\":\"ReadAction\",\"target\":[\"https:\/\/mailrelay.com\/pt\/mais-servicos-de-email-marketing\/\"]}]},{\"@type\":\"BreadcrumbList\",\"@id\":\"https:\/\/mailrelay.com\/pt\/mais-servicos-de-email-marketing\/#breadcrumb\",\"itemListElement\":[{\"@type\":\"ListItem\",\"position\":1,\"name\":\"Home\",\"item\":\"https:\/\/mailrelay.com\/pt\/\"},{\"@type\":\"ListItem\",\"position\":2,\"name\":\"Mais servi\u00e7os de email marketing\"}]},{\"@type\":\"WebSite\",\"@id\":\"https:\/\/mailrelay.com\/pt\/#website\",\"url\":\"https:\/\/mailrelay.com\/pt\/\",\"name\":\"Mailrelay\",\"description\":\"Mailrelay.com - Email Marketing Software\",\"publisher\":{\"@id\":\"https:\/\/mailrelay.com\/pt\/#organization\"},\"potentialAction\":[{\"@type\":\"SearchAction\",\"target\":{\"@type\":\"EntryPoint\",\"urlTemplate\":\"https:\/\/mailrelay.com\/pt\/?s={search_term_string}\"},\"query-input\":{\"@type\":\"PropertyValueSpecification\",\"valueRequired\":true,\"valueName\":\"search_term_string\"}}],\"inLanguage\":\"pt-BR\"},{\"@type\":\"Organization\",\"@id\":\"https:\/\/mailrelay.com\/pt\/#organization\",\"name\":\"Mailrelay\",\"url\":\"https:\/\/mailrelay.com\/pt\/\",\"logo\":{\"@type\":\"ImageObject\",\"inLanguage\":\"pt-BR\",\"@id\":\"https:\/\/mailrelay.com\/pt\/#\/schema\/logo\/image\/\",\"url\":\"https:\/\/mailrelay.com\/wp-content\/uploads\/2019\/05\/mailrelay-logo.jpg\",\"contentUrl\":\"https:\/\/mailrelay.com\/wp-content\/uploads\/2019\/05\/mailrelay-logo.jpg\",\"width\":613,\"height\":291,\"caption\":\"Mailrelay\"},\"image\":{\"@id\":\"https:\/\/mailrelay.com\/pt\/#\/schema\/logo\/image\/\"},\"sameAs\":[\"https:\/\/www.facebook.com\/Mailrelay\/\",\"https:\/\/x.com\/mailrelay\",\"https:\/\/www.youtube.com\/mailrelay-email-marketing\"]}]}<\/script>\n<!-- \/ Yoast SEO plugin. -->","yoast_head_json":{"title":"Mais servi\u00e7os de email marketing - Mailrelay","robots":{"index":"index","follow":"follow","max-snippet":"max-snippet:-1","max-image-preview":"max-image-preview:large","max-video-preview":"max-video-preview:-1"},"canonical":"https:\/\/mailrelay.com\/pt\/mais-servicos-de-email-marketing\/","og_locale":"pt_BR","og_type":"article","og_title":"Mais servi\u00e7os de email marketing - Mailrelay","og_description":"Servi\u00e7os de consultoria para sistemas ESP A Mailrelay oferece sistemas de detec\u00e7\u00e3o de poss\u00edveis problemas para o correto gerenciamento da nossa plataforma com sistemas de detec\u00e7\u00e3o autom\u00e1tica e cont\u00ednua para saber se algum IP foi adicionado a uma lista negra, gerenciamento e processamento de emails reportados como Spam com integra\u00e7\u00e3o com provedores, balanceamento de carga [&hellip;]","og_url":"https:\/\/mailrelay.com\/pt\/mais-servicos-de-email-marketing\/","og_site_name":"Mailrelay","article_publisher":"https:\/\/www.facebook.com\/Mailrelay\/","article_modified_time":"2022-12-01T11:12:02+00:00","twitter_card":"summary_large_image","twitter_site":"@mailrelay","twitter_misc":{"Est. tempo de leitura":"5 minutos"},"schema":{"@context":"https:\/\/schema.org","@graph":[{"@type":"WebPage","@id":"https:\/\/mailrelay.com\/pt\/mais-servicos-de-email-marketing\/","url":"https:\/\/mailrelay.com\/pt\/mais-servicos-de-email-marketing\/","name":"Mais servi\u00e7os de email marketing - Mailrelay","isPartOf":{"@id":"https:\/\/mailrelay.com\/pt\/#website"},"datePublished":"2022-03-11T20:24:26+00:00","dateModified":"2022-12-01T11:12:02+00:00","breadcrumb":{"@id":"https:\/\/mailrelay.com\/pt\/mais-servicos-de-email-marketing\/#breadcrumb"},"inLanguage":"pt-BR","potentialAction":[{"@type":"ReadAction","target":["https:\/\/mailrelay.com\/pt\/mais-servicos-de-email-marketing\/"]}]},{"@type":"BreadcrumbList","@id":"https:\/\/mailrelay.com\/pt\/mais-servicos-de-email-marketing\/#breadcrumb","itemListElement":[{"@type":"ListItem","position":1,"name":"Home","item":"https:\/\/mailrelay.com\/pt\/"},{"@type":"ListItem","position":2,"name":"Mais servi\u00e7os de email marketing"}]},{"@type":"WebSite","@id":"https:\/\/mailrelay.com\/pt\/#website","url":"https:\/\/mailrelay.com\/pt\/","name":"Mailrelay","description":"Mailrelay.com - Email Marketing Software","publisher":{"@id":"https:\/\/mailrelay.com\/pt\/#organization"},"potentialAction":[{"@type":"SearchAction","target":{"@type":"EntryPoint","urlTemplate":"https:\/\/mailrelay.com\/pt\/?s={search_term_string}"},"query-input":{"@type":"PropertyValueSpecification","valueRequired":true,"valueName":"search_term_string"}}],"inLanguage":"pt-BR"},{"@type":"Organization","@id":"https:\/\/mailrelay.com\/pt\/#organization","name":"Mailrelay","url":"https:\/\/mailrelay.com\/pt\/","logo":{"@type":"ImageObject","inLanguage":"pt-BR","@id":"https:\/\/mailrelay.com\/pt\/#\/schema\/logo\/image\/","url":"https:\/\/mailrelay.com\/wp-content\/uploads\/2019\/05\/mailrelay-logo.jpg","contentUrl":"https:\/\/mailrelay.com\/wp-content\/uploads\/2019\/05\/mailrelay-logo.jpg","width":613,"height":291,"caption":"Mailrelay"},"image":{"@id":"https:\/\/mailrelay.com\/pt\/#\/schema\/logo\/image\/"},"sameAs":["https:\/\/www.facebook.com\/Mailrelay\/","https:\/\/x.com\/mailrelay","https:\/\/www.youtube.com\/mailrelay-email-marketing"]}]}},"uagb_featured_image_src":{"full":false,"thumbnail":false,"medium":false,"medium_large":false,"large":false,"1536x1536":false,"2048x2048":false,"testimonials":false,"author-image":false,"yarpp-thumbnail":false},"uagb_author_info":{"display_name":"Mailrelay","author_link":"https:\/\/mailrelay.com\/pt\/blog\/author\/mailrelay\/"},"uagb_comment_info":0,"uagb_excerpt":"Servi\u00e7os de consultoria para sistemas ESP A Mailrelay oferece sistemas de detec\u00e7\u00e3o de poss\u00edveis problemas para o correto gerenciamento da nossa plataforma com sistemas de detec\u00e7\u00e3o autom\u00e1tica e cont\u00ednua para saber se algum IP foi adicionado a uma lista negra, gerenciamento e processamento de emails reportados como Spam com integra\u00e7\u00e3o com provedores, balanceamento de carga&hellip;","_links":{"self":[{"href":"https:\/\/mailrelay.com\/pt\/wp-json\/wp\/v2\/pages\/45830","targetHints":{"allow":["GET"]}}],"collection":[{"href":"https:\/\/mailrelay.com\/pt\/wp-json\/wp\/v2\/pages"}],"about":[{"href":"https:\/\/mailrelay.com\/pt\/wp-json\/wp\/v2\/types\/page"}],"author":[{"embeddable":true,"href":"https:\/\/mailrelay.com\/pt\/wp-json\/wp\/v2\/users\/1"}],"replies":[{"embeddable":true,"href":"https:\/\/mailrelay.com\/pt\/wp-json\/wp\/v2\/comments?post=45830"}],"version-history":[{"count":6,"href":"https:\/\/mailrelay.com\/pt\/wp-json\/wp\/v2\/pages\/45830\/revisions"}],"predecessor-version":[{"id":61076,"href":"https:\/\/mailrelay.com\/pt\/wp-json\/wp\/v2\/pages\/45830\/revisions\/61076"}],"wp:attachment":[{"href":"https:\/\/mailrelay.com\/pt\/wp-json\/wp\/v2\/media?parent=45830"}],"curies":[{"name":"wp","href":"https:\/\/api.w.org\/{rel}","templated":true}]}}