{"id":49219,"date":"2022-05-11T16:41:34","date_gmt":"2022-05-11T16:41:34","guid":{"rendered":"https:\/\/mailrelay.com\/caracteristicas\/"},"modified":"2022-11-11T19:59:46","modified_gmt":"2022-11-11T19:59:46","slug":"funcionalidades","status":"publish","type":"page","link":"https:\/\/mailrelay.com\/pt\/funcionalidades\/","title":{"rendered":"Funcionalidades"},"content":{"rendered":"\n<div class=\"wp-block-columns features-columns is-layout-flex wp-container-core-columns-is-layout-9d6595d7 wp-block-columns-is-layout-flex\">\n<div class=\"wp-block-column is-vertically-aligned-top is-layout-flow wp-block-column-is-layout-flow\">\n<div class=\"wp-block-group\"><div class=\"wp-block-group__inner-container is-layout-flow wp-block-group-is-layout-flow\">\n<h4 class=\"wp-block-heading\" id=\"biggest-free-email-marketing-account\">A maior conta gratuita de email marketing<\/h4>\n\n\n\n<p>A conta gratuita da Mailrelay permite enviar at\u00e9 80.000 emails por m\u00eas e fazer upload de at\u00e9 20.000 contatos. Isso sem adicionar nenhum logotipo ou links aos seus emails. Isso sem adicionar nenhum logotipo ou links aos seus emails.<\/p>\n\n\n\n<div class=\"wp-block-buttons is-layout-flex wp-block-buttons-is-layout-flex\">\n<div class=\"wp-block-button is-style-mailrelay-feature-link is-style-mailrelay-link\"><a class=\"wp-block-button__link\" href=\"https:\/\/mailrelay.com\/pt\/criar-conta\/\">Teste nosso programa de email marketing gr\u00e1tis em portugu\u00eas agora mesmo<\/a><\/div>\n<\/div>\n<\/div><\/div>\n<\/div>\n\n\n\n<div class=\"wp-block-column is-layout-flow wp-block-column-is-layout-flow\">\n<div class=\"wp-block-group\"><div class=\"wp-block-group__inner-container is-layout-flow wp-block-group-is-layout-flow\">\n<h4 class=\"wp-block-heading\" id=\"very-easy-to-use-drag-and-drop-editor\">Editor de newsletters drag &amp; drop muito f\u00e1cil de usar<\/h4>\n\n\n\n<p>Cada conta da Mailrelay vem com um editor de newsletter muito f\u00e1cil e potente, que ir\u00e1 ajudar voc\u00ea a criar emails lindos que convertem.<\/p>\n\n\n\n<div class=\"wp-block-buttons is-layout-flex wp-block-buttons-is-layout-flex\">\n<div class=\"wp-block-button is-style-mailrelay-feature-link is-style-mailrelay-link\"><a class=\"wp-block-button__link\" href=\"https:\/\/mailrelay.com\/pt\/criar-conta\/\">Teste nosso programa de email marketing gr\u00e1tis em portugu\u00eas agora mesmo<\/a><\/div>\n<\/div>\n<\/div><\/div>\n<\/div>\n\n\n\n<div class=\"wp-block-column is-layout-flow wp-block-column-is-layout-flow\">\n<div class=\"wp-block-group\"><div class=\"wp-block-group__inner-container is-layout-flow wp-block-group-is-layout-flow\">\n<h4 class=\"wp-block-heading\" id=\"create-and-manage-senders\">Crie e gerencie remetentes<\/h4>\n\n\n\n<p>Ap\u00f3s criar sua conta na Mailrelay, voc\u00ea poder\u00e1 criar e gerenciar v\u00e1rios remetentes para que cada newsletter possa ser enviada de qualquer um deles.<\/p>\n\n\n\n<div class=\"wp-block-buttons is-layout-flex wp-block-buttons-is-layout-flex\">\n<div class=\"wp-block-button is-style-mailrelay-feature-link is-style-mailrelay-link\"><a class=\"wp-block-button__link\" href=\"https:\/\/mailrelay.com\/pt\/criar-conta\/\">Teste nosso programa de email marketing gr\u00e1tis em portugu\u00eas agora mesmo<\/a><\/div>\n<\/div>\n<\/div><\/div>\n<\/div>\n<\/div>\n\n<div class=\"wp-block-columns features-columns is-layout-flex wp-container-core-columns-is-layout-9d6595d7 wp-block-columns-is-layout-flex\">\n<div class=\"wp-block-column is-vertically-aligned-top is-layout-flow wp-block-column-is-layout-flow\">\n<div class=\"wp-block-group\"><div class=\"wp-block-group__inner-container is-layout-flow wp-block-group-is-layout-flow\">\n<h4 class=\"wp-block-heading\" id=\"biggest-free-email-marketing-account\">Configure SPF, DKIM e muito mais<\/h4>\n\n\n\n<p>Para melhorar suas taxas de entrega, voc\u00ea realmente precisar\u00e1 configurar alguns registros DNS no dom\u00ednio de remetente que deseja usar. Como SPF e DKIM. A Mailrelay suporta este tipo de recurso.<\/p>\n\n\n\n<div class=\"wp-block-buttons is-layout-flex wp-block-buttons-is-layout-flex\">\n<div class=\"wp-block-button is-style-mailrelay-feature-link is-style-mailrelay-link\"><a class=\"wp-block-button__link\" href=\"https:\/\/mailrelay.com\/pt\/criar-conta\/\">Teste nosso programa de email marketing gr\u00e1tis em portugu\u00eas agora mesmo<\/a><\/div>\n<\/div>\n<\/div><\/div>\n<\/div>\n\n\n\n<div class=\"wp-block-column is-layout-flow wp-block-column-is-layout-flow\">\n<div class=\"wp-block-group\"><div class=\"wp-block-group__inner-container is-layout-flow wp-block-group-is-layout-flow\">\n<h4 class=\"wp-block-heading\" id=\"very-easy-to-use-drag-and-drop-editor\">Crie formul\u00e1rios de assinatura rapidamente<\/h4>\n\n\n\n<p>Se voc\u00ea precisar de mais assinantes, mais leads, e com certeza precisa, poder\u00e1 criar formul\u00e1rios de assinatura e col\u00e1-los em seu site. Voc\u00ea poder\u00e1 atualizar seus formul\u00e1rios diretamente no seu painel da Mailrelay sempre que precisar sem precisar editar seu site.<\/p>\n\n\n\n<div class=\"wp-block-buttons is-layout-flex wp-block-buttons-is-layout-flex\">\n<div class=\"wp-block-button is-style-mailrelay-feature-link is-style-mailrelay-link\"><a class=\"wp-block-button__link\" href=\"https:\/\/mailrelay.com\/pt\/criar-conta\/\">Teste nosso programa de email marketing gr\u00e1tis em portugu\u00eas agora mesmo<\/a><\/div>\n<\/div>\n<\/div><\/div>\n<\/div>\n\n\n\n<div class=\"wp-block-column is-layout-flow wp-block-column-is-layout-flow\">\n<div class=\"wp-block-group\"><div class=\"wp-block-group__inner-container is-layout-flow wp-block-group-is-layout-flow\">\n<h4 class=\"wp-block-heading\" id=\"create-and-manage-senders\">Personalize seus emails como quiser<\/h4>\n\n\n\n<p>Adicione o nome dos seus contatos nas suas newsletters. Ou qualquer outra informa\u00e7\u00e3o que voc\u00ea tenha dispon\u00edvel. Voc\u00ea tamb\u00e9m pode adicionar informa\u00e7\u00f5es personalizadas nas suas newsletters, se tiver inclu\u00eddo estas informa\u00e7\u00f5es na sua lista de emails.<\/p>\n\n\n\n<div class=\"wp-block-buttons is-layout-flex wp-block-buttons-is-layout-flex\">\n<div class=\"wp-block-button is-style-mailrelay-feature-link is-style-mailrelay-link\"><a class=\"wp-block-button__link\" href=\"https:\/\/mailrelay.com\/pt\/criar-conta\/\">Teste nosso programa de email marketing gr\u00e1tis em portugu\u00eas agora mesmo<\/a><\/div>\n<\/div>\n<\/div><\/div>\n<\/div>\n<\/div>\n\n<div class=\"wp-block-columns features-columns is-layout-flex wp-container-core-columns-is-layout-9d6595d7 wp-block-columns-is-layout-flex\">\n<div class=\"wp-block-column is-vertically-aligned-top is-layout-flow wp-block-column-is-layout-flow\">\n<div class=\"wp-block-group\"><div class=\"wp-block-group__inner-container is-layout-flow wp-block-group-is-layout-flow\">\n<h4 class=\"wp-block-heading\" id=\"biggest-free-email-marketing-account\">Ajuste suas campanhas com a segmenta\u00e7\u00e3o correta<\/h4>\n\n\n\n<p>Sua conta da Mailrelay inclui um poderoso mecanismo de segmenta\u00e7\u00e3o para que voc\u00ea possa ajustar suas newsletters aos contatos certos.<\/p>\n\n\n\n<div class=\"wp-block-buttons is-layout-flex wp-block-buttons-is-layout-flex\">\n<div class=\"wp-block-button is-style-mailrelay-feature-link is-style-mailrelay-link\"><a class=\"wp-block-button__link\" href=\"https:\/\/mailrelay.com\/pt\/criar-conta\/\">Teste nosso programa de email marketing gr\u00e1tis em portugu\u00eas agora mesmo<\/a><\/div>\n<\/div>\n<\/div><\/div>\n<\/div>\n\n\n\n<div class=\"wp-block-column is-layout-flow wp-block-column-is-layout-flow\">\n<div class=\"wp-block-group\"><div class=\"wp-block-group__inner-container is-layout-flow wp-block-group-is-layout-flow\">\n<h4 class=\"wp-block-heading\" id=\"very-easy-to-use-drag-and-drop-editor\">Testes A\/B mesmo para contas gratuitas<\/h4>\n\n\n\n<p>Se voc\u00ea tiver uma campanha cr\u00edtica para enviar. Uma newsletter que voc\u00ea precisa garantir que ser\u00e1 entregue. Para estes casos, voc\u00ea pode usar nosso recurso de teste A\/B para testar diferentes linhas de assuntos ou remetentes. Ent\u00e3o voc\u00ea poder\u00e1 testar a sua newsletter.<\/p>\n\n\n\n<div class=\"wp-block-buttons is-layout-flex wp-block-buttons-is-layout-flex\">\n<div class=\"wp-block-button is-style-mailrelay-feature-link is-style-mailrelay-link\"><a class=\"wp-block-button__link\" href=\"https:\/\/mailrelay.com\/pt\/criar-conta\/\">Teste nosso programa de email marketing gr\u00e1tis em portugu\u00eas agora mesmo<\/a><\/div>\n<\/div>\n<\/div><\/div>\n<\/div>\n\n\n\n<div class=\"wp-block-column is-layout-flow wp-block-column-is-layout-flow\">\n<div class=\"wp-block-group\"><div class=\"wp-block-group__inner-container is-layout-flow wp-block-group-is-layout-flow\">\n<h4 class=\"wp-block-heading\" id=\"create-and-manage-senders\">Automatize suas campanhas RSS<\/h4>\n\n\n\n<p>Reduza sua carga de trabalho enormemente usando nosso recurso de newsletter RSS. Voc\u00ea s\u00f3 precisa conectar seu feed RSS, preparar sua newsletter uma vez e est\u00e1 tudo pronto.<\/p>\n\n\n\n<div class=\"wp-block-buttons is-layout-flex wp-block-buttons-is-layout-flex\">\n<div class=\"wp-block-button is-style-mailrelay-feature-link is-style-mailrelay-link\"><a class=\"wp-block-button__link\" href=\"https:\/\/mailrelay.com\/pt\/criar-conta\/\">Teste nosso programa de email marketing gr\u00e1tis em portugu\u00eas agora mesmo<\/a><\/div>\n<\/div>\n<\/div><\/div>\n<\/div>\n<\/div>\n\n<div class=\"wp-block-columns features-columns is-layout-flex wp-container-core-columns-is-layout-9d6595d7 wp-block-columns-is-layout-flex\">\n<div class=\"wp-block-column is-vertically-aligned-top is-layout-flow wp-block-column-is-layout-flow\">\n<div class=\"wp-block-group\"><div class=\"wp-block-group__inner-container is-layout-flow wp-block-group-is-layout-flow\">\n<h4 class=\"wp-block-heading\" id=\"biggest-free-email-marketing-account\">Relat\u00f3rios e estat\u00edsticas com um visual fant\u00e1stico<\/h4>\n\n\n\n<p>N\u00e3o se trata apenas de enviar e-mails, mas de saber o que voc\u00ea realmente est\u00e1 obtendo com cada campanha de email marketing. \u00c9 por isso que at\u00e9 nossas contas gratuitas incluem um poderoso conjunto de estat\u00edsticas para cada uma das suas newsletters.<\/p>\n\n\n\n<div class=\"wp-block-buttons is-layout-flex wp-block-buttons-is-layout-flex\">\n<div class=\"wp-block-button is-style-mailrelay-feature-link is-style-mailrelay-link\"><a class=\"wp-block-button__link\" href=\"https:\/\/mailrelay.com\/pt\/criar-conta\/\">Teste nosso programa de email marketing gr\u00e1tis em portugu\u00eas agora mesmo<\/a><\/div>\n<\/div>\n<\/div><\/div>\n<\/div>\n\n\n\n<div class=\"wp-block-column is-layout-flow wp-block-column-is-layout-flow\">\n<div class=\"wp-block-group\"><div class=\"wp-block-group__inner-container is-layout-flow wp-block-group-is-layout-flow\">\n<h4 class=\"wp-block-heading\" id=\"very-easy-to-use-drag-and-drop-editor\">Configure v\u00e1rios usu\u00e1rios com diferentes permiss\u00f5es de acesso<\/h4>\n\n\n\n<p>Caso voc\u00ea precise trabalhar em equipe e cada uma dessas equipes precise de um n\u00edvel diferente de permiss\u00f5es, voc\u00ea pode configurar tudo o que precisar no dashboard da sua conta da Mailrelay <\/p>\n\n\n\n<div class=\"wp-block-buttons is-layout-flex wp-block-buttons-is-layout-flex\">\n<div class=\"wp-block-button is-style-mailrelay-feature-link is-style-mailrelay-link\"><a class=\"wp-block-button__link\" href=\"https:\/\/mailrelay.com\/pt\/criar-conta\/\">Teste nosso programa de email marketing gr\u00e1tis em portugu\u00eas agora mesmo<\/a><\/div>\n<\/div>\n<\/div><\/div>\n<\/div>\n\n\n\n<div class=\"wp-block-column is-layout-flow wp-block-column-is-layout-flow\">\n<div class=\"wp-block-group\"><div class=\"wp-block-group__inner-container is-layout-flow wp-block-group-is-layout-flow\">\n<h4 class=\"wp-block-heading\" id=\"create-and-manage-senders\">Controle autom\u00e1tico de e-mails devolvidos (bounces)<\/h4>\n\n\n\n<p>N\u00e3o se preocupe mais em gerenciar manualmente as mensagens de erro, cancelamentos de assinatura e assim por diante. A Mailrelay cuidar\u00e1 de todas essas tarefas pequenas, mas que demandam muito tempo para gerenciar.<\/p>\n\n\n\n<div class=\"wp-block-buttons is-layout-flex wp-block-buttons-is-layout-flex\">\n<div class=\"wp-block-button is-style-mailrelay-feature-link is-style-mailrelay-link\"><a class=\"wp-block-button__link\" href=\"https:\/\/mailrelay.com\/pt\/criar-conta\/\">Teste nosso programa de email marketing gr\u00e1tis em portugu\u00eas agora mesmo<\/a><\/div>\n<\/div>\n<\/div><\/div>\n<\/div>\n<\/div>\n\n<div class=\"wp-block-columns features-columns is-layout-flex wp-container-core-columns-is-layout-9d6595d7 wp-block-columns-is-layout-flex\">\n<div class=\"wp-block-column is-vertically-aligned-top is-layout-flow wp-block-column-is-layout-flow\">\n<div class=\"wp-block-group\"><div class=\"wp-block-group__inner-container is-layout-flow wp-block-group-is-layout-flow\">\n<h4 class=\"wp-block-heading\" id=\"biggest-free-email-marketing-account\">Suporte r\u00e1pido e dedicado<\/h4>\n\n\n\n<p>Cada conta da Mailrelay tem acesso a suporte r\u00e1pido e \u00fatil. Voc\u00ea poder\u00e1 entrar em contato conosco via chat online ou ticket sempre que precisar. Se voc\u00ea tiver alguma d\u00favida sobre o sistema, basta entrar em sua conta e acessar o menu &#8220;Suporte&#8221;.<\/p>\n\n\n\n<div class=\"wp-block-buttons is-layout-flex wp-block-buttons-is-layout-flex\">\n<div class=\"wp-block-button is-style-mailrelay-feature-link is-style-mailrelay-link\"><a class=\"wp-block-button__link\" href=\"https:\/\/mailrelay.com\/pt\/criar-conta\/\">Teste nosso programa de email marketing gr\u00e1tis em portugu\u00eas agora mesmo<\/a><\/div>\n<\/div>\n<\/div><\/div>\n<\/div>\n\n\n\n<div class=\"wp-block-column is-layout-flow wp-block-column-is-layout-flow\">\n<div class=\"wp-block-group\"><div class=\"wp-block-group__inner-container is-layout-flow wp-block-group-is-layout-flow\">\n<h4 class=\"wp-block-heading\" id=\"very-easy-to-use-drag-and-drop-editor\">API para desenvolvedores inclu\u00eddo<\/h4>\n\n\n\n<p>Para projetos maiores, ou quando uma integra\u00e7\u00e3o for necess\u00e1ria, voc\u00ea tem a op\u00e7\u00e3o de usar nossa API de desenvolvimento para conectar facilmente outros sistemas \u00e0 Mailrelay. <\/p>\n\n\n\n<div class=\"wp-block-buttons is-layout-flex wp-block-buttons-is-layout-flex\">\n<div class=\"wp-block-button is-style-mailrelay-feature-link is-style-mailrelay-link\"><a class=\"wp-block-button__link\" href=\"https:\/\/mailrelay.com\/pt\/criar-conta\/\">Teste nosso programa de email marketing gr\u00e1tis em portugu\u00eas agora mesmo<\/a><\/div>\n<\/div>\n<\/div><\/div>\n<\/div>\n\n\n\n<div class=\"wp-block-column is-layout-flow wp-block-column-is-layout-flow\">\n<div class=\"wp-block-group\"><div class=\"wp-block-group__inner-container is-layout-flow wp-block-group-is-layout-flow\">\n<h4 class=\"wp-block-heading\" id=\"create-and-manage-senders\">Servidor SMTP virtual dispon\u00edvel para todas as contas<\/h4>\n\n\n\n<p>Assim como outros recursos, o servidor SMTP virtual est\u00e1 inclu\u00eddo em todas as contas da Maillrelay. Um poderoso servidor SMTP de alta velocidade que pode at\u00e9 gerar estat\u00edsticas completas (visualiza\u00e7\u00f5es, cliques &#8230;)<\/p>\n\n\n\n<div class=\"wp-block-buttons is-layout-flex wp-block-buttons-is-layout-flex\">\n<div class=\"wp-block-button is-style-mailrelay-feature-link is-style-mailrelay-link\"><a class=\"wp-block-button__link\" href=\"https:\/\/mailrelay.com\/pt\/criar-conta\/\">Teste nosso programa de email marketing gr\u00e1tis em portugu\u00eas agora mesmo<\/a><\/div>\n<\/div>\n<\/div><\/div>\n<\/div>\n<\/div>\n","protected":false},"excerpt":{"rendered":"<p>A maior conta gratuita de email marketing A conta gratuita da Mailrelay permite enviar at\u00e9 80.000 emails por m\u00eas e fazer upload de at\u00e9 20.000 contatos. Isso sem adicionar nenhum logotipo ou links aos seus emails. Isso sem adicionar nenhum logotipo ou links aos seus emails. Editor de newsletters drag &amp; drop muito f\u00e1cil de [&hellip;]<\/p>\n","protected":false},"author":1,"featured_media":0,"parent":0,"menu_order":0,"comment_status":"closed","ping_status":"closed","template":"","meta":{"_uag_custom_page_level_css":"","footnotes":""},"class_list":["post-49219","page","type-page","status-publish","hentry"],"yoast_head":"<!-- This site is optimized with the Yoast SEO plugin v27.3 - https:\/\/yoast.com\/product\/yoast-seo-wordpress\/ -->\n<title>Funcionalidades - Mailrelay<\/title>\n<meta name=\"robots\" content=\"index, follow, max-snippet:-1, max-image-preview:large, max-video-preview:-1\" \/>\n<link rel=\"canonical\" href=\"https:\/\/mailrelay.com\/pt\/funcionalidades\/\" \/>\n<meta property=\"og:locale\" content=\"pt_BR\" \/>\n<meta property=\"og:type\" content=\"article\" \/>\n<meta property=\"og:title\" content=\"Funcionalidades - Mailrelay\" \/>\n<meta property=\"og:description\" content=\"A maior conta gratuita de email marketing A conta gratuita da Mailrelay permite enviar at\u00e9 80.000 emails por m\u00eas e fazer upload de at\u00e9 20.000 contatos. Isso sem adicionar nenhum logotipo ou links aos seus emails. Isso sem adicionar nenhum logotipo ou links aos seus emails. Editor de newsletters drag &amp; drop muito f\u00e1cil de [&hellip;]\" \/>\n<meta property=\"og:url\" content=\"https:\/\/mailrelay.com\/pt\/funcionalidades\/\" \/>\n<meta property=\"og:site_name\" content=\"Mailrelay\" \/>\n<meta property=\"article:publisher\" content=\"https:\/\/www.facebook.com\/Mailrelay\/\" \/>\n<meta property=\"article:modified_time\" content=\"2022-11-11T19:59:46+00:00\" \/>\n<meta name=\"twitter:card\" content=\"summary_large_image\" \/>\n<meta name=\"twitter:site\" content=\"@mailrelay\" \/>\n<meta name=\"twitter:label1\" content=\"Est. tempo de leitura\" \/>\n\t<meta name=\"twitter:data1\" content=\"4 minutos\" \/>\n<script type=\"application\/ld+json\" class=\"yoast-schema-graph\">{\"@context\":\"https:\\\/\\\/schema.org\",\"@graph\":[{\"@type\":\"WebPage\",\"@id\":\"https:\\\/\\\/mailrelay.com\\\/pt\\\/funcionalidades\\\/\",\"url\":\"https:\\\/\\\/mailrelay.com\\\/pt\\\/funcionalidades\\\/\",\"name\":\"Funcionalidades - Mailrelay\",\"isPartOf\":{\"@id\":\"https:\\\/\\\/mailrelay.com\\\/pt\\\/#website\"},\"datePublished\":\"2022-05-11T16:41:34+00:00\",\"dateModified\":\"2022-11-11T19:59:46+00:00\",\"breadcrumb\":{\"@id\":\"https:\\\/\\\/mailrelay.com\\\/pt\\\/funcionalidades\\\/#breadcrumb\"},\"inLanguage\":\"pt-BR\",\"potentialAction\":[{\"@type\":\"ReadAction\",\"target\":[\"https:\\\/\\\/mailrelay.com\\\/pt\\\/funcionalidades\\\/\"]}]},{\"@type\":\"BreadcrumbList\",\"@id\":\"https:\\\/\\\/mailrelay.com\\\/pt\\\/funcionalidades\\\/#breadcrumb\",\"itemListElement\":[{\"@type\":\"ListItem\",\"position\":1,\"name\":\"Home\",\"item\":\"https:\\\/\\\/mailrelay.com\\\/pt\\\/\"},{\"@type\":\"ListItem\",\"position\":2,\"name\":\"Funcionalidades\"}]},{\"@type\":\"WebSite\",\"@id\":\"https:\\\/\\\/mailrelay.com\\\/pt\\\/#website\",\"url\":\"https:\\\/\\\/mailrelay.com\\\/pt\\\/\",\"name\":\"Mailrelay\",\"description\":\"Mailrelay.com - Email Marketing Software\",\"publisher\":{\"@id\":\"https:\\\/\\\/mailrelay.com\\\/pt\\\/#organization\"},\"potentialAction\":[{\"@type\":\"SearchAction\",\"target\":{\"@type\":\"EntryPoint\",\"urlTemplate\":\"https:\\\/\\\/mailrelay.com\\\/pt\\\/?s={search_term_string}\"},\"query-input\":{\"@type\":\"PropertyValueSpecification\",\"valueRequired\":true,\"valueName\":\"search_term_string\"}}],\"inLanguage\":\"pt-BR\"},{\"@type\":\"Organization\",\"@id\":\"https:\\\/\\\/mailrelay.com\\\/pt\\\/#organization\",\"name\":\"Mailrelay\",\"url\":\"https:\\\/\\\/mailrelay.com\\\/pt\\\/\",\"logo\":{\"@type\":\"ImageObject\",\"inLanguage\":\"pt-BR\",\"@id\":\"https:\\\/\\\/mailrelay.com\\\/pt\\\/#\\\/schema\\\/logo\\\/image\\\/\",\"url\":\"https:\\\/\\\/mailrelay.com\\\/wp-content\\\/uploads\\\/2019\\\/05\\\/mailrelay-logo.jpg\",\"contentUrl\":\"https:\\\/\\\/mailrelay.com\\\/wp-content\\\/uploads\\\/2019\\\/05\\\/mailrelay-logo.jpg\",\"width\":613,\"height\":291,\"caption\":\"Mailrelay\"},\"image\":{\"@id\":\"https:\\\/\\\/mailrelay.com\\\/pt\\\/#\\\/schema\\\/logo\\\/image\\\/\"},\"sameAs\":[\"https:\\\/\\\/www.facebook.com\\\/Mailrelay\\\/\",\"https:\\\/\\\/x.com\\\/mailrelay\",\"https:\\\/\\\/www.youtube.com\\\/mailrelay-email-marketing\"]}]}<\/script>\n<!-- \/ Yoast SEO plugin. -->","yoast_head_json":{"title":"Funcionalidades - Mailrelay","robots":{"index":"index","follow":"follow","max-snippet":"max-snippet:-1","max-image-preview":"max-image-preview:large","max-video-preview":"max-video-preview:-1"},"canonical":"https:\/\/mailrelay.com\/pt\/funcionalidades\/","og_locale":"pt_BR","og_type":"article","og_title":"Funcionalidades - Mailrelay","og_description":"A maior conta gratuita de email marketing A conta gratuita da Mailrelay permite enviar at\u00e9 80.000 emails por m\u00eas e fazer upload de at\u00e9 20.000 contatos. Isso sem adicionar nenhum logotipo ou links aos seus emails. Isso sem adicionar nenhum logotipo ou links aos seus emails. Editor de newsletters drag &amp; drop muito f\u00e1cil de [&hellip;]","og_url":"https:\/\/mailrelay.com\/pt\/funcionalidades\/","og_site_name":"Mailrelay","article_publisher":"https:\/\/www.facebook.com\/Mailrelay\/","article_modified_time":"2022-11-11T19:59:46+00:00","twitter_card":"summary_large_image","twitter_site":"@mailrelay","twitter_misc":{"Est. tempo de leitura":"4 minutos"},"schema":{"@context":"https:\/\/schema.org","@graph":[{"@type":"WebPage","@id":"https:\/\/mailrelay.com\/pt\/funcionalidades\/","url":"https:\/\/mailrelay.com\/pt\/funcionalidades\/","name":"Funcionalidades - Mailrelay","isPartOf":{"@id":"https:\/\/mailrelay.com\/pt\/#website"},"datePublished":"2022-05-11T16:41:34+00:00","dateModified":"2022-11-11T19:59:46+00:00","breadcrumb":{"@id":"https:\/\/mailrelay.com\/pt\/funcionalidades\/#breadcrumb"},"inLanguage":"pt-BR","potentialAction":[{"@type":"ReadAction","target":["https:\/\/mailrelay.com\/pt\/funcionalidades\/"]}]},{"@type":"BreadcrumbList","@id":"https:\/\/mailrelay.com\/pt\/funcionalidades\/#breadcrumb","itemListElement":[{"@type":"ListItem","position":1,"name":"Home","item":"https:\/\/mailrelay.com\/pt\/"},{"@type":"ListItem","position":2,"name":"Funcionalidades"}]},{"@type":"WebSite","@id":"https:\/\/mailrelay.com\/pt\/#website","url":"https:\/\/mailrelay.com\/pt\/","name":"Mailrelay","description":"Mailrelay.com - Email Marketing Software","publisher":{"@id":"https:\/\/mailrelay.com\/pt\/#organization"},"potentialAction":[{"@type":"SearchAction","target":{"@type":"EntryPoint","urlTemplate":"https:\/\/mailrelay.com\/pt\/?s={search_term_string}"},"query-input":{"@type":"PropertyValueSpecification","valueRequired":true,"valueName":"search_term_string"}}],"inLanguage":"pt-BR"},{"@type":"Organization","@id":"https:\/\/mailrelay.com\/pt\/#organization","name":"Mailrelay","url":"https:\/\/mailrelay.com\/pt\/","logo":{"@type":"ImageObject","inLanguage":"pt-BR","@id":"https:\/\/mailrelay.com\/pt\/#\/schema\/logo\/image\/","url":"https:\/\/mailrelay.com\/wp-content\/uploads\/2019\/05\/mailrelay-logo.jpg","contentUrl":"https:\/\/mailrelay.com\/wp-content\/uploads\/2019\/05\/mailrelay-logo.jpg","width":613,"height":291,"caption":"Mailrelay"},"image":{"@id":"https:\/\/mailrelay.com\/pt\/#\/schema\/logo\/image\/"},"sameAs":["https:\/\/www.facebook.com\/Mailrelay\/","https:\/\/x.com\/mailrelay","https:\/\/www.youtube.com\/mailrelay-email-marketing"]}]}},"uagb_featured_image_src":{"full":false,"thumbnail":false,"medium":false,"medium_large":false,"large":false,"1536x1536":false,"2048x2048":false,"testimonials":false,"author-image":false,"yarpp-thumbnail":false},"uagb_author_info":{"display_name":"Mailrelay","author_link":"https:\/\/mailrelay.com\/pt\/blog\/author\/mailrelay\/"},"uagb_comment_info":0,"uagb_excerpt":"A maior conta gratuita de email marketing A conta gratuita da Mailrelay permite enviar at\u00e9 80.000 emails por m\u00eas e fazer upload de at\u00e9 20.000 contatos. Isso sem adicionar nenhum logotipo ou links aos seus emails. Isso sem adicionar nenhum logotipo ou links aos seus emails. Editor de newsletters drag &amp; drop muito f\u00e1cil de&hellip;","_links":{"self":[{"href":"https:\/\/mailrelay.com\/pt\/wp-json\/wp\/v2\/pages\/49219","targetHints":{"allow":["GET"]}}],"collection":[{"href":"https:\/\/mailrelay.com\/pt\/wp-json\/wp\/v2\/pages"}],"about":[{"href":"https:\/\/mailrelay.com\/pt\/wp-json\/wp\/v2\/types\/page"}],"author":[{"embeddable":true,"href":"https:\/\/mailrelay.com\/pt\/wp-json\/wp\/v2\/users\/1"}],"replies":[{"embeddable":true,"href":"https:\/\/mailrelay.com\/pt\/wp-json\/wp\/v2\/comments?post=49219"}],"version-history":[{"count":4,"href":"https:\/\/mailrelay.com\/pt\/wp-json\/wp\/v2\/pages\/49219\/revisions"}],"predecessor-version":[{"id":60624,"href":"https:\/\/mailrelay.com\/pt\/wp-json\/wp\/v2\/pages\/49219\/revisions\/60624"}],"wp:attachment":[{"href":"https:\/\/mailrelay.com\/pt\/wp-json\/wp\/v2\/media?parent=49219"}],"curies":[{"name":"wp","href":"https:\/\/api.w.org\/{rel}","templated":true}]}}