{"id":73858,"date":"2023-08-30T18:44:53","date_gmt":"2023-08-30T18:44:53","guid":{"rendered":"https:\/\/mailrelay.com\/glossario-de-marketing\/"},"modified":"2023-12-11T14:44:22","modified_gmt":"2023-12-11T14:44:22","slug":"glossario-de-marketing","status":"publish","type":"page","link":"https:\/\/mailrelay.com\/pt\/glossario-de-marketing\/","title":{"rendered":"Gloss\u00e1rio de Marketing"},"content":{"rendered":"\n<p>Neste gloss\u00e1rio, voc\u00ea encontrar\u00e1 o significado dos termos de marketing digital mais relevantes, exemplos sobre como aplic\u00e1-los nos seus neg\u00f3cios e recursos adicionais. Este gloss\u00e1rio \u00e9 atualizado regularmente com novos termos e conceitos para mant\u00ea -lo atualizado com todas as \u00faltimas not\u00edcias do mundo do marketing digital. <\/p>\n","protected":false},"excerpt":{"rendered":"<p>Neste gloss\u00e1rio, voc\u00ea encontrar\u00e1 o significado dos termos de marketing digital mais relevantes, exemplos sobre como aplic\u00e1-los nos seus neg\u00f3cios e recursos adicionais. Este gloss\u00e1rio \u00e9 atualizado regularmente com novos termos e conceitos para mant\u00ea -lo atualizado com todas as \u00faltimas not\u00edcias do mundo do marketing digital.<\/p>\n","protected":false},"author":1,"featured_media":0,"parent":0,"menu_order":0,"comment_status":"closed","ping_status":"closed","template":"page-glossary.php","meta":{"_uag_custom_page_level_css":"","footnotes":""},"class_list":["post-73858","page","type-page","status-publish","hentry"],"yoast_head":"<!-- This site is optimized with the Yoast SEO plugin v27.0 - https:\/\/yoast.com\/product\/yoast-seo-wordpress\/ -->\n<title>Gloss\u00e1rio de Marketing - Mailrelay<\/title>\n<meta name=\"description\" content=\"Neste gloss\u00e1rio, voc\u00ea ir\u00e1 encontrar o significado dos termos mais relevantes do mundo do marketing digital.\" \/>\n<meta name=\"robots\" content=\"index, follow, max-snippet:-1, max-image-preview:large, max-video-preview:-1\" \/>\n<link rel=\"canonical\" href=\"https:\/\/mailrelay.com\/pt\/glossario-de-marketing\/\" \/>\n<meta property=\"og:locale\" content=\"pt_BR\" \/>\n<meta property=\"og:type\" content=\"article\" \/>\n<meta property=\"og:title\" content=\"Gloss\u00e1rio de Marketing - Mailrelay\" \/>\n<meta property=\"og:description\" content=\"Neste gloss\u00e1rio, voc\u00ea ir\u00e1 encontrar o significado dos termos mais relevantes do mundo do marketing digital.\" \/>\n<meta property=\"og:url\" content=\"https:\/\/mailrelay.com\/pt\/glossario-de-marketing\/\" \/>\n<meta property=\"og:site_name\" content=\"Mailrelay\" \/>\n<meta property=\"article:publisher\" content=\"https:\/\/www.facebook.com\/Mailrelay\/\" \/>\n<meta property=\"article:modified_time\" content=\"2023-12-11T14:44:22+00:00\" \/>\n<meta name=\"twitter:card\" content=\"summary_large_image\" \/>\n<meta name=\"twitter:site\" content=\"@mailrelay\" \/>\n<script type=\"application\/ld+json\" class=\"yoast-schema-graph\">{\"@context\":\"https:\/\/schema.org\",\"@graph\":[{\"@type\":\"WebPage\",\"@id\":\"https:\/\/mailrelay.com\/pt\/glossario-de-marketing\/\",\"url\":\"https:\/\/mailrelay.com\/pt\/glossario-de-marketing\/\",\"name\":\"Gloss\u00e1rio de Marketing - Mailrelay\",\"isPartOf\":{\"@id\":\"https:\/\/mailrelay.com\/pt\/#website\"},\"datePublished\":\"2023-08-30T18:44:53+00:00\",\"dateModified\":\"2023-12-11T14:44:22+00:00\",\"description\":\"Neste gloss\u00e1rio, voc\u00ea ir\u00e1 encontrar o significado dos termos mais relevantes do mundo do marketing digital.\",\"breadcrumb\":{\"@id\":\"https:\/\/mailrelay.com\/pt\/glossario-de-marketing\/#breadcrumb\"},\"inLanguage\":\"pt-BR\",\"potentialAction\":[{\"@type\":\"ReadAction\",\"target\":[\"https:\/\/mailrelay.com\/pt\/glossario-de-marketing\/\"]}]},{\"@type\":\"BreadcrumbList\",\"@id\":\"https:\/\/mailrelay.com\/pt\/glossario-de-marketing\/#breadcrumb\",\"itemListElement\":[{\"@type\":\"ListItem\",\"position\":1,\"name\":\"Home\",\"item\":\"https:\/\/mailrelay.com\/pt\/\"},{\"@type\":\"ListItem\",\"position\":2,\"name\":\"Gloss\u00e1rio de Marketing\"}]},{\"@type\":\"WebSite\",\"@id\":\"https:\/\/mailrelay.com\/pt\/#website\",\"url\":\"https:\/\/mailrelay.com\/pt\/\",\"name\":\"Mailrelay\",\"description\":\"Mailrelay.com - Email Marketing Software\",\"publisher\":{\"@id\":\"https:\/\/mailrelay.com\/pt\/#organization\"},\"potentialAction\":[{\"@type\":\"SearchAction\",\"target\":{\"@type\":\"EntryPoint\",\"urlTemplate\":\"https:\/\/mailrelay.com\/pt\/?s={search_term_string}\"},\"query-input\":{\"@type\":\"PropertyValueSpecification\",\"valueRequired\":true,\"valueName\":\"search_term_string\"}}],\"inLanguage\":\"pt-BR\"},{\"@type\":\"Organization\",\"@id\":\"https:\/\/mailrelay.com\/pt\/#organization\",\"name\":\"Mailrelay\",\"url\":\"https:\/\/mailrelay.com\/pt\/\",\"logo\":{\"@type\":\"ImageObject\",\"inLanguage\":\"pt-BR\",\"@id\":\"https:\/\/mailrelay.com\/pt\/#\/schema\/logo\/image\/\",\"url\":\"https:\/\/mailrelay.com\/wp-content\/uploads\/2019\/05\/mailrelay-logo.jpg\",\"contentUrl\":\"https:\/\/mailrelay.com\/wp-content\/uploads\/2019\/05\/mailrelay-logo.jpg\",\"width\":613,\"height\":291,\"caption\":\"Mailrelay\"},\"image\":{\"@id\":\"https:\/\/mailrelay.com\/pt\/#\/schema\/logo\/image\/\"},\"sameAs\":[\"https:\/\/www.facebook.com\/Mailrelay\/\",\"https:\/\/x.com\/mailrelay\",\"https:\/\/www.youtube.com\/mailrelay-email-marketing\"]}]}<\/script>\n<!-- \/ Yoast SEO plugin. -->","yoast_head_json":{"title":"Gloss\u00e1rio de Marketing - Mailrelay","description":"Neste gloss\u00e1rio, voc\u00ea ir\u00e1 encontrar o significado dos termos mais relevantes do mundo do marketing digital.","robots":{"index":"index","follow":"follow","max-snippet":"max-snippet:-1","max-image-preview":"max-image-preview:large","max-video-preview":"max-video-preview:-1"},"canonical":"https:\/\/mailrelay.com\/pt\/glossario-de-marketing\/","og_locale":"pt_BR","og_type":"article","og_title":"Gloss\u00e1rio de Marketing - Mailrelay","og_description":"Neste gloss\u00e1rio, voc\u00ea ir\u00e1 encontrar o significado dos termos mais relevantes do mundo do marketing digital.","og_url":"https:\/\/mailrelay.com\/pt\/glossario-de-marketing\/","og_site_name":"Mailrelay","article_publisher":"https:\/\/www.facebook.com\/Mailrelay\/","article_modified_time":"2023-12-11T14:44:22+00:00","twitter_card":"summary_large_image","twitter_site":"@mailrelay","schema":{"@context":"https:\/\/schema.org","@graph":[{"@type":"WebPage","@id":"https:\/\/mailrelay.com\/pt\/glossario-de-marketing\/","url":"https:\/\/mailrelay.com\/pt\/glossario-de-marketing\/","name":"Gloss\u00e1rio de Marketing - Mailrelay","isPartOf":{"@id":"https:\/\/mailrelay.com\/pt\/#website"},"datePublished":"2023-08-30T18:44:53+00:00","dateModified":"2023-12-11T14:44:22+00:00","description":"Neste gloss\u00e1rio, voc\u00ea ir\u00e1 encontrar o significado dos termos mais relevantes do mundo do marketing digital.","breadcrumb":{"@id":"https:\/\/mailrelay.com\/pt\/glossario-de-marketing\/#breadcrumb"},"inLanguage":"pt-BR","potentialAction":[{"@type":"ReadAction","target":["https:\/\/mailrelay.com\/pt\/glossario-de-marketing\/"]}]},{"@type":"BreadcrumbList","@id":"https:\/\/mailrelay.com\/pt\/glossario-de-marketing\/#breadcrumb","itemListElement":[{"@type":"ListItem","position":1,"name":"Home","item":"https:\/\/mailrelay.com\/pt\/"},{"@type":"ListItem","position":2,"name":"Gloss\u00e1rio de Marketing"}]},{"@type":"WebSite","@id":"https:\/\/mailrelay.com\/pt\/#website","url":"https:\/\/mailrelay.com\/pt\/","name":"Mailrelay","description":"Mailrelay.com - Email Marketing Software","publisher":{"@id":"https:\/\/mailrelay.com\/pt\/#organization"},"potentialAction":[{"@type":"SearchAction","target":{"@type":"EntryPoint","urlTemplate":"https:\/\/mailrelay.com\/pt\/?s={search_term_string}"},"query-input":{"@type":"PropertyValueSpecification","valueRequired":true,"valueName":"search_term_string"}}],"inLanguage":"pt-BR"},{"@type":"Organization","@id":"https:\/\/mailrelay.com\/pt\/#organization","name":"Mailrelay","url":"https:\/\/mailrelay.com\/pt\/","logo":{"@type":"ImageObject","inLanguage":"pt-BR","@id":"https:\/\/mailrelay.com\/pt\/#\/schema\/logo\/image\/","url":"https:\/\/mailrelay.com\/wp-content\/uploads\/2019\/05\/mailrelay-logo.jpg","contentUrl":"https:\/\/mailrelay.com\/wp-content\/uploads\/2019\/05\/mailrelay-logo.jpg","width":613,"height":291,"caption":"Mailrelay"},"image":{"@id":"https:\/\/mailrelay.com\/pt\/#\/schema\/logo\/image\/"},"sameAs":["https:\/\/www.facebook.com\/Mailrelay\/","https:\/\/x.com\/mailrelay","https:\/\/www.youtube.com\/mailrelay-email-marketing"]}]}},"uagb_featured_image_src":{"full":false,"thumbnail":false,"medium":false,"medium_large":false,"large":false,"1536x1536":false,"2048x2048":false,"testimonials":false,"author-image":false,"yarpp-thumbnail":false},"uagb_author_info":{"display_name":"Mailrelay","author_link":"https:\/\/mailrelay.com\/pt\/blog\/author\/mailrelay\/"},"uagb_comment_info":0,"uagb_excerpt":"Neste gloss\u00e1rio, voc\u00ea encontrar\u00e1 o significado dos termos de marketing digital mais relevantes, exemplos sobre como aplic\u00e1-los nos seus neg\u00f3cios e recursos adicionais. Este gloss\u00e1rio \u00e9 atualizado regularmente com novos termos e conceitos para mant\u00ea -lo atualizado com todas as \u00faltimas not\u00edcias do mundo do marketing digital.","_links":{"self":[{"href":"https:\/\/mailrelay.com\/pt\/wp-json\/wp\/v2\/pages\/73858","targetHints":{"allow":["GET"]}}],"collection":[{"href":"https:\/\/mailrelay.com\/pt\/wp-json\/wp\/v2\/pages"}],"about":[{"href":"https:\/\/mailrelay.com\/pt\/wp-json\/wp\/v2\/types\/page"}],"author":[{"embeddable":true,"href":"https:\/\/mailrelay.com\/pt\/wp-json\/wp\/v2\/users\/1"}],"replies":[{"embeddable":true,"href":"https:\/\/mailrelay.com\/pt\/wp-json\/wp\/v2\/comments?post=73858"}],"version-history":[{"count":4,"href":"https:\/\/mailrelay.com\/pt\/wp-json\/wp\/v2\/pages\/73858\/revisions"}],"predecessor-version":[{"id":76857,"href":"https:\/\/mailrelay.com\/pt\/wp-json\/wp\/v2\/pages\/73858\/revisions\/76857"}],"wp:attachment":[{"href":"https:\/\/mailrelay.com\/pt\/wp-json\/wp\/v2\/media?parent=73858"}],"curies":[{"name":"wp","href":"https:\/\/api.w.org\/{rel}","templated":true}]}}