{"id":82366,"date":"2024-12-12T12:12:29","date_gmt":"2024-12-12T12:12:29","guid":{"rendered":"https:\/\/mailrelay.com\/?page_id=82366"},"modified":"2025-01-16T07:51:59","modified_gmt":"2025-01-16T07:51:59","slug":"politica-anti-spam","status":"publish","type":"page","link":"https:\/\/mailrelay.com\/pt\/politica-anti-spam\/","title":{"rendered":"Pol\u00edtica de abuso e anti-SPAM"},"content":{"rendered":"\n<p>Na MAILRELAY, mantemos uma pol\u00edtica de toler\u00e2ncia zero contra o SPAM. Acreditamos firmemente que qualquer comunica\u00e7\u00e3o enviada, seja por email ou outros meios, deve ser leg\u00edtima e explicitamente aceita pelos destinat\u00e1rios. Promovemos ativamente essa cren\u00e7a e tomamos as medidas necess\u00e1rias para garantir o cumprimento das regulamenta\u00e7\u00f5es atuais de prote\u00e7\u00e3o de dados e comunica\u00e7\u00f5es eletr\u00f4nicas.<br>Esperamos que nossos clientes sigam regras b\u00e1sicas, mas estritamente obrigat\u00f3rias ao utilizar nossos produtos e servi\u00e7os. \u00c9 essencial que voc\u00ea leia e aceite essas regras antes de criar uma conta e come\u00e7ar a usar nossos servi\u00e7os. O n\u00e3o cumprimento desta <strong>pol\u00edtica de abuso e anti-SPAM<\/strong> pode resultar na suspens\u00e3o imediata da sua conta e\/ou restri\u00e7\u00e3o de acesso a certos servi\u00e7os para proteger a reputa\u00e7\u00e3o e a efici\u00eancia de nossa plataforma.<\/p>\n\n\n\n<h2 class=\"wp-block-heading\">Defini\u00e7\u00e3o de SPAM e Pol\u00edtica de Consentimento dos Destinat\u00e1rios<\/h2>\n\n\n\n<p>Na MAILRELAY, consideramos SPAM qualquer mensagem n\u00e3o solicitada enviada sem o consentimento expl\u00edcito dos destinat\u00e1rios. Listas compradas, alugadas ou coletadas de maneira n\u00e3o autorizada est\u00e3o estritamente proibidas. Voc\u00ea s\u00f3 pode enviar mensagens para usu\u00e1rios que tenham dado <strong>consentimento informado<\/strong> e confirmado sua inscri\u00e7\u00e3o por meio de um processo de <strong>duplo opt-in<\/strong>.<\/p>\n\n\n\n<h2 class=\"wp-block-heading\">Regras essenciais que voc\u00ea deve seguir:<\/h2>\n\n\n\n<ul class=\"wp-block-list\">\n<li>Voc\u00ea s\u00f3 pode enviar emails para destinat\u00e1rios que tenham solicitado receber seus boletins ou comunica\u00e7\u00f5es.<\/li>\n\n\n\n<li>Voc\u00ea deve ser capaz de fornecer <strong>prova de consentimento<\/strong> de cada um de seus contatos a qualquer momento.<\/li>\n\n\n\n<li>Todos os emails devem incluir um <strong>link de cancelamento de inscri\u00e7\u00e3o vis\u00edvel<\/strong> e de f\u00e1cil uso.<\/li>\n\n\n\n<li>Os destinat\u00e1rios devem ter a possibilidade de cancelar facilmente a inscri\u00e7\u00e3o nas comunica\u00e7\u00f5es, e voc\u00ea deve respeitar sua decis\u00e3o imediatamente.<\/li>\n<\/ul>\n\n\n\n<h2 class=\"wp-block-heading\">Cen\u00e1rios de Abuso e Motivos para Cancelamento do Servi\u00e7o<\/h2>\n\n\n\n<p>Na MAILRELAY, adotamos uma postura clara contra abusos no uso do servi\u00e7o. Qualquer viola\u00e7\u00e3o das seguintes regras pode levar ao<strong> cancelamento indefinido do servi\u00e7o<\/strong>:<\/p>\n\n\n\n<ol start=\"1\" class=\"wp-block-list\">\n<li><strong>Uso de contas gratuitas:<\/strong>\n<ul class=\"wp-block-list\">\n<li>Um cliente pode ter <strong>apenas uma conta gratuita<\/strong>, mesmo que possua v\u00e1rios dom\u00ednios.<\/li>\n\n\n\n<li>Se um cliente migrar para um plano pago, <strong>n\u00e3o poder\u00e1 manter uma conta gratuita adicional<\/strong>.<\/li>\n<\/ul>\n<\/li>\n\n\n\n<li><strong>Condi\u00e7\u00f5es de registro:<\/strong>\n<ul class=\"wp-block-list\">\n<li>Registros usando <strong>hospedagem ou e-mails gratuitos<\/strong> n\u00e3o s\u00e3o permitidos.<\/li>\n\n\n\n<li>Contas com <strong>dom\u00ednios registrados recentemente<\/strong> ou com v\u00e1rias extens\u00f5es do mesmo dom\u00ednio n\u00e3o ser\u00e3o aceitas<\/li>\n\n\n\n<li>Registros sem um <strong>site corporativo<\/strong> vis\u00edvel, com uma pol\u00edtica de privacidade v\u00e1lida e <strong>informa\u00e7\u00f5es de contato reais<\/strong>, est\u00e3o sujeitos a cancelamento.<\/li>\n<\/ul>\n<\/li>\n\n\n\n<li><strong>Uso inadequado de contas gratuitas:<\/strong>\n<ul class=\"wp-block-list\">\n<li>Contas gratuitas n\u00e3o podem enviar <strong>campanhas em nome de outros dom\u00ednios<\/strong>.<\/li>\n\n\n\n<li>Duas contas gratuitas n\u00e3o podem enviar o mesmo boletim. Se v\u00e1rios dom\u00ednios enviarem o mesmo boletim, isso ser\u00e1 considerado abuso e todas as contas associadas ser\u00e3o canceladas.<\/li>\n<\/ul>\n<\/li>\n\n\n\n<li><strong>Altos \u00edndices de SPAM:<\/strong>\n<ul class=\"wp-block-list\">\n<li>Se os <strong>relat\u00f3rios de SPAM forem elevados<\/strong> e causarem o bloqueio do endere\u00e7o IP de sa\u00edda, isso ser\u00e1 motivo para o cancelamento do servi\u00e7o.<\/li>\n<\/ul>\n<\/li>\n\n\n\n<li><strong>Excesso de emails rejeitados:<\/strong>\n<ul class=\"wp-block-list\">\n<li>Se a taxa de rejei\u00e7\u00e3o de emails ultrapassar <strong>25%,<\/strong> isso ser\u00e1 considerado mau uso do servi\u00e7o e motivo para o cancelamento da conta.<\/li>\n<\/ul>\n<\/li>\n\n\n\n<li><strong>Proibi\u00e7\u00e3o de marketing multin\u00edvel:<\/strong>\n<ul class=\"wp-block-list\">\n<li>Contas relacionadas a <strong>esquemas multin\u00edvel ou piramidais<\/strong> n\u00e3o s\u00e3o permitidas, nem atividades n\u00e3o regulamentadas, sejam gratuitas ou pagas.<\/li>\n<\/ul>\n<\/li>\n\n\n\n<li><strong>Cumprimento das regulamenta\u00e7\u00f5es de prote\u00e7\u00e3o de dados:<\/strong>\n<ul class=\"wp-block-list\">\n<li>Os destinat\u00e1rios das campanhas devem ter fornecido seu consentimento por meio de um processo de <strong>duplo opt-in,<\/strong> garantindo que n\u00e3o haja falsifica\u00e7\u00e3o de identidade e que as bases de dados cumpram as regulamenta\u00e7\u00f5es anti-SPAM e de prote\u00e7\u00e3o de dados.<\/li>\n\n\n\n<li>Se for descoberto que os destinat\u00e1rios n\u00e3o forneceram consentimento expl\u00edcito, a conta pode ser <strong>imediatamente bloqueada<\/strong>.<\/li>\n<\/ul>\n<\/li>\n<\/ol>\n\n\n\n<h2 class=\"wp-block-heading\">Conte\u00fados e Ind\u00fastrias Proibidos<\/h2>\n\n\n\n<p>Na MAILRELAY, n\u00e3o permitimos o uso da plataforma para as seguintes atividades ou conte\u00fados:<\/p>\n\n\n\n<ul class=\"wp-block-list\">\n<li><strong>Phishing<\/strong>, not\u00edcias falsas, <strong>atividades ilegais<\/strong> ou n\u00e3o regulamentadas.<\/li>\n\n\n\n<li>Produtos <strong>falsificados<\/strong>, pirataria de software ou materiais perigosos.<\/li>\n\n\n\n<li><strong>Discurso de \u00f3dio<\/strong> ou qualquer forma de linguagem que promova a viol\u00eancia.<\/li>\n\n\n\n<li>Envio de boletims que violem as leis anti-SPAM, como <strong>CAN-SPAM, GDPR, LOPD, ou CASL.<\/strong><\/li>\n\n\n\n<li>Atividades relacionadas a <strong>esquemas piramidais<\/strong>, promessas de &#8220;ficar rico rapidamente&#8221;, ofertas para ganhar dinheiro de forma passiva ou sem esfor\u00e7o, <strong>dietas milagrosas<\/strong> ou <strong>trabalhos a partir de casa<\/strong> sem esfor\u00e7o.<\/li>\n\n\n\n<li>Servi\u00e7os relacionados a <strong>com\u00e9rcio de forex<\/strong>, empr\u00e9stimos, <strong>cobran\u00e7a de d\u00edvidas<\/strong>, <strong>pacotes financeiros, criptomoedas<\/strong> ou <strong>ICO<\/strong>.<\/li>\n\n\n\n<li>Envio de <strong>conte\u00fado sexual expl\u00edcito<\/strong> ou que promova atos sexuais em troca de compensa\u00e7\u00e3o, <strong>drogas <\/strong>(incluindo legais como \u00e1lcool ou tabaco), <strong>apostas<\/strong>, <strong>cassinos <\/strong>e outros jogos, clarivid\u00eancia, adivinha\u00e7\u00e3o, esoterismo, astrologia e <strong>armas <\/strong>(incluindo as n\u00e3o de fogo).<\/li>\n<\/ul>\n\n\n\n<h2 class=\"wp-block-heading\">Penalidades por incumprimento<\/h2>\n\n\n\n<p>O n\u00e3o cumprimento desta pol\u00edtica Anti-SPAM pode resultar em san\u00e7\u00f5es, incluindo a <strong>suspens\u00e3o imediata<\/strong> da conta ou <strong>restri\u00e7\u00e3o de servi\u00e7os<\/strong>, para proteger nossa infraestrutura compartilhada e garantir a qualidade de nossos servi\u00e7os para todos os clientes.<\/p>\n\n\n\n<p><\/p>\n","protected":false},"excerpt":{"rendered":"<p>Na MAILRELAY, mantemos uma pol\u00edtica de toler\u00e2ncia zero contra o SPAM. Acreditamos firmemente que qualquer comunica\u00e7\u00e3o enviada, seja por email ou outros meios, deve ser leg\u00edtima e explicitamente aceita pelos destinat\u00e1rios. Promovemos ativamente essa cren\u00e7a e tomamos as medidas necess\u00e1rias para garantir o cumprimento das regulamenta\u00e7\u00f5es atuais de prote\u00e7\u00e3o de dados e comunica\u00e7\u00f5es eletr\u00f4nicas.Esperamos que [&hellip;]<\/p>\n","protected":false},"author":59,"featured_media":0,"parent":0,"menu_order":0,"comment_status":"closed","ping_status":"closed","template":"","meta":{"_uag_custom_page_level_css":"","footnotes":""},"class_list":["post-82366","page","type-page","status-publish","hentry"],"yoast_head":"<!-- This site is optimized with the Yoast SEO plugin v27.0 - https:\/\/yoast.com\/product\/yoast-seo-wordpress\/ -->\n<title>Pol\u00edtica de abuso e anti-SPAM - Mailrelay<\/title>\n<meta name=\"robots\" content=\"index, follow, max-snippet:-1, max-image-preview:large, max-video-preview:-1\" \/>\n<link rel=\"canonical\" href=\"https:\/\/mailrelay.com\/pt\/politica-anti-spam\/\" \/>\n<meta property=\"og:locale\" content=\"pt_BR\" \/>\n<meta property=\"og:type\" content=\"article\" \/>\n<meta property=\"og:title\" content=\"Pol\u00edtica de abuso e anti-SPAM - Mailrelay\" \/>\n<meta property=\"og:description\" content=\"Na MAILRELAY, mantemos uma pol\u00edtica de toler\u00e2ncia zero contra o SPAM. Acreditamos firmemente que qualquer comunica\u00e7\u00e3o enviada, seja por email ou outros meios, deve ser leg\u00edtima e explicitamente aceita pelos destinat\u00e1rios. Promovemos ativamente essa cren\u00e7a e tomamos as medidas necess\u00e1rias para garantir o cumprimento das regulamenta\u00e7\u00f5es atuais de prote\u00e7\u00e3o de dados e comunica\u00e7\u00f5es eletr\u00f4nicas.Esperamos que [&hellip;]\" \/>\n<meta property=\"og:url\" content=\"https:\/\/mailrelay.com\/pt\/politica-anti-spam\/\" \/>\n<meta property=\"og:site_name\" content=\"Mailrelay\" \/>\n<meta property=\"article:publisher\" content=\"https:\/\/www.facebook.com\/Mailrelay\/\" \/>\n<meta property=\"article:modified_time\" content=\"2025-01-16T07:51:59+00:00\" \/>\n<meta name=\"twitter:card\" content=\"summary_large_image\" \/>\n<meta name=\"twitter:site\" content=\"@mailrelay\" \/>\n<meta name=\"twitter:label1\" content=\"Est. tempo de leitura\" \/>\n\t<meta name=\"twitter:data1\" content=\"4 minutos\" \/>\n<script type=\"application\/ld+json\" class=\"yoast-schema-graph\">{\"@context\":\"https:\/\/schema.org\",\"@graph\":[{\"@type\":\"WebPage\",\"@id\":\"https:\/\/mailrelay.com\/pt\/politica-anti-spam\/\",\"url\":\"https:\/\/mailrelay.com\/pt\/politica-anti-spam\/\",\"name\":\"Pol\u00edtica de abuso e anti-SPAM - Mailrelay\",\"isPartOf\":{\"@id\":\"https:\/\/mailrelay.com\/pt\/#website\"},\"datePublished\":\"2024-12-12T12:12:29+00:00\",\"dateModified\":\"2025-01-16T07:51:59+00:00\",\"breadcrumb\":{\"@id\":\"https:\/\/mailrelay.com\/pt\/politica-anti-spam\/#breadcrumb\"},\"inLanguage\":\"pt-BR\",\"potentialAction\":[{\"@type\":\"ReadAction\",\"target\":[\"https:\/\/mailrelay.com\/pt\/politica-anti-spam\/\"]}]},{\"@type\":\"BreadcrumbList\",\"@id\":\"https:\/\/mailrelay.com\/pt\/politica-anti-spam\/#breadcrumb\",\"itemListElement\":[{\"@type\":\"ListItem\",\"position\":1,\"name\":\"Home\",\"item\":\"https:\/\/mailrelay.com\/pt\/\"},{\"@type\":\"ListItem\",\"position\":2,\"name\":\"Pol\u00edtica de abuso e anti-SPAM\"}]},{\"@type\":\"WebSite\",\"@id\":\"https:\/\/mailrelay.com\/pt\/#website\",\"url\":\"https:\/\/mailrelay.com\/pt\/\",\"name\":\"Mailrelay\",\"description\":\"Mailrelay.com - Email Marketing Software\",\"publisher\":{\"@id\":\"https:\/\/mailrelay.com\/pt\/#organization\"},\"potentialAction\":[{\"@type\":\"SearchAction\",\"target\":{\"@type\":\"EntryPoint\",\"urlTemplate\":\"https:\/\/mailrelay.com\/pt\/?s={search_term_string}\"},\"query-input\":{\"@type\":\"PropertyValueSpecification\",\"valueRequired\":true,\"valueName\":\"search_term_string\"}}],\"inLanguage\":\"pt-BR\"},{\"@type\":\"Organization\",\"@id\":\"https:\/\/mailrelay.com\/pt\/#organization\",\"name\":\"Mailrelay\",\"url\":\"https:\/\/mailrelay.com\/pt\/\",\"logo\":{\"@type\":\"ImageObject\",\"inLanguage\":\"pt-BR\",\"@id\":\"https:\/\/mailrelay.com\/pt\/#\/schema\/logo\/image\/\",\"url\":\"https:\/\/mailrelay.com\/wp-content\/uploads\/2019\/05\/mailrelay-logo.jpg\",\"contentUrl\":\"https:\/\/mailrelay.com\/wp-content\/uploads\/2019\/05\/mailrelay-logo.jpg\",\"width\":613,\"height\":291,\"caption\":\"Mailrelay\"},\"image\":{\"@id\":\"https:\/\/mailrelay.com\/pt\/#\/schema\/logo\/image\/\"},\"sameAs\":[\"https:\/\/www.facebook.com\/Mailrelay\/\",\"https:\/\/x.com\/mailrelay\",\"https:\/\/www.youtube.com\/mailrelay-email-marketing\"]}]}<\/script>\n<!-- \/ Yoast SEO plugin. -->","yoast_head_json":{"title":"Pol\u00edtica de abuso e anti-SPAM - Mailrelay","robots":{"index":"index","follow":"follow","max-snippet":"max-snippet:-1","max-image-preview":"max-image-preview:large","max-video-preview":"max-video-preview:-1"},"canonical":"https:\/\/mailrelay.com\/pt\/politica-anti-spam\/","og_locale":"pt_BR","og_type":"article","og_title":"Pol\u00edtica de abuso e anti-SPAM - Mailrelay","og_description":"Na MAILRELAY, mantemos uma pol\u00edtica de toler\u00e2ncia zero contra o SPAM. Acreditamos firmemente que qualquer comunica\u00e7\u00e3o enviada, seja por email ou outros meios, deve ser leg\u00edtima e explicitamente aceita pelos destinat\u00e1rios. Promovemos ativamente essa cren\u00e7a e tomamos as medidas necess\u00e1rias para garantir o cumprimento das regulamenta\u00e7\u00f5es atuais de prote\u00e7\u00e3o de dados e comunica\u00e7\u00f5es eletr\u00f4nicas.Esperamos que [&hellip;]","og_url":"https:\/\/mailrelay.com\/pt\/politica-anti-spam\/","og_site_name":"Mailrelay","article_publisher":"https:\/\/www.facebook.com\/Mailrelay\/","article_modified_time":"2025-01-16T07:51:59+00:00","twitter_card":"summary_large_image","twitter_site":"@mailrelay","twitter_misc":{"Est. tempo de leitura":"4 minutos"},"schema":{"@context":"https:\/\/schema.org","@graph":[{"@type":"WebPage","@id":"https:\/\/mailrelay.com\/pt\/politica-anti-spam\/","url":"https:\/\/mailrelay.com\/pt\/politica-anti-spam\/","name":"Pol\u00edtica de abuso e anti-SPAM - Mailrelay","isPartOf":{"@id":"https:\/\/mailrelay.com\/pt\/#website"},"datePublished":"2024-12-12T12:12:29+00:00","dateModified":"2025-01-16T07:51:59+00:00","breadcrumb":{"@id":"https:\/\/mailrelay.com\/pt\/politica-anti-spam\/#breadcrumb"},"inLanguage":"pt-BR","potentialAction":[{"@type":"ReadAction","target":["https:\/\/mailrelay.com\/pt\/politica-anti-spam\/"]}]},{"@type":"BreadcrumbList","@id":"https:\/\/mailrelay.com\/pt\/politica-anti-spam\/#breadcrumb","itemListElement":[{"@type":"ListItem","position":1,"name":"Home","item":"https:\/\/mailrelay.com\/pt\/"},{"@type":"ListItem","position":2,"name":"Pol\u00edtica de abuso e anti-SPAM"}]},{"@type":"WebSite","@id":"https:\/\/mailrelay.com\/pt\/#website","url":"https:\/\/mailrelay.com\/pt\/","name":"Mailrelay","description":"Mailrelay.com - Email Marketing Software","publisher":{"@id":"https:\/\/mailrelay.com\/pt\/#organization"},"potentialAction":[{"@type":"SearchAction","target":{"@type":"EntryPoint","urlTemplate":"https:\/\/mailrelay.com\/pt\/?s={search_term_string}"},"query-input":{"@type":"PropertyValueSpecification","valueRequired":true,"valueName":"search_term_string"}}],"inLanguage":"pt-BR"},{"@type":"Organization","@id":"https:\/\/mailrelay.com\/pt\/#organization","name":"Mailrelay","url":"https:\/\/mailrelay.com\/pt\/","logo":{"@type":"ImageObject","inLanguage":"pt-BR","@id":"https:\/\/mailrelay.com\/pt\/#\/schema\/logo\/image\/","url":"https:\/\/mailrelay.com\/wp-content\/uploads\/2019\/05\/mailrelay-logo.jpg","contentUrl":"https:\/\/mailrelay.com\/wp-content\/uploads\/2019\/05\/mailrelay-logo.jpg","width":613,"height":291,"caption":"Mailrelay"},"image":{"@id":"https:\/\/mailrelay.com\/pt\/#\/schema\/logo\/image\/"},"sameAs":["https:\/\/www.facebook.com\/Mailrelay\/","https:\/\/x.com\/mailrelay","https:\/\/www.youtube.com\/mailrelay-email-marketing"]}]}},"uagb_featured_image_src":{"full":false,"thumbnail":false,"medium":false,"medium_large":false,"large":false,"1536x1536":false,"2048x2048":false,"testimonials":false,"author-image":false,"yarpp-thumbnail":false},"uagb_author_info":{"display_name":"Alicia Silgado","author_link":"https:\/\/mailrelay.com\/pt\/blog\/author\/alicia\/"},"uagb_comment_info":0,"uagb_excerpt":"Na MAILRELAY, mantemos uma pol\u00edtica de toler\u00e2ncia zero contra o SPAM. Acreditamos firmemente que qualquer comunica\u00e7\u00e3o enviada, seja por email ou outros meios, deve ser leg\u00edtima e explicitamente aceita pelos destinat\u00e1rios. Promovemos ativamente essa cren\u00e7a e tomamos as medidas necess\u00e1rias para garantir o cumprimento das regulamenta\u00e7\u00f5es atuais de prote\u00e7\u00e3o de dados e comunica\u00e7\u00f5es eletr\u00f4nicas.Esperamos que&hellip;","_links":{"self":[{"href":"https:\/\/mailrelay.com\/pt\/wp-json\/wp\/v2\/pages\/82366","targetHints":{"allow":["GET"]}}],"collection":[{"href":"https:\/\/mailrelay.com\/pt\/wp-json\/wp\/v2\/pages"}],"about":[{"href":"https:\/\/mailrelay.com\/pt\/wp-json\/wp\/v2\/types\/page"}],"author":[{"embeddable":true,"href":"https:\/\/mailrelay.com\/pt\/wp-json\/wp\/v2\/users\/59"}],"replies":[{"embeddable":true,"href":"https:\/\/mailrelay.com\/pt\/wp-json\/wp\/v2\/comments?post=82366"}],"version-history":[{"count":6,"href":"https:\/\/mailrelay.com\/pt\/wp-json\/wp\/v2\/pages\/82366\/revisions"}],"predecessor-version":[{"id":83432,"href":"https:\/\/mailrelay.com\/pt\/wp-json\/wp\/v2\/pages\/82366\/revisions\/83432"}],"wp:attachment":[{"href":"https:\/\/mailrelay.com\/pt\/wp-json\/wp\/v2\/media?parent=82366"}],"curies":[{"name":"wp","href":"https:\/\/api.w.org\/{rel}","templated":true}]}}